{"id":113625,"date":"2026-05-05T11:47:03","date_gmt":"2026-05-05T14:47:03","guid":{"rendered":"https:\/\/www.hediyepazar.com\/?product=kulak-ve-burun-tirasina-uygun-profesyonel-tiras-makinesi-2"},"modified":"2026-05-05T11:47:03","modified_gmt":"2026-05-05T14:47:03","slug":"kulak-ve-burun-tirasina-uygun-profesyonel-tiras-makinesi-2","status":"publish","type":"product","link":"https:\/\/www.hediyepazar.com\/?product=kulak-ve-burun-tirasina-uygun-profesyonel-tiras-makinesi-2","title":{"rendered":"Kulak Ve Burun T\u0131ra\u015f\u0131na Uygun Profesyonel T\u0131ra\u015f Makinesi"},"content":{"rendered":"<p>Erkek bak\u0131m seti, her detayda profesyonel kalitede bak\u0131m sunmak i\u00e7in tasarlanm\u0131\u015ft\u0131r. Set, s\u0131f\u0131r kesim ba\u015fl\u0131\u011f\u0131, ayarlanabilir tarakl\u0131 ba\u015fl\u0131k ve hassas ba\u015fl\u0131k olmak \u00fczere \u00fc\u00e7 farkl\u0131 ba\u015fl\u0131\u011fa sahiptir. S\u0131f\u0131r kesim ba\u015fl\u0131\u011f\u0131, kesin ve p\u00fcr\u00fczs\u00fcz bir kesim i\u00e7in m\u00fckemmel bir se\u00e7imdir. Ayarlanabilir ba\u015fl\u0131k ise sa\u00e7 uzunlu\u011funu ayarlamak isteyen kullan\u0131c\u0131lar i\u00e7in pratik bir \u00e7\u00f6z\u00fcm sunar. Hassas ba\u015fl\u0131k, burun ve kulak gibi hassas b\u00f6lgelerde t\u0131ra\u015f yapmay\u0131 kolayla\u015ft\u0131r\u0131r. G\u00fc\u00e7l\u00fc motoru sayesinde, t\u00fcm bu ba\u015fl\u0131klar y\u00fcksek verimle \u00e7al\u0131\u015f\u0131r ve kusursuz bir t\u0131ra\u015f deneyimi sunar. \u00dcr\u00fcn\u00fcn \u00f6nemli \u00f6zelliklerinden biri de cilt dostu yap\u0131s\u0131d\u0131r. Cilt tahri\u015fi olu\u015fturmaz ve t\u0131ra\u015f sonras\u0131nda olu\u015fabilecek k\u0131zar\u0131kl\u0131klar\u0131 engeller. Ayn\u0131 zamanda, cihaz\u0131n ergonomik yap\u0131s\u0131, kullan\u0131c\u0131lar\u0131n cihaz\u0131 rahat\u00e7a kullanabilmesini sa\u011flar. Kolayca tak\u0131l\u0131p \u00e7\u0131kar\u0131labilen ba\u015fl\u0131klar, kullan\u0131c\u0131ya zaman kazand\u0131r\u0131r ve t\u0131ra\u015f sonras\u0131 temizli\u011fi olduk\u00e7a basit hale getirir. Bak\u0131m setinin i\u00e7eri\u011finde bulunan \u00f6zel f\u0131r\u00e7a, cihaz\u0131n hijyenini sa\u011flamak i\u00e7in idealdir. Setin g\u00fc\u00e7l\u00fc performans\u0131 ve hijyenik kullan\u0131m \u00f6zellikleriyle her kullan\u0131c\u0131 profesyonel bir t\u0131ra\u015f deneyimi ya\u015fayacakt\u0131r.<\/p>\n","protected":false},"excerpt":{"rendered":"<p>Erkek bak\u0131m seti, her detayda profesyonel kalitede bak\u0131m sunmak i\u00e7in tasarlanm\u0131\u015ft\u0131r. Set, s\u0131f\u0131r kesim ba\u015fl\u0131\u011f\u0131, ayarlanabilir tarakl\u0131 ba\u015fl\u0131k ve hassas ba\u015fl\u0131k olmak \u00fczere \u00fc\u00e7 farkl\u0131 ba\u015fl\u0131\u011fa sahiptir. S\u0131f\u0131r kesim ba\u015fl\u0131\u011f\u0131, kesin ve p\u00fcr\u00fczs\u00fcz bir kesim i\u00e7in m\u00fckemmel bir se\u00e7imdir. Ayarlanabilir ba\u015fl\u0131k ise sa\u00e7 uzunlu\u011funu ayarlamak isteyen kullan\u0131c\u0131lar i\u00e7in pratik bir \u00e7\u00f6z\u00fcm sunar. Hassas ba\u015fl\u0131k, burun&#8230;<\/p>\n","protected":false},"featured_media":113624,"comment_status":"open","ping_status":"closed","template":"","meta":{"_kad_post_transparent":"","_kad_post_title":"","_kad_post_layout":"","_kad_post_sidebar_id":"","_kad_post_content_style":"","_kad_post_vertical_padding":"","_kad_post_feature":"","_kad_post_feature_position":"","_kad_post_header":false,"_kad_post_footer":false,"_kad_post_classname":""},"product_brand":[],"product_cat":[14925],"product_tag":[],"class_list":{"0":"post-113625","1":"product","2":"type-product","3":"status-publish","4":"has-post-thumbnail","6":"product_cat-tiras-makinesi-tiras-makinesi","8":"first","9":"instock","10":"purchasable","11":"product-type-simple","12":"entry","13":"content-bg","14":"loop-entry"},"_links":{"self":[{"href":"https:\/\/www.hediyepazar.com\/index.php?rest_route=\/wp\/v2\/product\/113625","targetHints":{"allow":["GET"]}}],"collection":[{"href":"https:\/\/www.hediyepazar.com\/index.php?rest_route=\/wp\/v2\/product"}],"about":[{"href":"https:\/\/www.hediyepazar.com\/index.php?rest_route=\/wp\/v2\/types\/product"}],"replies":[{"embeddable":true,"href":"https:\/\/www.hediyepazar.com\/index.php?rest_route=%2Fwp%2Fv2%2Fcomments&post=113625"}],"wp:featuredmedia":[{"embeddable":true,"href":"https:\/\/www.hediyepazar.com\/index.php?rest_route=\/wp\/v2\/media\/113624"}],"wp:attachment":[{"href":"https:\/\/www.hediyepazar.com\/index.php?rest_route=%2Fwp%2Fv2%2Fmedia&parent=113625"}],"wp:term":[{"taxonomy":"product_brand","embeddable":true,"href":"https:\/\/www.hediyepazar.com\/index.php?rest_route=%2Fwp%2Fv2%2Fproduct_brand&post=113625"},{"taxonomy":"product_cat","embeddable":true,"href":"https:\/\/www.hediyepazar.com\/index.php?rest_route=%2Fwp%2Fv2%2Fproduct_cat&post=113625"},{"taxonomy":"product_tag","embeddable":true,"href":"https:\/\/www.hediyepazar.com\/index.php?rest_route=%2Fwp%2Fv2%2Fproduct_tag&post=113625"}],"curies":[{"name":"wp","href":"https:\/\/api.w.org\/{rel}","templated":true}]}}