{"id":113633,"date":"2026-05-05T11:47:28","date_gmt":"2026-05-05T14:47:28","guid":{"rendered":"https:\/\/www.hediyepazar.com\/?product=profesyonel-sarjli-sac-ve-sakal-sekillendirici-cizik-tiras-makinesi-2"},"modified":"2026-05-05T11:47:28","modified_gmt":"2026-05-05T14:47:28","slug":"profesyonel-sarjli-sac-ve-sakal-sekillendirici-cizik-tiras-makinesi-2","status":"publish","type":"product","link":"https:\/\/www.hediyepazar.com\/?product=profesyonel-sarjli-sac-ve-sakal-sekillendirici-cizik-tiras-makinesi-2","title":{"rendered":"Profesyonel \u015earjl\u0131 Sa\u00e7 ve Sakal \u015eekillendirici \u00c7izik T\u0131ra\u015f Makinesi"},"content":{"rendered":"<p>\u015earj Edilebilir Profesyonel Sa\u00e7\/Sakal \u015eekillendirici, g\u00fc\u00e7l\u00fc f\u0131r\u00e7as\u0131z yeni nesil motoruyla evde profesyonel kuaf\u00f6r performans\u0131 sunar. 120 dakikaya kadar kesintisiz kullan\u0131m sa\u011flayan 1400 mAh lityum pil, uzun s\u00fcreli ve g\u00fcvenilir bir deneyim sunar. Y\u00fcksek devirli motoru sayesinde h\u0131zl\u0131 ve etkili kesim imkan\u0131 tan\u0131yan cihaz, t\u00fcm v\u00fccut b\u00f6lgelerinde kullan\u0131labilen aksesuarlarla donat\u0131lm\u0131\u015ft\u0131r.Makinenin ergonomik tasar\u0131m\u0131 ve kolay s\u00f6k\u00fclebilir b\u0131\u00e7aklar\u0131, hijyenik kullan\u0131m ve temizlik a\u00e7\u0131s\u0131ndan b\u00fcy\u00fck kolayl\u0131k sa\u011flar. G\u00fc\u00e7l\u00fc T \u00e7elik b\u0131\u00e7a\u011f\u0131 sayesinde hem sa\u00e7 hem de sakal t\u0131ra\u015f\u0131 i\u00e7in m\u00fckemmel bir uyum sa\u011flar. Kablolu ve kablosuz kullan\u0131m se\u00e7ene\u011fi, cihaz\u0131 hem evde hem de seyahatlerde pratik hale getirir. 14 cm x 4 cm boyutlar\u0131yla kompakt ve ta\u015f\u0131nabilir bir tasar\u0131ma sahiptir.Hem profesyonel berberler hem de ev kullan\u0131c\u0131lar\u0131 i\u00e7in ideal olan bu cihaz, sessiz \u00e7al\u0131\u015fmas\u0131yla dikkat \u00e7eker. \u015e\u0131k tasar\u0131m\u0131 ve dayan\u0131kl\u0131 yap\u0131s\u0131yla uzun \u00f6m\u00fcrl\u00fc bir performans sunar. Sa\u00e7 ve sakal \u015fekillendirme i\u015flemlerinizi pratik bir \u015fekilde ger\u00e7ekle\u015ftirirken, y\u00fcksek hassasiyetli kesimiyle konforlu bir deneyim ya\u015fat\u0131r.<\/p>\n","protected":false},"excerpt":{"rendered":"<p>\u015earj Edilebilir Profesyonel Sa\u00e7\/Sakal \u015eekillendirici, g\u00fc\u00e7l\u00fc f\u0131r\u00e7as\u0131z yeni nesil motoruyla evde profesyonel kuaf\u00f6r performans\u0131 sunar. 120 dakikaya kadar kesintisiz kullan\u0131m sa\u011flayan 1400 mAh lityum pil, uzun s\u00fcreli ve g\u00fcvenilir bir deneyim sunar. Y\u00fcksek devirli motoru sayesinde h\u0131zl\u0131 ve etkili kesim imkan\u0131 tan\u0131yan cihaz, t\u00fcm v\u00fccut b\u00f6lgelerinde kullan\u0131labilen aksesuarlarla donat\u0131lm\u0131\u015ft\u0131r.Makinenin ergonomik tasar\u0131m\u0131 ve kolay s\u00f6k\u00fclebilir b\u0131\u00e7aklar\u0131,&#8230;<\/p>\n","protected":false},"featured_media":113632,"comment_status":"open","ping_status":"closed","template":"","meta":{"_kad_post_transparent":"","_kad_post_title":"","_kad_post_layout":"","_kad_post_sidebar_id":"","_kad_post_content_style":"","_kad_post_vertical_padding":"","_kad_post_feature":"","_kad_post_feature_position":"","_kad_post_header":false,"_kad_post_footer":false,"_kad_post_classname":""},"product_brand":[],"product_cat":[14925],"product_tag":[],"class_list":{"0":"post-113633","1":"product","2":"type-product","3":"status-publish","4":"has-post-thumbnail","6":"product_cat-tiras-makinesi-tiras-makinesi","8":"first","9":"instock","10":"purchasable","11":"product-type-simple","12":"entry","13":"content-bg","14":"loop-entry"},"_links":{"self":[{"href":"https:\/\/www.hediyepazar.com\/index.php?rest_route=\/wp\/v2\/product\/113633","targetHints":{"allow":["GET"]}}],"collection":[{"href":"https:\/\/www.hediyepazar.com\/index.php?rest_route=\/wp\/v2\/product"}],"about":[{"href":"https:\/\/www.hediyepazar.com\/index.php?rest_route=\/wp\/v2\/types\/product"}],"replies":[{"embeddable":true,"href":"https:\/\/www.hediyepazar.com\/index.php?rest_route=%2Fwp%2Fv2%2Fcomments&post=113633"}],"wp:featuredmedia":[{"embeddable":true,"href":"https:\/\/www.hediyepazar.com\/index.php?rest_route=\/wp\/v2\/media\/113632"}],"wp:attachment":[{"href":"https:\/\/www.hediyepazar.com\/index.php?rest_route=%2Fwp%2Fv2%2Fmedia&parent=113633"}],"wp:term":[{"taxonomy":"product_brand","embeddable":true,"href":"https:\/\/www.hediyepazar.com\/index.php?rest_route=%2Fwp%2Fv2%2Fproduct_brand&post=113633"},{"taxonomy":"product_cat","embeddable":true,"href":"https:\/\/www.hediyepazar.com\/index.php?rest_route=%2Fwp%2Fv2%2Fproduct_cat&post=113633"},{"taxonomy":"product_tag","embeddable":true,"href":"https:\/\/www.hediyepazar.com\/index.php?rest_route=%2Fwp%2Fv2%2Fproduct_tag&post=113633"}],"curies":[{"name":"wp","href":"https:\/\/api.w.org\/{rel}","templated":true}]}}