{"id":113635,"date":"2026-05-05T11:47:35","date_gmt":"2026-05-05T14:47:35","guid":{"rendered":"https:\/\/www.hediyepazar.com\/?product=uzun-omurlu-tasinabilir-profesyonel-tiras-makinesi-2"},"modified":"2026-05-05T11:47:35","modified_gmt":"2026-05-05T14:47:35","slug":"uzun-omurlu-tasinabilir-profesyonel-tiras-makinesi-2","status":"publish","type":"product","link":"https:\/\/www.hediyepazar.com\/?product=uzun-omurlu-tasinabilir-profesyonel-tiras-makinesi-2","title":{"rendered":"Uzun \u00d6m\u00fcrl\u00fc Ta\u015f\u0131nabilir Profesyonel T\u0131ra\u015f Makinesi"},"content":{"rendered":"<p>Bu t\u0131ra\u015f makinesi, sadece bir cihaz de\u011fil, ayn\u0131 zamanda ki\u015fisel bak\u0131m rutininizi d\u00f6n\u00fc\u015ft\u00fcren bir \u00e7\u00f6z\u00fcm sunar. Sa\u00e7 ve sakal t\u0131ra\u015f\u0131nda maksimum hassasiyet ve profesyonel sonu\u00e7lar elde etmenizi sa\u011flar. Ayarlanabilir kesim ba\u015fl\u0131klar\u0131, farkl\u0131 uzunluklardaki sa\u00e7 ve sakallarda istedi\u011finiz stili yaratman\u0131za imkan tan\u0131r. Ergonomik ve hafif tasar\u0131m\u0131 sayesinde cihaz\u0131 uzun s\u00fcre rahat\u00e7a kullanabilirsiniz.Makinenin g\u00fc\u00e7l\u00fc motoru, h\u0131zl\u0131 ve etkili kesim sa\u011flar. Cilt dostu b\u0131\u00e7aklar\u0131, tahri\u015fi \u00f6nlerken yumu\u015fak bir t\u0131ra\u015f deneyimi sunar. \u0130ster g\u00fcnl\u00fck bak\u0131m\u0131n\u0131z i\u00e7in ister \u00f6zel bir etkinlik \u00f6ncesi haz\u0131rlan\u0131rken, bu cihaz her ihtiyac\u0131n\u0131z\u0131 kar\u015f\u0131lar. Uzun \u00f6m\u00fcrl\u00fc bataryas\u0131, tek bir \u015farjla 4-6 saat aras\u0131nda kesintisiz kullan\u0131m sunar, b\u00f6ylece bak\u0131m\u0131n\u0131z\u0131 istedi\u011finiz yerde yapabilirsiniz. Kolay temizlenebilir ba\u015fl\u0131klar\u0131 ve pratik bak\u0131m kitinin yan\u0131 s\u0131ra dayan\u0131kl\u0131 malzeme yap\u0131s\u0131 ile uzun y\u0131llar boyunca yan\u0131n\u0131zda olacak.T\u0131ra\u015f sonras\u0131 cildinizde olu\u015fabilecek k\u0131zar\u0131kl\u0131k ve tahri\u015fleri en aza indiren bu \u00fcr\u00fcn, hayat\u0131n\u0131za pratiklik ve estetik katacak. Yan\u0131n\u0131zda kolayca ta\u015f\u0131yabilece\u011finiz hafif tasar\u0131m\u0131, \u015f\u0131k g\u00f6r\u00fcn\u00fcm\u00fc ve i\u015flevselli\u011fi ile hem g\u00fcnl\u00fck hem de profesyonel kullan\u0131m i\u00e7in m\u00fckemmel bir se\u00e7enek!<\/p>\n","protected":false},"excerpt":{"rendered":"<p>Bu t\u0131ra\u015f makinesi, sadece bir cihaz de\u011fil, ayn\u0131 zamanda ki\u015fisel bak\u0131m rutininizi d\u00f6n\u00fc\u015ft\u00fcren bir \u00e7\u00f6z\u00fcm sunar. Sa\u00e7 ve sakal t\u0131ra\u015f\u0131nda maksimum hassasiyet ve profesyonel sonu\u00e7lar elde etmenizi sa\u011flar. Ayarlanabilir kesim ba\u015fl\u0131klar\u0131, farkl\u0131 uzunluklardaki sa\u00e7 ve sakallarda istedi\u011finiz stili yaratman\u0131za imkan tan\u0131r. Ergonomik ve hafif tasar\u0131m\u0131 sayesinde cihaz\u0131 uzun s\u00fcre rahat\u00e7a kullanabilirsiniz.Makinenin g\u00fc\u00e7l\u00fc motoru, h\u0131zl\u0131 ve&#8230;<\/p>\n","protected":false},"featured_media":113634,"comment_status":"open","ping_status":"closed","template":"","meta":{"_kad_post_transparent":"","_kad_post_title":"","_kad_post_layout":"","_kad_post_sidebar_id":"","_kad_post_content_style":"","_kad_post_vertical_padding":"","_kad_post_feature":"","_kad_post_feature_position":"","_kad_post_header":false,"_kad_post_footer":false,"_kad_post_classname":""},"product_brand":[],"product_cat":[14925],"product_tag":[],"class_list":{"0":"post-113635","1":"product","2":"type-product","3":"status-publish","4":"has-post-thumbnail","6":"product_cat-tiras-makinesi-tiras-makinesi","8":"first","9":"instock","10":"purchasable","11":"product-type-simple","12":"entry","13":"content-bg","14":"loop-entry"},"_links":{"self":[{"href":"https:\/\/www.hediyepazar.com\/index.php?rest_route=\/wp\/v2\/product\/113635","targetHints":{"allow":["GET"]}}],"collection":[{"href":"https:\/\/www.hediyepazar.com\/index.php?rest_route=\/wp\/v2\/product"}],"about":[{"href":"https:\/\/www.hediyepazar.com\/index.php?rest_route=\/wp\/v2\/types\/product"}],"replies":[{"embeddable":true,"href":"https:\/\/www.hediyepazar.com\/index.php?rest_route=%2Fwp%2Fv2%2Fcomments&post=113635"}],"wp:featuredmedia":[{"embeddable":true,"href":"https:\/\/www.hediyepazar.com\/index.php?rest_route=\/wp\/v2\/media\/113634"}],"wp:attachment":[{"href":"https:\/\/www.hediyepazar.com\/index.php?rest_route=%2Fwp%2Fv2%2Fmedia&parent=113635"}],"wp:term":[{"taxonomy":"product_brand","embeddable":true,"href":"https:\/\/www.hediyepazar.com\/index.php?rest_route=%2Fwp%2Fv2%2Fproduct_brand&post=113635"},{"taxonomy":"product_cat","embeddable":true,"href":"https:\/\/www.hediyepazar.com\/index.php?rest_route=%2Fwp%2Fv2%2Fproduct_cat&post=113635"},{"taxonomy":"product_tag","embeddable":true,"href":"https:\/\/www.hediyepazar.com\/index.php?rest_route=%2Fwp%2Fv2%2Fproduct_tag&post=113635"}],"curies":[{"name":"wp","href":"https:\/\/api.w.org\/{rel}","templated":true}]}}