{"id":113639,"date":"2026-05-05T11:47:47","date_gmt":"2026-05-05T14:47:47","guid":{"rendered":"https:\/\/www.hediyepazar.com\/?product=profesyonel-sarjli-sac-ve-sakal-tiras-makinesi-hassas-kesim-2"},"modified":"2026-05-05T11:47:47","modified_gmt":"2026-05-05T14:47:47","slug":"profesyonel-sarjli-sac-ve-sakal-tiras-makinesi-hassas-kesim-2","status":"publish","type":"product","link":"https:\/\/www.hediyepazar.com\/?product=profesyonel-sarjli-sac-ve-sakal-tiras-makinesi-hassas-kesim-2","title":{"rendered":"Profesyonel \u015earjl\u0131 Sa\u00e7 ve Sakal T\u0131ra\u015f Makinesi Hassas Kesim"},"content":{"rendered":"<p>Ki\u015fisel bak\u0131m\u0131n\u0131za profesyonel bir dokunu\u015f katmak isteyenler i\u00e7in tasarlanm\u0131\u015f olan \u015farjl\u0131 sa\u00e7 ve sakal t\u0131ra\u015f makinesi, yenilik\u00e7i \u00f6zellikleriyle dikkat \u00e7ekiyor. Modern ve ergonomik tasar\u0131m\u0131, kullan\u0131m s\u0131ras\u0131nda maksimum konfor sa\u011flar. 3D \u00f6zellikli hassas \u00e7elik b\u0131\u00e7aklar\u0131, sa\u00e7 ve sakal kesiminde kusursuz sonu\u00e7lar elde etmenize yard\u0131mc\u0131 olur. Y\u00fcksek performansl\u0131 motoru, h\u0131zl\u0131 ve etkili bir t\u0131ra\u015f deneyimi sunarken sessiz \u00e7al\u0131\u015fma \u00f6zelli\u011fiyle rahats\u0131zl\u0131k yaratmaz. Uzun s\u00fcreli dayan\u0131kl\u0131l\u0131k i\u00e7in tasarlanan keskin b\u0131\u00e7aklar, uzun y\u0131llar boyunca performans\u0131n\u0131 korur ve her seferinde p\u00fcr\u00fczs\u00fcz bir sonu\u00e7 sa\u011flar.Cihaz, \u015farjl\u0131 yap\u0131s\u0131 sayesinde kablo karma\u015fas\u0131n\u0131 ortadan kald\u0131rarak, hareket \u00f6zg\u00fcrl\u00fc\u011f\u00fc sunar. Y\u00fcksek kapasiteli \u015farj edilebilir pili, 4-6 saat aras\u0131 kesintisiz kullan\u0131m sa\u011flar ve \u015farj edilmesi yaln\u0131zca birka\u00e7 saat s\u00fcrer. Kesim aral\u0131\u011f\u0131n\u0131 ki\u015fiselle\u015ftirebilmeniz i\u00e7in kutusunda farkl\u0131 uzunluklara uygun tarak ba\u015fl\u0131klar\u0131 mevcuttur. 1 mm\u2019den 12 mm\u2019ye kadar hassas kesimler yaparak farkl\u0131 stiller yaratabilirsiniz. Ayr\u0131ca v\u00fccut t\u00fcylerini almak i\u00e7in de uygun olan bu makine, \u00e7ok y\u00f6nl\u00fc kullan\u0131m sunar. Kolay temizlik i\u00e7in \u00e7\u0131kar\u0131labilir ba\u015fl\u0131klar\u0131 ve bak\u0131m ya\u011f\u0131yla birlikte gelir.<\/p>\n","protected":false},"excerpt":{"rendered":"<p>Ki\u015fisel bak\u0131m\u0131n\u0131za profesyonel bir dokunu\u015f katmak isteyenler i\u00e7in tasarlanm\u0131\u015f olan \u015farjl\u0131 sa\u00e7 ve sakal t\u0131ra\u015f makinesi, yenilik\u00e7i \u00f6zellikleriyle dikkat \u00e7ekiyor. Modern ve ergonomik tasar\u0131m\u0131, kullan\u0131m s\u0131ras\u0131nda maksimum konfor sa\u011flar. 3D \u00f6zellikli hassas \u00e7elik b\u0131\u00e7aklar\u0131, sa\u00e7 ve sakal kesiminde kusursuz sonu\u00e7lar elde etmenize yard\u0131mc\u0131 olur. Y\u00fcksek performansl\u0131 motoru, h\u0131zl\u0131 ve etkili bir t\u0131ra\u015f deneyimi sunarken sessiz&#8230;<\/p>\n","protected":false},"featured_media":113638,"comment_status":"open","ping_status":"closed","template":"","meta":{"_kad_post_transparent":"","_kad_post_title":"","_kad_post_layout":"","_kad_post_sidebar_id":"","_kad_post_content_style":"","_kad_post_vertical_padding":"","_kad_post_feature":"","_kad_post_feature_position":"","_kad_post_header":false,"_kad_post_footer":false,"_kad_post_classname":""},"product_brand":[],"product_cat":[14925],"product_tag":[],"class_list":{"0":"post-113639","1":"product","2":"type-product","3":"status-publish","4":"has-post-thumbnail","6":"product_cat-tiras-makinesi-tiras-makinesi","8":"first","9":"instock","10":"purchasable","11":"product-type-simple","12":"entry","13":"content-bg","14":"loop-entry"},"_links":{"self":[{"href":"https:\/\/www.hediyepazar.com\/index.php?rest_route=\/wp\/v2\/product\/113639","targetHints":{"allow":["GET"]}}],"collection":[{"href":"https:\/\/www.hediyepazar.com\/index.php?rest_route=\/wp\/v2\/product"}],"about":[{"href":"https:\/\/www.hediyepazar.com\/index.php?rest_route=\/wp\/v2\/types\/product"}],"replies":[{"embeddable":true,"href":"https:\/\/www.hediyepazar.com\/index.php?rest_route=%2Fwp%2Fv2%2Fcomments&post=113639"}],"wp:featuredmedia":[{"embeddable":true,"href":"https:\/\/www.hediyepazar.com\/index.php?rest_route=\/wp\/v2\/media\/113638"}],"wp:attachment":[{"href":"https:\/\/www.hediyepazar.com\/index.php?rest_route=%2Fwp%2Fv2%2Fmedia&parent=113639"}],"wp:term":[{"taxonomy":"product_brand","embeddable":true,"href":"https:\/\/www.hediyepazar.com\/index.php?rest_route=%2Fwp%2Fv2%2Fproduct_brand&post=113639"},{"taxonomy":"product_cat","embeddable":true,"href":"https:\/\/www.hediyepazar.com\/index.php?rest_route=%2Fwp%2Fv2%2Fproduct_cat&post=113639"},{"taxonomy":"product_tag","embeddable":true,"href":"https:\/\/www.hediyepazar.com\/index.php?rest_route=%2Fwp%2Fv2%2Fproduct_tag&post=113639"}],"curies":[{"name":"wp","href":"https:\/\/api.w.org\/{rel}","templated":true}]}}