{"id":113651,"date":"2026-05-05T11:48:23","date_gmt":"2026-05-05T14:48:23","guid":{"rendered":"https:\/\/www.hediyepazar.com\/?product=profesyonel-sarjli-sac-ve-sakal-tras-makinesi-kolay-kullanim-2"},"modified":"2026-05-05T11:48:23","modified_gmt":"2026-05-05T14:48:23","slug":"profesyonel-sarjli-sac-ve-sakal-tras-makinesi-kolay-kullanim-2","status":"publish","type":"product","link":"https:\/\/www.hediyepazar.com\/?product=profesyonel-sarjli-sac-ve-sakal-tras-makinesi-kolay-kullanim-2","title":{"rendered":"Profesyonel \u015earjl\u0131 Sa\u00e7 ve Sakal Tra\u015f Makinesi Kolay Kullan\u0131m"},"content":{"rendered":"<p>Kad\u0131n ve erkeklerin profesyonel ki\u015fisel bak\u0131m ihtiya\u00e7lar\u0131na uygun olarak tasarlanan \u015farjl\u0131 sa\u00e7 ve sakal tra\u015f makinesi, \u00fcst\u00fcn performans\u0131yla dikkat \u00e7eker. T\u00fcrkiye\u2019deki kuaf\u00f6rlerin tercih etti\u011fi bu model, hassas bileylenmi\u015f \u00e7elik b\u0131\u00e7aklar\u0131 sayesinde uzun y\u0131llar boyunca y\u00fcksek verimle kullan\u0131labilir. 1 ila 12 mm aras\u0131nda ayarlanabilir kesim aral\u0131\u011f\u0131 sunan tarak ba\u015fl\u0131klar\u0131yla, sa\u00e7 kesiminden sakal \u015fekillendirmeye kadar \u00e7ok y\u00f6nl\u00fc kullan\u0131m sa\u011flar.Sessiz \u00e7al\u0131\u015fan g\u00fc\u00e7l\u00fc motoru, rahat bir tra\u015f deneyimi sunarken \u015farj edilebilir yap\u0131s\u0131 kablo karma\u015fas\u0131n\u0131 ortadan kald\u0131r\u0131r. V\u00fccut t\u00fcylerini de kolayl\u0131kla alabilen bu cihaz, ergonomik tasar\u0131m\u0131yla elinize tam oturur ve kullan\u0131m s\u0131ras\u0131nda konfor sa\u011flar. Temizli\u011fi ve bak\u0131m\u0131 olduk\u00e7a kolayd\u0131r; paket i\u00e7eri\u011finde bulunan ya\u011f ve temizleme f\u0131r\u00e7as\u0131 sayesinde cihaz\u0131n\u0131z\u0131 her zaman ilk g\u00fcnk\u00fc gibi kullanabilirsiniz. Geli\u015fmi\u015f teknolojisiyle evde profesyonel tra\u015f deneyimini ya\u015fay\u0131n.<\/p>\n","protected":false},"excerpt":{"rendered":"<p>Kad\u0131n ve erkeklerin profesyonel ki\u015fisel bak\u0131m ihtiya\u00e7lar\u0131na uygun olarak tasarlanan \u015farjl\u0131 sa\u00e7 ve sakal tra\u015f makinesi, \u00fcst\u00fcn performans\u0131yla dikkat \u00e7eker. T\u00fcrkiye\u2019deki kuaf\u00f6rlerin tercih etti\u011fi bu model, hassas bileylenmi\u015f \u00e7elik b\u0131\u00e7aklar\u0131 sayesinde uzun y\u0131llar boyunca y\u00fcksek verimle kullan\u0131labilir. 1 ila 12 mm aras\u0131nda ayarlanabilir kesim aral\u0131\u011f\u0131 sunan tarak ba\u015fl\u0131klar\u0131yla, sa\u00e7 kesiminden sakal \u015fekillendirmeye kadar \u00e7ok y\u00f6nl\u00fc&#8230;<\/p>\n","protected":false},"featured_media":113650,"comment_status":"open","ping_status":"closed","template":"","meta":{"_kad_post_transparent":"","_kad_post_title":"","_kad_post_layout":"","_kad_post_sidebar_id":"","_kad_post_content_style":"","_kad_post_vertical_padding":"","_kad_post_feature":"","_kad_post_feature_position":"","_kad_post_header":false,"_kad_post_footer":false,"_kad_post_classname":""},"product_brand":[],"product_cat":[14925],"product_tag":[],"class_list":{"0":"post-113651","1":"product","2":"type-product","3":"status-publish","4":"has-post-thumbnail","6":"product_cat-tiras-makinesi-tiras-makinesi","8":"first","9":"instock","10":"purchasable","11":"product-type-simple","12":"entry","13":"content-bg","14":"loop-entry"},"_links":{"self":[{"href":"https:\/\/www.hediyepazar.com\/index.php?rest_route=\/wp\/v2\/product\/113651","targetHints":{"allow":["GET"]}}],"collection":[{"href":"https:\/\/www.hediyepazar.com\/index.php?rest_route=\/wp\/v2\/product"}],"about":[{"href":"https:\/\/www.hediyepazar.com\/index.php?rest_route=\/wp\/v2\/types\/product"}],"replies":[{"embeddable":true,"href":"https:\/\/www.hediyepazar.com\/index.php?rest_route=%2Fwp%2Fv2%2Fcomments&post=113651"}],"wp:featuredmedia":[{"embeddable":true,"href":"https:\/\/www.hediyepazar.com\/index.php?rest_route=\/wp\/v2\/media\/113650"}],"wp:attachment":[{"href":"https:\/\/www.hediyepazar.com\/index.php?rest_route=%2Fwp%2Fv2%2Fmedia&parent=113651"}],"wp:term":[{"taxonomy":"product_brand","embeddable":true,"href":"https:\/\/www.hediyepazar.com\/index.php?rest_route=%2Fwp%2Fv2%2Fproduct_brand&post=113651"},{"taxonomy":"product_cat","embeddable":true,"href":"https:\/\/www.hediyepazar.com\/index.php?rest_route=%2Fwp%2Fv2%2Fproduct_cat&post=113651"},{"taxonomy":"product_tag","embeddable":true,"href":"https:\/\/www.hediyepazar.com\/index.php?rest_route=%2Fwp%2Fv2%2Fproduct_tag&post=113651"}],"curies":[{"name":"wp","href":"https:\/\/api.w.org\/{rel}","templated":true}]}}