{"id":113653,"date":"2026-05-05T11:48:27","date_gmt":"2026-05-05T14:48:27","guid":{"rendered":"https:\/\/www.hediyepazar.com\/?product=ayarlanabilir-kafa-bandi-ile-yuksek-performansli-bluetooth-kulaklik-2"},"modified":"2026-05-05T11:48:27","modified_gmt":"2026-05-05T14:48:27","slug":"ayarlanabilir-kafa-bandi-ile-yuksek-performansli-bluetooth-kulaklik-2","status":"publish","type":"product","link":"https:\/\/www.hediyepazar.com\/?product=ayarlanabilir-kafa-bandi-ile-yuksek-performansli-bluetooth-kulaklik-2","title":{"rendered":"Ayarlanabilir Kafa Band\u0131 ile Y\u00fcksek Performansl\u0131 Bluetooth Kulakl\u0131k"},"content":{"rendered":"<p>P47 Wireless Bluetooth Kulakl\u0131k, \u00fcst\u00fcn ses kalitesi ve \u00e7ok y\u00f6nl\u00fc kullan\u0131m \u00f6zellikleriyle g\u00fcnl\u00fck ya\u015fam\u0131n\u0131z\u0131 kolayla\u015ft\u0131r\u0131r. Bluetooth 5.0 teknolojisi sayesinde cihazlar\u0131n\u0131zla h\u0131zl\u0131 bir \u015fekilde e\u015fle\u015fir ve kesintisiz bir ba\u011flant\u0131 sunar. Ekstra bass \u00f6zelli\u011fi, g\u00fc\u00e7l\u00fc ve etkileyici bir ses deneyimi sa\u011flar; bu sayede m\u00fcziklerinizi st\u00fcdyo kalitesinde dinleyebilirsiniz. TF kart ve SD kart deste\u011fi, cihaz ba\u011f\u0131ms\u0131z m\u00fczik \u00e7alma se\u00e7ene\u011fi sunarak telefon veya bilgisayar kullanmadan do\u011frudan kulakl\u0131k \u00fczerinden m\u00fczik dinleme imkan\u0131 tan\u0131r.AUX giri\u015fli tasar\u0131m\u0131, uyumluluk konusunda geni\u015f bir se\u00e7enek sunar ve 3.5 mm stereo jack ile harici cihazlar\u0131n\u0131za kolayl\u0131kla ba\u011flanabilirsiniz. Ergonomik kafa band\u0131 ayarlanabilir yap\u0131da olup, uzun s\u00fcreli kullan\u0131mda bile konfor sa\u011flar. Kulak \u00fcst\u00fc tasar\u0131m, hem m\u00fckemmel bir ses izolasyonu sa\u011flar hem de kula\u011f\u0131n\u0131za tam oturarak rahat bir deneyim sunar. Dahili \u015farj edilebilir pili, uzun s\u00fcreli m\u00fczik dinleme ve telefon g\u00f6r\u00fc\u015fmesi yapma imkan\u0131 sunar. Yakla\u015f\u0131k 10 metre kablosuz ba\u011flant\u0131 menzili ile \u00f6zg\u00fcrce hareket edebilirsiniz.Suya ve tere dayan\u0131kl\u0131 yap\u0131s\u0131 sayesinde g\u00fcnl\u00fck kullan\u0131mda ya da spor s\u0131ras\u0131nda g\u00fcvenle tercih edilebilir. \u00dcr\u00fcn\u00fcn kutu i\u00e7eri\u011finde bir adet Bluetooth kulakl\u0131k, \u015farj kablosu ve kullan\u0131c\u0131 rehberi bulunmaktad\u0131r. \u015e\u0131k tasar\u0131m\u0131, dayan\u0131kl\u0131l\u0131\u011f\u0131 ve fonksiyonelli\u011fi ile P47 Bluetooth Kulakl\u0131k, hem e\u011flence hem de ileti\u015fim ihtiya\u00e7lar\u0131n\u0131z i\u00e7in ideal bir \u00e7\u00f6z\u00fcm sunar.<\/p>\n","protected":false},"excerpt":{"rendered":"<p>P47 Wireless Bluetooth Kulakl\u0131k, \u00fcst\u00fcn ses kalitesi ve \u00e7ok y\u00f6nl\u00fc kullan\u0131m \u00f6zellikleriyle g\u00fcnl\u00fck ya\u015fam\u0131n\u0131z\u0131 kolayla\u015ft\u0131r\u0131r. Bluetooth 5.0 teknolojisi sayesinde cihazlar\u0131n\u0131zla h\u0131zl\u0131 bir \u015fekilde e\u015fle\u015fir ve kesintisiz bir ba\u011flant\u0131 sunar. Ekstra bass \u00f6zelli\u011fi, g\u00fc\u00e7l\u00fc ve etkileyici bir ses deneyimi sa\u011flar; bu sayede m\u00fcziklerinizi st\u00fcdyo kalitesinde dinleyebilirsiniz. TF kart ve SD kart deste\u011fi, cihaz ba\u011f\u0131ms\u0131z m\u00fczik \u00e7alma&#8230;<\/p>\n","protected":false},"featured_media":113652,"comment_status":"open","ping_status":"closed","template":"","meta":{"_kad_post_transparent":"","_kad_post_title":"","_kad_post_layout":"","_kad_post_sidebar_id":"","_kad_post_content_style":"","_kad_post_vertical_padding":"","_kad_post_feature":"","_kad_post_feature_position":"","_kad_post_header":false,"_kad_post_footer":false,"_kad_post_classname":""},"product_brand":[],"product_cat":[14957],"product_tag":[],"class_list":{"0":"post-113653","1":"product","2":"type-product","3":"status-publish","4":"has-post-thumbnail","6":"product_cat-kablosuz-kulaklik-kablosuz-kulaklik","8":"first","9":"instock","10":"purchasable","11":"product-type-simple","12":"entry","13":"content-bg","14":"loop-entry"},"_links":{"self":[{"href":"https:\/\/www.hediyepazar.com\/index.php?rest_route=\/wp\/v2\/product\/113653","targetHints":{"allow":["GET"]}}],"collection":[{"href":"https:\/\/www.hediyepazar.com\/index.php?rest_route=\/wp\/v2\/product"}],"about":[{"href":"https:\/\/www.hediyepazar.com\/index.php?rest_route=\/wp\/v2\/types\/product"}],"replies":[{"embeddable":true,"href":"https:\/\/www.hediyepazar.com\/index.php?rest_route=%2Fwp%2Fv2%2Fcomments&post=113653"}],"wp:featuredmedia":[{"embeddable":true,"href":"https:\/\/www.hediyepazar.com\/index.php?rest_route=\/wp\/v2\/media\/113652"}],"wp:attachment":[{"href":"https:\/\/www.hediyepazar.com\/index.php?rest_route=%2Fwp%2Fv2%2Fmedia&parent=113653"}],"wp:term":[{"taxonomy":"product_brand","embeddable":true,"href":"https:\/\/www.hediyepazar.com\/index.php?rest_route=%2Fwp%2Fv2%2Fproduct_brand&post=113653"},{"taxonomy":"product_cat","embeddable":true,"href":"https:\/\/www.hediyepazar.com\/index.php?rest_route=%2Fwp%2Fv2%2Fproduct_cat&post=113653"},{"taxonomy":"product_tag","embeddable":true,"href":"https:\/\/www.hediyepazar.com\/index.php?rest_route=%2Fwp%2Fv2%2Fproduct_tag&post=113653"}],"curies":[{"name":"wp","href":"https:\/\/api.w.org\/{rel}","templated":true}]}}