{"id":113659,"date":"2026-05-05T11:48:45","date_gmt":"2026-05-05T14:48:45","guid":{"rendered":"https:\/\/www.hediyepazar.com\/?product=mavi-ve-mor-isikli-projeksiyon-lambasi"},"modified":"2026-05-05T11:48:45","modified_gmt":"2026-05-05T14:48:45","slug":"mavi-ve-mor-isikli-projeksiyon-lambasi","status":"publish","type":"product","link":"https:\/\/www.hediyepazar.com\/?product=mavi-ve-mor-isikli-projeksiyon-lambasi","title":{"rendered":"Mavi ve Mor I\u015f\u0131kl\u0131 Projeksiyon Lambas\u0131"},"content":{"rendered":"<p>\u00a0Y\u0131ld\u0131zl\u0131 G\u00f6ky\u00fcz\u00fc Projeksiyon Gece Lambas\u0131, evdeki her k\u00f6\u015feye b\u00fcy\u00fcl\u00fc bir hava katmak i\u00e7in m\u00fckemmel bir \u00fcr\u00fcnd\u00fcr. Mavi ve mor \u0131\u015f\u0131klar\u0131n d\u00f6ner yap\u0131s\u0131, tavan\u0131n\u0131za b\u00fcy\u00fcleyici bir \u015fekilde y\u0131ld\u0131zlar, gezegenler ve ay\u0131 yans\u0131tarak e\u015fsiz bir gece manzaras\u0131 sunar. \u00d6zellikle \u00e7ocuklar i\u00e7in harika bir gece lambas\u0131 olan Star Master, karanl\u0131ktan korkan \u00e7ocuklar\u0131n daha rahat uyumas\u0131n\u0131 sa\u011flar. G\u00f6zleri rahats\u0131z etmeyen yumu\u015fak \u0131\u015f\u0131\u011f\u0131, gece boyunca sakin bir uyku ortam\u0131 olu\u015fturur. Ayr\u0131ca, \u0131\u015f\u0131\u011f\u0131n seviyesini ve rengini ayarlayabilece\u011finiz fonksiyonlarla, odan\u0131zda tam istedi\u011finiz atmosferi olu\u015fturabilirsiniz. D\u00f6nen yap\u0131s\u0131 sayesinde tavan\u0131n\u0131za hareketli y\u0131ld\u0131zlar ve gezegenler yans\u0131tarak her an farkl\u0131 bir g\u00f6rsel deneyim ya\u015faman\u0131z\u0131 sa\u011flar. \u015eeffaf \u00fcst kapak sayesinde \u0131\u015f\u0131k do\u011frudan tavana yans\u0131t\u0131labilir ya da farkl\u0131 bir y\u00f6nlendirilebilir. 4 adet AAA pil ile \u00e7al\u0131\u015fan bu projeksiyon gece lambas\u0131, enerji verimli bir kullan\u0131m sa\u011flar ve her yere kolayca ta\u015f\u0131nabilir. Star Master, sadece \u00e7ocuklar i\u00e7in de\u011fil, ayn\u0131 zamanda gece atmosferi yaratmak isteyen herkes i\u00e7in m\u00fckemmel bir tercihtir.<\/p>\n","protected":false},"excerpt":{"rendered":"<p>\u00a0Y\u0131ld\u0131zl\u0131 G\u00f6ky\u00fcz\u00fc Projeksiyon Gece Lambas\u0131, evdeki her k\u00f6\u015feye b\u00fcy\u00fcl\u00fc bir hava katmak i\u00e7in m\u00fckemmel bir \u00fcr\u00fcnd\u00fcr. Mavi ve mor \u0131\u015f\u0131klar\u0131n d\u00f6ner yap\u0131s\u0131, tavan\u0131n\u0131za b\u00fcy\u00fcleyici bir \u015fekilde y\u0131ld\u0131zlar, gezegenler ve ay\u0131 yans\u0131tarak e\u015fsiz bir gece manzaras\u0131 sunar. \u00d6zellikle \u00e7ocuklar i\u00e7in harika bir gece lambas\u0131 olan Star Master, karanl\u0131ktan korkan \u00e7ocuklar\u0131n daha rahat uyumas\u0131n\u0131 sa\u011flar. G\u00f6zleri rahats\u0131z&#8230;<\/p>\n","protected":false},"featured_media":113658,"comment_status":"open","ping_status":"closed","template":"","meta":{"_kad_post_transparent":"","_kad_post_title":"","_kad_post_layout":"","_kad_post_sidebar_id":"","_kad_post_content_style":"","_kad_post_vertical_padding":"","_kad_post_feature":"","_kad_post_feature_position":"","_kad_post_header":false,"_kad_post_footer":false,"_kad_post_classname":""},"product_brand":[],"product_cat":[14967],"product_tag":[],"class_list":{"0":"post-113659","1":"product","2":"type-product","3":"status-publish","4":"has-post-thumbnail","6":"product_cat-gece-lambasi-gece-lambasi","8":"first","9":"instock","10":"purchasable","11":"product-type-simple","12":"entry","13":"content-bg","14":"loop-entry"},"_links":{"self":[{"href":"https:\/\/www.hediyepazar.com\/index.php?rest_route=\/wp\/v2\/product\/113659","targetHints":{"allow":["GET"]}}],"collection":[{"href":"https:\/\/www.hediyepazar.com\/index.php?rest_route=\/wp\/v2\/product"}],"about":[{"href":"https:\/\/www.hediyepazar.com\/index.php?rest_route=\/wp\/v2\/types\/product"}],"replies":[{"embeddable":true,"href":"https:\/\/www.hediyepazar.com\/index.php?rest_route=%2Fwp%2Fv2%2Fcomments&post=113659"}],"wp:featuredmedia":[{"embeddable":true,"href":"https:\/\/www.hediyepazar.com\/index.php?rest_route=\/wp\/v2\/media\/113658"}],"wp:attachment":[{"href":"https:\/\/www.hediyepazar.com\/index.php?rest_route=%2Fwp%2Fv2%2Fmedia&parent=113659"}],"wp:term":[{"taxonomy":"product_brand","embeddable":true,"href":"https:\/\/www.hediyepazar.com\/index.php?rest_route=%2Fwp%2Fv2%2Fproduct_brand&post=113659"},{"taxonomy":"product_cat","embeddable":true,"href":"https:\/\/www.hediyepazar.com\/index.php?rest_route=%2Fwp%2Fv2%2Fproduct_cat&post=113659"},{"taxonomy":"product_tag","embeddable":true,"href":"https:\/\/www.hediyepazar.com\/index.php?rest_route=%2Fwp%2Fv2%2Fproduct_tag&post=113659"}],"curies":[{"name":"wp","href":"https:\/\/api.w.org\/{rel}","templated":true}]}}