{"id":113673,"date":"2026-05-05T11:49:32","date_gmt":"2026-05-05T14:49:32","guid":{"rendered":"https:\/\/www.hediyepazar.com\/?product=lamba-led-hoparlor-dayanikli-ve-uzun-omurlu-bluetooth-hoparlor-2"},"modified":"2026-05-05T11:49:32","modified_gmt":"2026-05-05T14:49:32","slug":"lamba-led-hoparlor-dayanikli-ve-uzun-omurlu-bluetooth-hoparlor-2","status":"publish","type":"product","link":"https:\/\/www.hediyepazar.com\/?product=lamba-led-hoparlor-dayanikli-ve-uzun-omurlu-bluetooth-hoparlor-2","title":{"rendered":"Lamba Led Hoparl\u00f6r Dayan\u0131kl\u0131 ve Uzun \u00d6m\u00fcrl\u00fc Bluetooth Hoparl\u00f6r"},"content":{"rendered":"<p>Dayan\u0131kl\u0131 ve Uzun \u00d6m\u00fcrl\u00fc Bluetooth Hoparl\u00f6rBu Bluetooth hoparl\u00f6r, \u00fcst\u00fcn kaliteli malzemelerle \u00fcretilmi\u015f olup, uzun s\u00fcreli dayan\u0131kl\u0131l\u0131k ve g\u00fcvenli kullan\u0131m sunar. 2 y\u0131l garanti s\u00fcresi ile sat\u0131n alaca\u011f\u0131n\u0131z bu hoparl\u00f6r, evde, ofiste veya a\u00e7\u0131k hava etkinliklerinde size kesintisiz m\u00fczik keyfi ya\u015fatmak i\u00e7in tasarlanm\u0131\u015ft\u0131r. Bluetooth 5.0 teknolojisi, hoparl\u00f6r\u00fcn cihaz\u0131n\u0131zla h\u0131zl\u0131 ve g\u00fcvenli ba\u011flant\u0131 kurmas\u0131n\u0131 sa\u011flar, b\u00f6ylece kablosuz m\u00fczik dinlemenin rahatl\u0131\u011f\u0131n\u0131 ya\u015fars\u0131n\u0131z. Hem i\u00e7 mekanlarda hem de d\u0131\u015f mekanlarda kullan\u0131ma uygun olan hoparl\u00f6r, pratik tasar\u0131m\u0131yla ta\u015f\u0131mas\u0131 olduk\u00e7a kolayd\u0131r. Uzun s\u00fcre dayanabilen bataryas\u0131, m\u00fczik dinlerken kesintiye u\u011framadan uzun s\u00fcreli kullan\u0131m sa\u011flar. M\u00fckemmel ses kalitesi ve y\u00fcksek ses seviyesi ile e\u011flenceli ve dinamik bir m\u00fczik deneyimi sunar, b\u00f6ylece her an m\u00fczi\u011fin keyfini \u00e7\u0131karabilirsiniz.<\/p>\n","protected":false},"excerpt":{"rendered":"<p>Dayan\u0131kl\u0131 ve Uzun \u00d6m\u00fcrl\u00fc Bluetooth Hoparl\u00f6rBu Bluetooth hoparl\u00f6r, \u00fcst\u00fcn kaliteli malzemelerle \u00fcretilmi\u015f olup, uzun s\u00fcreli dayan\u0131kl\u0131l\u0131k ve g\u00fcvenli kullan\u0131m sunar. 2 y\u0131l garanti s\u00fcresi ile sat\u0131n alaca\u011f\u0131n\u0131z bu hoparl\u00f6r, evde, ofiste veya a\u00e7\u0131k hava etkinliklerinde size kesintisiz m\u00fczik keyfi ya\u015fatmak i\u00e7in tasarlanm\u0131\u015ft\u0131r. Bluetooth 5.0 teknolojisi, hoparl\u00f6r\u00fcn cihaz\u0131n\u0131zla h\u0131zl\u0131 ve g\u00fcvenli ba\u011flant\u0131 kurmas\u0131n\u0131 sa\u011flar, b\u00f6ylece kablosuz&#8230;<\/p>\n","protected":false},"featured_media":113672,"comment_status":"open","ping_status":"closed","template":"","meta":{"_kad_post_transparent":"","_kad_post_title":"","_kad_post_layout":"","_kad_post_sidebar_id":"","_kad_post_content_style":"","_kad_post_vertical_padding":"","_kad_post_feature":"","_kad_post_feature_position":"","_kad_post_header":false,"_kad_post_footer":false,"_kad_post_classname":""},"product_brand":[],"product_cat":[14911],"product_tag":[],"class_list":{"0":"post-113673","1":"product","2":"type-product","3":"status-publish","4":"has-post-thumbnail","6":"product_cat-kablosuz-hoparlor-kablosuz-hoparlor","8":"first","9":"instock","10":"purchasable","11":"product-type-simple","12":"entry","13":"content-bg","14":"loop-entry"},"_links":{"self":[{"href":"https:\/\/www.hediyepazar.com\/index.php?rest_route=\/wp\/v2\/product\/113673","targetHints":{"allow":["GET"]}}],"collection":[{"href":"https:\/\/www.hediyepazar.com\/index.php?rest_route=\/wp\/v2\/product"}],"about":[{"href":"https:\/\/www.hediyepazar.com\/index.php?rest_route=\/wp\/v2\/types\/product"}],"replies":[{"embeddable":true,"href":"https:\/\/www.hediyepazar.com\/index.php?rest_route=%2Fwp%2Fv2%2Fcomments&post=113673"}],"wp:featuredmedia":[{"embeddable":true,"href":"https:\/\/www.hediyepazar.com\/index.php?rest_route=\/wp\/v2\/media\/113672"}],"wp:attachment":[{"href":"https:\/\/www.hediyepazar.com\/index.php?rest_route=%2Fwp%2Fv2%2Fmedia&parent=113673"}],"wp:term":[{"taxonomy":"product_brand","embeddable":true,"href":"https:\/\/www.hediyepazar.com\/index.php?rest_route=%2Fwp%2Fv2%2Fproduct_brand&post=113673"},{"taxonomy":"product_cat","embeddable":true,"href":"https:\/\/www.hediyepazar.com\/index.php?rest_route=%2Fwp%2Fv2%2Fproduct_cat&post=113673"},{"taxonomy":"product_tag","embeddable":true,"href":"https:\/\/www.hediyepazar.com\/index.php?rest_route=%2Fwp%2Fv2%2Fproduct_tag&post=113673"}],"curies":[{"name":"wp","href":"https:\/\/api.w.org\/{rel}","templated":true}]}}