{"id":113679,"date":"2026-05-05T11:49:49","date_gmt":"2026-05-05T14:49:49","guid":{"rendered":"https:\/\/www.hediyepazar.com\/?product=hizli-isinma-ve-kalici-sekillendirme-icin-profesyonel-sac-masasi-2"},"modified":"2026-05-05T11:49:49","modified_gmt":"2026-05-05T14:49:49","slug":"hizli-isinma-ve-kalici-sekillendirme-icin-profesyonel-sac-masasi-2","status":"publish","type":"product","link":"https:\/\/www.hediyepazar.com\/?product=hizli-isinma-ve-kalici-sekillendirme-icin-profesyonel-sac-masasi-2","title":{"rendered":"H\u0131zl\u0131 Is\u0131nma ve Kal\u0131c\u0131 \u015eekillendirme i\u00e7in Profesyonel Sa\u00e7 Ma\u015fas\u0131"},"content":{"rendered":"<p>Sa\u00e7 ma\u015fas\u0131, t\u00fcm g\u00fcn kal\u0131c\u0131 bukleler i\u00e7in \u00f6zel olarak tasarlanm\u0131\u015ft\u0131r. 25 mm \u00e7ap\u0131ndaki \u00fc\u00e7 namlulu seramik kaplama, sa\u00e7lar\u0131n\u0131z\u0131 y\u0131pratmadan \u015fekillendirir ve sa\u011fl\u0131kl\u0131 bir g\u00f6r\u00fcn\u00fcm kazand\u0131r\u0131r. PTC \u0131s\u0131tma sistemiyle donat\u0131lm\u0131\u015f cihaz, yaln\u0131zca 30 saniyede \u0131s\u0131narak yo\u011fun tempolu g\u00fcnlerde bile kolayca kullan\u0131ma haz\u0131r hale gelir. 170\u00b0C ve 220\u00b0C aras\u0131nda de\u011fi\u015fen ayarlanabilir s\u0131cakl\u0131k seviyeleri, ince ve kal\u0131n telli sa\u00e7lar i\u00e7in ideal \u0131s\u0131y\u0131 se\u00e7menize olanak tan\u0131r. Ergonomik tutama\u00e7, ha\u015flanma \u00f6nleyici tasar\u0131m\u0131 ve \u0131s\u0131 yal\u0131t\u0131ml\u0131 braketi sayesinde g\u00fcvenli bir kullan\u0131m sunar. Alt\u0131n rengi estetik tasar\u0131m\u0131, cihaz\u0131n \u015f\u0131kl\u0131\u011f\u0131n\u0131 tamamlar ve onu g\u00fcnl\u00fck bak\u0131m rutininizin vazge\u00e7ilmez bir par\u00e7as\u0131 haline getirir.<\/p>\n","protected":false},"excerpt":{"rendered":"<p>Sa\u00e7 ma\u015fas\u0131, t\u00fcm g\u00fcn kal\u0131c\u0131 bukleler i\u00e7in \u00f6zel olarak tasarlanm\u0131\u015ft\u0131r. 25 mm \u00e7ap\u0131ndaki \u00fc\u00e7 namlulu seramik kaplama, sa\u00e7lar\u0131n\u0131z\u0131 y\u0131pratmadan \u015fekillendirir ve sa\u011fl\u0131kl\u0131 bir g\u00f6r\u00fcn\u00fcm kazand\u0131r\u0131r. PTC \u0131s\u0131tma sistemiyle donat\u0131lm\u0131\u015f cihaz, yaln\u0131zca 30 saniyede \u0131s\u0131narak yo\u011fun tempolu g\u00fcnlerde bile kolayca kullan\u0131ma haz\u0131r hale gelir. 170\u00b0C ve 220\u00b0C aras\u0131nda de\u011fi\u015fen ayarlanabilir s\u0131cakl\u0131k seviyeleri, ince ve kal\u0131n telli&#8230;<\/p>\n","protected":false},"featured_media":113678,"comment_status":"open","ping_status":"closed","template":"","meta":{"_kad_post_transparent":"","_kad_post_title":"","_kad_post_layout":"","_kad_post_sidebar_id":"","_kad_post_content_style":"","_kad_post_vertical_padding":"","_kad_post_feature":"","_kad_post_feature_position":"","_kad_post_header":false,"_kad_post_footer":false,"_kad_post_classname":""},"product_brand":[],"product_cat":[14907],"product_tag":[],"class_list":{"0":"post-113679","1":"product","2":"type-product","3":"status-publish","4":"has-post-thumbnail","6":"product_cat-sac-masasi-sac-masasi","8":"first","9":"instock","10":"purchasable","11":"product-type-simple","12":"entry","13":"content-bg","14":"loop-entry"},"_links":{"self":[{"href":"https:\/\/www.hediyepazar.com\/index.php?rest_route=\/wp\/v2\/product\/113679","targetHints":{"allow":["GET"]}}],"collection":[{"href":"https:\/\/www.hediyepazar.com\/index.php?rest_route=\/wp\/v2\/product"}],"about":[{"href":"https:\/\/www.hediyepazar.com\/index.php?rest_route=\/wp\/v2\/types\/product"}],"replies":[{"embeddable":true,"href":"https:\/\/www.hediyepazar.com\/index.php?rest_route=%2Fwp%2Fv2%2Fcomments&post=113679"}],"wp:featuredmedia":[{"embeddable":true,"href":"https:\/\/www.hediyepazar.com\/index.php?rest_route=\/wp\/v2\/media\/113678"}],"wp:attachment":[{"href":"https:\/\/www.hediyepazar.com\/index.php?rest_route=%2Fwp%2Fv2%2Fmedia&parent=113679"}],"wp:term":[{"taxonomy":"product_brand","embeddable":true,"href":"https:\/\/www.hediyepazar.com\/index.php?rest_route=%2Fwp%2Fv2%2Fproduct_brand&post=113679"},{"taxonomy":"product_cat","embeddable":true,"href":"https:\/\/www.hediyepazar.com\/index.php?rest_route=%2Fwp%2Fv2%2Fproduct_cat&post=113679"},{"taxonomy":"product_tag","embeddable":true,"href":"https:\/\/www.hediyepazar.com\/index.php?rest_route=%2Fwp%2Fv2%2Fproduct_tag&post=113679"}],"curies":[{"name":"wp","href":"https:\/\/api.w.org\/{rel}","templated":true}]}}