{"id":113685,"date":"2026-05-05T11:50:08","date_gmt":"2026-05-05T14:50:08","guid":{"rendered":"https:\/\/www.hediyepazar.com\/?product=bluetooth-kulaklik-aktif-gurultu-engelleme-ve-uzun-pil-omru-2"},"modified":"2026-05-05T11:50:08","modified_gmt":"2026-05-05T14:50:08","slug":"bluetooth-kulaklik-aktif-gurultu-engelleme-ve-uzun-pil-omru-2","status":"publish","type":"product","link":"https:\/\/www.hediyepazar.com\/?product=bluetooth-kulaklik-aktif-gurultu-engelleme-ve-uzun-pil-omru-2","title":{"rendered":"Bluetooth Kulakl\u0131k Aktif G\u00fcr\u00fclt\u00fc Engelleme ve Uzun Pil \u00d6mr\u00fc"},"content":{"rendered":"<p>Bu geli\u015fmi\u015f ak\u0131ll\u0131 cihaz, size sadece \u015f\u0131kl\u0131k ve fonksiyonellik sunmakla kalmaz, ayn\u0131 zamanda g\u00fcnl\u00fck ya\u015fam\u0131n\u0131zda pratiklik ve rahatl\u0131k da sa\u011flar. 2 y\u0131l ithalat\u00e7\u0131 garantisi sayesinde, uzun s\u00fcreli g\u00fcvenli kullan\u0131m sa\u011flayabilirsiniz. Dahili mikrofon ve dokunmatik kontrol \u00f6zellikleri sayesinde, cihaz\u0131n\u0131z\u0131 elinize almadan g\u00f6r\u00fc\u015fmelerinizi yapabilir, m\u00fczikleriniz aras\u0131nda ge\u00e7i\u015f yapabilir ve ses seviyesini h\u0131zl\u0131ca ayarlayabilirsiniz. T\u00fcm bu i\u015flemler i\u00e7in ekstra bir \u00e7aba harcamadan kolayca kontrol sa\u011flayabilirsiniz.Suya ve tere dayan\u0131kl\u0131 yap\u0131s\u0131, cihaz\u0131n g\u00fcnl\u00fck ya\u015famda her ko\u015fulda sorunsuz \u00e7al\u0131\u015fmas\u0131na olanak tan\u0131r. Spor yaparken, ya\u011fmurlu havalarda veya a\u00e7\u0131k havada kullan\u0131rken cihaz\u0131n\u0131z\u0131n zarar g\u00f6rmemesini sa\u011flar. \u00d6zellikle spor salonunda veya d\u0131\u015f mekan aktivitelerinde kullan\u0131lan bu cihaz, her ko\u015fulda maksimum performans g\u00f6sterir. Ayr\u0131ca, \u00e7ift telefon deste\u011fi, ayn\u0131 anda iki farkl\u0131 cihazla ba\u011flant\u0131 kurman\u0131z\u0131 sa\u011flayarak verimli bir kullan\u0131m deneyimi sunar. Bu \u00f6zellik, profesyonel ya\u015famda aktif olan ki\u015filerin i\u015f ve ki\u015fisel telefonlar\u0131n\u0131 kolayca y\u00f6netmesine olanak verir.Aktif g\u00fcr\u00fclt\u00fc \u00f6nleme (ANC) teknolojisi, yo\u011fun \u00e7evresel g\u00fcr\u00fclt\u00fclerin \u00fcstesinden gelerek m\u00fczik dinlerken ya da telefon g\u00f6r\u00fc\u015fmesi yaparken kesintisiz bir deneyim ya\u015faman\u0131za yard\u0131mc\u0131 olur. B\u00f6ylece, d\u0131\u015far\u0131daki seslerden etkilenmeden sadece cihaz\u0131n sundu\u011fu y\u00fcksek ses kalitesini duyabilirsiniz. Bu teknoloji, \u00f6zellikle g\u00fcr\u00fclt\u00fcl\u00fc ortamlar veya a\u00e7\u0131k alanlarda \u00f6nemli bir avantaj sa\u011flar.Uzun pil \u00f6mr\u00fc ve h\u0131zl\u0131 \u015farj kapasitesi ile cihaz, g\u00fcn boyu kesintisiz bir kullan\u0131m deneyimi sunar. Y\u00fcksek kapasiteye sahip batarya sayesinde, \u015farj\u0131n\u0131z\u0131n uzun s\u00fcre gitmesi sa\u011flan\u0131r. Cihaz\u0131n tasar\u0131m\u0131, ergonomik ve \u015f\u0131k olup, her zaman rahat kullan\u0131m ve modern bir g\u00f6r\u00fcn\u00fcm sunar. Siyah kasa rengi, her ortamda zarif bir g\u00f6r\u00fcn\u00fcm sa\u011flar ve cihaz\u0131n\u0131z\u0131 her t\u00fcrl\u00fc k\u0131yafetle uyumlu hale getirir.Bu cihaz, g\u00fcnl\u00fck ya\u015fam\u0131n\u0131z\u0131 daha verimli hale getiren, \u015f\u0131k, dayan\u0131kl\u0131 ve modern \u00f6zelliklere sahip bir teknoloji harikas\u0131d\u0131r. Hem profesyonel hem de ki\u015fisel ya\u015famda size m\u00fckemmel uyum sa\u011flar.<\/p>\n","protected":false},"excerpt":{"rendered":"<p>Bu geli\u015fmi\u015f ak\u0131ll\u0131 cihaz, size sadece \u015f\u0131kl\u0131k ve fonksiyonellik sunmakla kalmaz, ayn\u0131 zamanda g\u00fcnl\u00fck ya\u015fam\u0131n\u0131zda pratiklik ve rahatl\u0131k da sa\u011flar. 2 y\u0131l ithalat\u00e7\u0131 garantisi sayesinde, uzun s\u00fcreli g\u00fcvenli kullan\u0131m sa\u011flayabilirsiniz. Dahili mikrofon ve dokunmatik kontrol \u00f6zellikleri sayesinde, cihaz\u0131n\u0131z\u0131 elinize almadan g\u00f6r\u00fc\u015fmelerinizi yapabilir, m\u00fczikleriniz aras\u0131nda ge\u00e7i\u015f yapabilir ve ses seviyesini h\u0131zl\u0131ca ayarlayabilirsiniz. T\u00fcm bu i\u015flemler i\u00e7in&#8230;<\/p>\n","protected":false},"featured_media":113684,"comment_status":"open","ping_status":"closed","template":"","meta":{"_kad_post_transparent":"","_kad_post_title":"","_kad_post_layout":"","_kad_post_sidebar_id":"","_kad_post_content_style":"","_kad_post_vertical_padding":"","_kad_post_feature":"","_kad_post_feature_position":"","_kad_post_header":false,"_kad_post_footer":false,"_kad_post_classname":""},"product_brand":[],"product_cat":[14957],"product_tag":[],"class_list":{"0":"post-113685","1":"product","2":"type-product","3":"status-publish","4":"has-post-thumbnail","6":"product_cat-kablosuz-kulaklik-kablosuz-kulaklik","8":"first","9":"instock","10":"purchasable","11":"product-type-simple","12":"entry","13":"content-bg","14":"loop-entry"},"_links":{"self":[{"href":"https:\/\/www.hediyepazar.com\/index.php?rest_route=\/wp\/v2\/product\/113685","targetHints":{"allow":["GET"]}}],"collection":[{"href":"https:\/\/www.hediyepazar.com\/index.php?rest_route=\/wp\/v2\/product"}],"about":[{"href":"https:\/\/www.hediyepazar.com\/index.php?rest_route=\/wp\/v2\/types\/product"}],"replies":[{"embeddable":true,"href":"https:\/\/www.hediyepazar.com\/index.php?rest_route=%2Fwp%2Fv2%2Fcomments&post=113685"}],"wp:featuredmedia":[{"embeddable":true,"href":"https:\/\/www.hediyepazar.com\/index.php?rest_route=\/wp\/v2\/media\/113684"}],"wp:attachment":[{"href":"https:\/\/www.hediyepazar.com\/index.php?rest_route=%2Fwp%2Fv2%2Fmedia&parent=113685"}],"wp:term":[{"taxonomy":"product_brand","embeddable":true,"href":"https:\/\/www.hediyepazar.com\/index.php?rest_route=%2Fwp%2Fv2%2Fproduct_brand&post=113685"},{"taxonomy":"product_cat","embeddable":true,"href":"https:\/\/www.hediyepazar.com\/index.php?rest_route=%2Fwp%2Fv2%2Fproduct_cat&post=113685"},{"taxonomy":"product_tag","embeddable":true,"href":"https:\/\/www.hediyepazar.com\/index.php?rest_route=%2Fwp%2Fv2%2Fproduct_tag&post=113685"}],"curies":[{"name":"wp","href":"https:\/\/api.w.org\/{rel}","templated":true}]}}