{"id":113691,"date":"2026-05-05T11:50:36","date_gmt":"2026-05-05T14:50:36","guid":{"rendered":"https:\/\/www.hediyepazar.com\/?product=akilli-saat-saglik-ve-fitness-takibi-bluetooth-baglantili-dokunmatik-ekran"},"modified":"2026-05-05T11:50:36","modified_gmt":"2026-05-05T14:50:36","slug":"akilli-saat-saglik-ve-fitness-takibi-bluetooth-baglantili-dokunmatik-ekran","status":"publish","type":"product","link":"https:\/\/www.hediyepazar.com\/?product=akilli-saat-saglik-ve-fitness-takibi-bluetooth-baglantili-dokunmatik-ekran","title":{"rendered":"Ak\u0131ll\u0131 Saat Sa\u011fl\u0131k ve Fitness Takibi Bluetooth Ba\u011flant\u0131l\u0131 Dokunmatik Ekran"},"content":{"rendered":"<p>GT3 Max, spor ve sa\u011fl\u0131k odakl\u0131 bir ya\u015fam tarz\u0131n\u0131 destekleyen \u00e7ok y\u00f6nl\u00fc bir ak\u0131ll\u0131 saattir. Ad\u0131msayar \u00f6zelli\u011fiyle g\u00fcnl\u00fck ad\u0131mlar\u0131n\u0131z\u0131 ve egzersizlerinizi takip ederek fitness hedeflerinize ula\u015fman\u0131z\u0131 kolayla\u015ft\u0131r\u0131r. Titre\u015fimli uyar\u0131lar, gelen \u00e7a\u011fr\u0131lar ve bildirimleri ka\u00e7\u0131rmaman\u0131z\u0131 sa\u011flar. Kalp at\u0131\u015f h\u0131z\u0131 takibi ve uyku izleme \u00f6zellikleriyle sa\u011fl\u0131\u011f\u0131n\u0131z\u0131 izleyebilir, daha bilin\u00e7li bir ya\u015fam s\u00fcrebilirsiniz. Modern siyah tasar\u0131m\u0131, hem \u015f\u0131kl\u0131\u011f\u0131 hem de konforu bir arada sunar. Uzun \u00f6m\u00fcrl\u00fc bataryas\u0131, cihaz\u0131n\u0131z\u0131 s\u0131k s\u0131k \u015farj etme ihtiyac\u0131n\u0131 ortadan kald\u0131r\u0131r.&nbsp;<\/p>\n","protected":false},"excerpt":{"rendered":"<p>GT3 Max, spor ve sa\u011fl\u0131k odakl\u0131 bir ya\u015fam tarz\u0131n\u0131 destekleyen \u00e7ok y\u00f6nl\u00fc bir ak\u0131ll\u0131 saattir. Ad\u0131msayar \u00f6zelli\u011fiyle g\u00fcnl\u00fck ad\u0131mlar\u0131n\u0131z\u0131 ve egzersizlerinizi takip ederek fitness hedeflerinize ula\u015fman\u0131z\u0131 kolayla\u015ft\u0131r\u0131r. Titre\u015fimli uyar\u0131lar, gelen \u00e7a\u011fr\u0131lar ve bildirimleri ka\u00e7\u0131rmaman\u0131z\u0131 sa\u011flar. Kalp at\u0131\u015f h\u0131z\u0131 takibi ve uyku izleme \u00f6zellikleriyle sa\u011fl\u0131\u011f\u0131n\u0131z\u0131 izleyebilir, daha bilin\u00e7li bir ya\u015fam s\u00fcrebilirsiniz. Modern siyah tasar\u0131m\u0131, hem \u015f\u0131kl\u0131\u011f\u0131&#8230;<\/p>\n","protected":false},"featured_media":113690,"comment_status":"open","ping_status":"closed","template":"","meta":{"_kad_post_transparent":"","_kad_post_title":"","_kad_post_layout":"","_kad_post_sidebar_id":"","_kad_post_content_style":"","_kad_post_vertical_padding":"","_kad_post_feature":"","_kad_post_feature_position":"","_kad_post_header":false,"_kad_post_footer":false,"_kad_post_classname":""},"product_brand":[],"product_cat":[14935],"product_tag":[],"class_list":{"0":"post-113691","1":"product","2":"type-product","3":"status-publish","4":"has-post-thumbnail","6":"product_cat-akilli-saatler-akilli-saatler","8":"first","9":"instock","10":"purchasable","11":"product-type-simple","12":"entry","13":"content-bg","14":"loop-entry"},"_links":{"self":[{"href":"https:\/\/www.hediyepazar.com\/index.php?rest_route=\/wp\/v2\/product\/113691","targetHints":{"allow":["GET"]}}],"collection":[{"href":"https:\/\/www.hediyepazar.com\/index.php?rest_route=\/wp\/v2\/product"}],"about":[{"href":"https:\/\/www.hediyepazar.com\/index.php?rest_route=\/wp\/v2\/types\/product"}],"replies":[{"embeddable":true,"href":"https:\/\/www.hediyepazar.com\/index.php?rest_route=%2Fwp%2Fv2%2Fcomments&post=113691"}],"wp:featuredmedia":[{"embeddable":true,"href":"https:\/\/www.hediyepazar.com\/index.php?rest_route=\/wp\/v2\/media\/113690"}],"wp:attachment":[{"href":"https:\/\/www.hediyepazar.com\/index.php?rest_route=%2Fwp%2Fv2%2Fmedia&parent=113691"}],"wp:term":[{"taxonomy":"product_brand","embeddable":true,"href":"https:\/\/www.hediyepazar.com\/index.php?rest_route=%2Fwp%2Fv2%2Fproduct_brand&post=113691"},{"taxonomy":"product_cat","embeddable":true,"href":"https:\/\/www.hediyepazar.com\/index.php?rest_route=%2Fwp%2Fv2%2Fproduct_cat&post=113691"},{"taxonomy":"product_tag","embeddable":true,"href":"https:\/\/www.hediyepazar.com\/index.php?rest_route=%2Fwp%2Fv2%2Fproduct_tag&post=113691"}],"curies":[{"name":"wp","href":"https:\/\/api.w.org\/{rel}","templated":true}]}}