{"id":113721,"date":"2026-05-05T11:52:33","date_gmt":"2026-05-05T14:52:33","guid":{"rendered":"https:\/\/www.hediyepazar.com\/?product=akilli-saat-arama-cevaplayan-dokunmatik-ekran-bleutooth-baglantili-2"},"modified":"2026-05-05T11:52:33","modified_gmt":"2026-05-05T14:52:33","slug":"akilli-saat-arama-cevaplayan-dokunmatik-ekran-bleutooth-baglantili-2","status":"publish","type":"product","link":"https:\/\/www.hediyepazar.com\/?product=akilli-saat-arama-cevaplayan-dokunmatik-ekran-bleutooth-baglantili-2","title":{"rendered":"Ak\u0131ll\u0131 Saat Arama Cevaplayan Dokunmatik Ekran Bleutooth Ba\u011flant\u0131l\u0131"},"content":{"rendered":"<p>Yeni nesil ak\u0131ll\u0131 saatinizle hayat\u0131n\u0131z\u0131 kolayla\u015ft\u0131r\u0131n: \tSa\u011fl\u0131k Takibi: EKG, kan bas\u0131nc\u0131, kandaki oksijen oran\u0131 ve uyku takibi gibi sa\u011fl\u0131k verilerinizi her an kontrol edin. \tBildirim ve \u00c7a\u011fr\u0131 Y\u00f6netimi: Bluetooth ba\u011flant\u0131s\u0131yla \u00e7a\u011fr\u0131lara cevap verme, reddetme ve bildirimlerinizi g\u00f6r\u00fcnt\u00fcleme imk\u00e2n\u0131. \tSpor ve Egzersiz: Ko\u015fu, bisiklet, futbol gibi \u00e7oklu spor modlar\u0131yla aktivitelerinizi takip edin. \tKi\u015fiselle\u015ftirme: S\u0131n\u0131rs\u0131z kadran se\u00e7ene\u011fi ve foto\u011fraf ekleme \u00f6zelli\u011fi ile stilinizi yans\u0131t\u0131n. \tG\u00fc\u00e7l\u00fc Donan\u0131m: 44 mm paslanmaz \u00e7elik kasa, 240&#215;285 piksel OLED ekran, 280 mAh Li-Po batarya ve T\u00fcrk\u00e7e dahil 24 dil se\u00e7ene\u011fi.\u015eimdi al\u0131n, hem \u015f\u0131kl\u0131\u011f\u0131n\u0131z\u0131 tamamlay\u0131n hem de teknolojiyi ke\u015ffedin!<\/p>\n","protected":false},"excerpt":{"rendered":"<p>Yeni nesil ak\u0131ll\u0131 saatinizle hayat\u0131n\u0131z\u0131 kolayla\u015ft\u0131r\u0131n: Sa\u011fl\u0131k Takibi: EKG, kan bas\u0131nc\u0131, kandaki oksijen oran\u0131 ve uyku takibi gibi sa\u011fl\u0131k verilerinizi her an kontrol edin. Bildirim ve \u00c7a\u011fr\u0131 Y\u00f6netimi: Bluetooth ba\u011flant\u0131s\u0131yla \u00e7a\u011fr\u0131lara cevap verme, reddetme ve bildirimlerinizi g\u00f6r\u00fcnt\u00fcleme imk\u00e2n\u0131. Spor ve Egzersiz: Ko\u015fu, bisiklet, futbol gibi \u00e7oklu spor modlar\u0131yla aktivitelerinizi takip edin. Ki\u015fiselle\u015ftirme: S\u0131n\u0131rs\u0131z kadran se\u00e7ene\u011fi&#8230;<\/p>\n","protected":false},"featured_media":113720,"comment_status":"open","ping_status":"closed","template":"","meta":{"_kad_post_transparent":"","_kad_post_title":"","_kad_post_layout":"","_kad_post_sidebar_id":"","_kad_post_content_style":"","_kad_post_vertical_padding":"","_kad_post_feature":"","_kad_post_feature_position":"","_kad_post_header":false,"_kad_post_footer":false,"_kad_post_classname":""},"product_brand":[],"product_cat":[14935],"product_tag":[],"class_list":{"0":"post-113721","1":"product","2":"type-product","3":"status-publish","4":"has-post-thumbnail","6":"product_cat-akilli-saatler-akilli-saatler","8":"first","9":"instock","10":"purchasable","11":"product-type-simple","12":"entry","13":"content-bg","14":"loop-entry"},"_links":{"self":[{"href":"https:\/\/www.hediyepazar.com\/index.php?rest_route=\/wp\/v2\/product\/113721","targetHints":{"allow":["GET"]}}],"collection":[{"href":"https:\/\/www.hediyepazar.com\/index.php?rest_route=\/wp\/v2\/product"}],"about":[{"href":"https:\/\/www.hediyepazar.com\/index.php?rest_route=\/wp\/v2\/types\/product"}],"replies":[{"embeddable":true,"href":"https:\/\/www.hediyepazar.com\/index.php?rest_route=%2Fwp%2Fv2%2Fcomments&post=113721"}],"wp:featuredmedia":[{"embeddable":true,"href":"https:\/\/www.hediyepazar.com\/index.php?rest_route=\/wp\/v2\/media\/113720"}],"wp:attachment":[{"href":"https:\/\/www.hediyepazar.com\/index.php?rest_route=%2Fwp%2Fv2%2Fmedia&parent=113721"}],"wp:term":[{"taxonomy":"product_brand","embeddable":true,"href":"https:\/\/www.hediyepazar.com\/index.php?rest_route=%2Fwp%2Fv2%2Fproduct_brand&post=113721"},{"taxonomy":"product_cat","embeddable":true,"href":"https:\/\/www.hediyepazar.com\/index.php?rest_route=%2Fwp%2Fv2%2Fproduct_cat&post=113721"},{"taxonomy":"product_tag","embeddable":true,"href":"https:\/\/www.hediyepazar.com\/index.php?rest_route=%2Fwp%2Fv2%2Fproduct_tag&post=113721"}],"curies":[{"name":"wp","href":"https:\/\/api.w.org\/{rel}","templated":true}]}}