{"id":113737,"date":"2026-05-05T11:53:42","date_gmt":"2026-05-05T14:53:42","guid":{"rendered":"https:\/\/www.hediyepazar.com\/?product=kompakt-tasarimli-telefon-kontrollu-disko-topu-isiklari-2"},"modified":"2026-05-05T11:53:42","modified_gmt":"2026-05-05T14:53:42","slug":"kompakt-tasarimli-telefon-kontrollu-disko-topu-isiklari-2","status":"publish","type":"product","link":"https:\/\/www.hediyepazar.com\/?product=kompakt-tasarimli-telefon-kontrollu-disko-topu-isiklari-2","title":{"rendered":"Kompakt Tasar\u0131ml\u0131 Telefon Kontroll\u00fc Disko Topu I\u015f\u0131klar\u0131"},"content":{"rendered":"<p>E\u011flencenin yeni adresi burada! Masa\u00fcst\u00fc disko topu, \u0131\u015f\u0131k efektleriyle s\u0131radan mekanlar\u0131 hareketli birer dans pistine \u00e7evirirken Bluetooth ba\u011flant\u0131s\u0131yla sizi partinin kontrol\u00fcne davet ediyor.\u2022 I\u015f\u0131klar\u0131n B\u00fcy\u00fcs\u00fc: G\u00f6z al\u0131c\u0131 renkler ve efektlerle ortam\u0131n\u0131z\u0131 d\u00f6n\u00fc\u015ft\u00fcr\u00fcn.\u2022 Bluetooth ve Uzaktan Kumanda \u00d6zelli\u011fi: Telefonunuzdan ya da kumanda ile \u0131\u015f\u0131k efektlerini diledi\u011finiz gibi d\u00fczenleyin.\u2022 Kolay Ta\u015f\u0131nabilirlik: Hafif ve kompakt yap\u0131s\u0131 sayesinde istedi\u011finiz yere g\u00f6t\u00fcr\u00fcn, e\u011flenceyi ba\u015flat\u0131n.\u2022 Herkese Uygun: DJ\u2019ler, organizat\u00f6rler, ev partisi tutkunlar\u0131 ve daha fazlas\u0131 i\u00e7in tasarland\u0131.E\u011flenceyi her yerde yan\u0131n\u0131zda ta\u015f\u0131y\u0131n! \u0130ster do\u011fum g\u00fcn\u00fc kutlamas\u0131, ister \u00f6zel bir organizasyon; bu \u00fcr\u00fcnle \u0131\u015f\u0131\u011f\u0131n b\u00fcy\u00fcs\u00fcn\u00fc ke\u015ffedin!<\/p>\n","protected":false},"excerpt":{"rendered":"<p>E\u011flencenin yeni adresi burada! Masa\u00fcst\u00fc disko topu, \u0131\u015f\u0131k efektleriyle s\u0131radan mekanlar\u0131 hareketli birer dans pistine \u00e7evirirken Bluetooth ba\u011flant\u0131s\u0131yla sizi partinin kontrol\u00fcne davet ediyor.\u2022 I\u015f\u0131klar\u0131n B\u00fcy\u00fcs\u00fc: G\u00f6z al\u0131c\u0131 renkler ve efektlerle ortam\u0131n\u0131z\u0131 d\u00f6n\u00fc\u015ft\u00fcr\u00fcn.\u2022 Bluetooth ve Uzaktan Kumanda \u00d6zelli\u011fi: Telefonunuzdan ya da kumanda ile \u0131\u015f\u0131k efektlerini diledi\u011finiz gibi d\u00fczenleyin.\u2022 Kolay Ta\u015f\u0131nabilirlik: Hafif ve kompakt yap\u0131s\u0131 sayesinde istedi\u011finiz&#8230;<\/p>\n","protected":false},"featured_media":113736,"comment_status":"open","ping_status":"closed","template":"","meta":{"_kad_post_transparent":"","_kad_post_title":"","_kad_post_layout":"","_kad_post_sidebar_id":"","_kad_post_content_style":"","_kad_post_vertical_padding":"","_kad_post_feature":"","_kad_post_feature_position":"","_kad_post_header":false,"_kad_post_footer":false,"_kad_post_classname":""},"product_brand":[],"product_cat":[14929],"product_tag":[],"class_list":{"0":"post-113737","1":"product","2":"type-product","3":"status-publish","4":"has-post-thumbnail","6":"product_cat-muzik-sistemi-muzik-sistemi","8":"first","9":"instock","10":"purchasable","11":"product-type-simple","12":"entry","13":"content-bg","14":"loop-entry"},"_links":{"self":[{"href":"https:\/\/www.hediyepazar.com\/index.php?rest_route=\/wp\/v2\/product\/113737","targetHints":{"allow":["GET"]}}],"collection":[{"href":"https:\/\/www.hediyepazar.com\/index.php?rest_route=\/wp\/v2\/product"}],"about":[{"href":"https:\/\/www.hediyepazar.com\/index.php?rest_route=\/wp\/v2\/types\/product"}],"replies":[{"embeddable":true,"href":"https:\/\/www.hediyepazar.com\/index.php?rest_route=%2Fwp%2Fv2%2Fcomments&post=113737"}],"wp:featuredmedia":[{"embeddable":true,"href":"https:\/\/www.hediyepazar.com\/index.php?rest_route=\/wp\/v2\/media\/113736"}],"wp:attachment":[{"href":"https:\/\/www.hediyepazar.com\/index.php?rest_route=%2Fwp%2Fv2%2Fmedia&parent=113737"}],"wp:term":[{"taxonomy":"product_brand","embeddable":true,"href":"https:\/\/www.hediyepazar.com\/index.php?rest_route=%2Fwp%2Fv2%2Fproduct_brand&post=113737"},{"taxonomy":"product_cat","embeddable":true,"href":"https:\/\/www.hediyepazar.com\/index.php?rest_route=%2Fwp%2Fv2%2Fproduct_cat&post=113737"},{"taxonomy":"product_tag","embeddable":true,"href":"https:\/\/www.hediyepazar.com\/index.php?rest_route=%2Fwp%2Fv2%2Fproduct_tag&post=113737"}],"curies":[{"name":"wp","href":"https:\/\/api.w.org\/{rel}","templated":true}]}}