{"id":113761,"date":"2026-05-05T11:54:55","date_gmt":"2026-05-05T14:54:55","guid":{"rendered":"https:\/\/www.hediyepazar.com\/?product=yeni-nesil-akilli-saat-arama-bildirimleri-uyku-kalp-atis-takibi"},"modified":"2026-05-05T11:54:55","modified_gmt":"2026-05-05T14:54:55","slug":"yeni-nesil-akilli-saat-arama-bildirimleri-uyku-kalp-atis-takibi","status":"publish","type":"product","link":"https:\/\/www.hediyepazar.com\/?product=yeni-nesil-akilli-saat-arama-bildirimleri-uyku-kalp-atis-takibi","title":{"rendered":"Yeni Nesil Ak\u0131ll\u0131 Saat Arama Bildirimleri Uyku &#038; Kalp At\u0131\u015f Takibi"},"content":{"rendered":"<p>Bu ak\u0131ll\u0131 saat, hem spor hem de g\u00fcnl\u00fck kullan\u0131m i\u00e7in ihtiya\u00e7lar\u0131n\u0131za tam uyum sa\u011flar.\u2022 Arama ve Bildirim G\u00f6r\u00fcnt\u00fcleme: Bluetooth ba\u011flant\u0131s\u0131 sayesinde telefon aramalar\u0131, mesajlar ve uygulama bildirimlerini takip edebilirsiniz.\u2022 Spor &#038; Sa\u011fl\u0131k Asistan\u0131: Ad\u0131msayar, kalori hesaplama, nab\u0131z \u00f6l\u00e7\u00fcm\u00fc ve kalp at\u0131\u015f\u0131 takibiyle sa\u011fl\u0131\u011f\u0131n\u0131z\u0131 g\u00f6z \u00f6n\u00fcnde tutar. Uyku d\u00fczeninizi analiz ederek dinlenme kalitenizi art\u0131rman\u0131za yard\u0131mc\u0131 olur.\u2022 Dayan\u0131kl\u0131 Tasar\u0131m: IPX suya ve toza dayan\u0131kl\u0131l\u0131k \u00f6zelli\u011fi ile d\u0131\u015f mekan aktivitelerinizde size e\u015flik eder.\u2022 Uzun Pil \u00d6mr\u00fc: 400 mAh batarya ile g\u00fcn boyu kullan\u0131m sa\u011flar.Minimalist ve modern tasar\u0131m\u0131 sayesinde hem \u015f\u0131k bir aksesuar hem de vazge\u00e7ilmez bir yard\u0131mc\u0131d\u0131r.<\/p>\n","protected":false},"excerpt":{"rendered":"<p>Bu ak\u0131ll\u0131 saat, hem spor hem de g\u00fcnl\u00fck kullan\u0131m i\u00e7in ihtiya\u00e7lar\u0131n\u0131za tam uyum sa\u011flar.\u2022 Arama ve Bildirim G\u00f6r\u00fcnt\u00fcleme: Bluetooth ba\u011flant\u0131s\u0131 sayesinde telefon aramalar\u0131, mesajlar ve uygulama bildirimlerini takip edebilirsiniz.\u2022 Spor &#038; Sa\u011fl\u0131k Asistan\u0131: Ad\u0131msayar, kalori hesaplama, nab\u0131z \u00f6l\u00e7\u00fcm\u00fc ve kalp at\u0131\u015f\u0131 takibiyle sa\u011fl\u0131\u011f\u0131n\u0131z\u0131 g\u00f6z \u00f6n\u00fcnde tutar. Uyku d\u00fczeninizi analiz ederek dinlenme kalitenizi art\u0131rman\u0131za yard\u0131mc\u0131 olur.\u2022&#8230;<\/p>\n","protected":false},"featured_media":113760,"comment_status":"open","ping_status":"closed","template":"","meta":{"_kad_post_transparent":"","_kad_post_title":"","_kad_post_layout":"","_kad_post_sidebar_id":"","_kad_post_content_style":"","_kad_post_vertical_padding":"","_kad_post_feature":"","_kad_post_feature_position":"","_kad_post_header":false,"_kad_post_footer":false,"_kad_post_classname":""},"product_brand":[],"product_cat":[14935],"product_tag":[],"class_list":{"0":"post-113761","1":"product","2":"type-product","3":"status-publish","4":"has-post-thumbnail","6":"product_cat-akilli-saatler-akilli-saatler","8":"first","9":"instock","10":"purchasable","11":"product-type-simple","12":"entry","13":"content-bg","14":"loop-entry"},"_links":{"self":[{"href":"https:\/\/www.hediyepazar.com\/index.php?rest_route=\/wp\/v2\/product\/113761","targetHints":{"allow":["GET"]}}],"collection":[{"href":"https:\/\/www.hediyepazar.com\/index.php?rest_route=\/wp\/v2\/product"}],"about":[{"href":"https:\/\/www.hediyepazar.com\/index.php?rest_route=\/wp\/v2\/types\/product"}],"replies":[{"embeddable":true,"href":"https:\/\/www.hediyepazar.com\/index.php?rest_route=%2Fwp%2Fv2%2Fcomments&post=113761"}],"wp:featuredmedia":[{"embeddable":true,"href":"https:\/\/www.hediyepazar.com\/index.php?rest_route=\/wp\/v2\/media\/113760"}],"wp:attachment":[{"href":"https:\/\/www.hediyepazar.com\/index.php?rest_route=%2Fwp%2Fv2%2Fmedia&parent=113761"}],"wp:term":[{"taxonomy":"product_brand","embeddable":true,"href":"https:\/\/www.hediyepazar.com\/index.php?rest_route=%2Fwp%2Fv2%2Fproduct_brand&post=113761"},{"taxonomy":"product_cat","embeddable":true,"href":"https:\/\/www.hediyepazar.com\/index.php?rest_route=%2Fwp%2Fv2%2Fproduct_cat&post=113761"},{"taxonomy":"product_tag","embeddable":true,"href":"https:\/\/www.hediyepazar.com\/index.php?rest_route=%2Fwp%2Fv2%2Fproduct_tag&post=113761"}],"curies":[{"name":"wp","href":"https:\/\/api.w.org\/{rel}","templated":true}]}}