{"id":113763,"date":"2026-05-05T11:55:00","date_gmt":"2026-05-05T14:55:00","guid":{"rendered":"https:\/\/www.hediyepazar.com\/?product=titresimli-saglik-takipli-yeni-nesil-akilli-saat-400mah-batarya-kapasiteli"},"modified":"2026-05-05T11:55:00","modified_gmt":"2026-05-05T14:55:00","slug":"titresimli-saglik-takipli-yeni-nesil-akilli-saat-400mah-batarya-kapasiteli","status":"publish","type":"product","link":"https:\/\/www.hediyepazar.com\/?product=titresimli-saglik-takipli-yeni-nesil-akilli-saat-400mah-batarya-kapasiteli","title":{"rendered":"Titre\u015fimli Sa\u011fl\u0131k Takipli Yeni Nesil Ak\u0131ll\u0131 Saat 400mAh Batarya Kapasiteli"},"content":{"rendered":"<p>Yeni nesil bu ak\u0131ll\u0131 saat, yaln\u0131zca bir teknoloji \u00fcr\u00fcn\u00fc de\u011fil, ayn\u0131 zamanda sa\u011fl\u0131\u011f\u0131n\u0131z\u0131 takip eden bir ya\u015fam asistan\u0131d\u0131r.\u2022 Sa\u011fl\u0131k Takibi: Nab\u0131z \u00f6l\u00e7er, kalp at\u0131\u015f h\u0131z\u0131 takibi ve uyku d\u00fczeni analizi ile bedeninizi her an kontrol edin.\u2022 G\u00fc\u00e7l\u00fc Batarya: 300-400 mAh kapasitesi sayesinde g\u00fcn boyunca kesintisiz kullan\u0131m.\u2022 Dayan\u0131kl\u0131l\u0131k: Suya ve toza kar\u015f\u0131 dayan\u0131kl\u0131 yap\u0131s\u0131 ile her ko\u015fulda yan\u0131n\u0131zda.\u2022 Ak\u0131ll\u0131 Bildirimler: Telefon aramalar\u0131, mesajlar ve bildirimler do\u011frudan bile\u011finizde.\u2022 Sporseverler i\u00e7in GPS: A\u00e7\u0131k hava etkinliklerinizde konum takibi yap\u0131n ve performans\u0131n\u0131z\u0131 art\u0131r\u0131n.Estetik tasar\u0131m\u0131 ve geni\u015f ekran\u0131yla \u015f\u0131kl\u0131\u011f\u0131 da elden b\u0131rakmaz. G\u00fcnl\u00fck hayat\u0131n\u0131zda bir ad\u0131m \u00f6nde olun!&nbsp;<\/p>\n","protected":false},"excerpt":{"rendered":"<p>Yeni nesil bu ak\u0131ll\u0131 saat, yaln\u0131zca bir teknoloji \u00fcr\u00fcn\u00fc de\u011fil, ayn\u0131 zamanda sa\u011fl\u0131\u011f\u0131n\u0131z\u0131 takip eden bir ya\u015fam asistan\u0131d\u0131r.\u2022 Sa\u011fl\u0131k Takibi: Nab\u0131z \u00f6l\u00e7er, kalp at\u0131\u015f h\u0131z\u0131 takibi ve uyku d\u00fczeni analizi ile bedeninizi her an kontrol edin.\u2022 G\u00fc\u00e7l\u00fc Batarya: 300-400 mAh kapasitesi sayesinde g\u00fcn boyunca kesintisiz kullan\u0131m.\u2022 Dayan\u0131kl\u0131l\u0131k: Suya ve toza kar\u015f\u0131 dayan\u0131kl\u0131 yap\u0131s\u0131 ile her&#8230;<\/p>\n","protected":false},"featured_media":113762,"comment_status":"open","ping_status":"closed","template":"","meta":{"_kad_post_transparent":"","_kad_post_title":"","_kad_post_layout":"","_kad_post_sidebar_id":"","_kad_post_content_style":"","_kad_post_vertical_padding":"","_kad_post_feature":"","_kad_post_feature_position":"","_kad_post_header":false,"_kad_post_footer":false,"_kad_post_classname":""},"product_brand":[],"product_cat":[14935],"product_tag":[],"class_list":{"0":"post-113763","1":"product","2":"type-product","3":"status-publish","4":"has-post-thumbnail","6":"product_cat-akilli-saatler-akilli-saatler","8":"first","9":"instock","10":"purchasable","11":"product-type-simple","12":"entry","13":"content-bg","14":"loop-entry"},"_links":{"self":[{"href":"https:\/\/www.hediyepazar.com\/index.php?rest_route=\/wp\/v2\/product\/113763","targetHints":{"allow":["GET"]}}],"collection":[{"href":"https:\/\/www.hediyepazar.com\/index.php?rest_route=\/wp\/v2\/product"}],"about":[{"href":"https:\/\/www.hediyepazar.com\/index.php?rest_route=\/wp\/v2\/types\/product"}],"replies":[{"embeddable":true,"href":"https:\/\/www.hediyepazar.com\/index.php?rest_route=%2Fwp%2Fv2%2Fcomments&post=113763"}],"wp:featuredmedia":[{"embeddable":true,"href":"https:\/\/www.hediyepazar.com\/index.php?rest_route=\/wp\/v2\/media\/113762"}],"wp:attachment":[{"href":"https:\/\/www.hediyepazar.com\/index.php?rest_route=%2Fwp%2Fv2%2Fmedia&parent=113763"}],"wp:term":[{"taxonomy":"product_brand","embeddable":true,"href":"https:\/\/www.hediyepazar.com\/index.php?rest_route=%2Fwp%2Fv2%2Fproduct_brand&post=113763"},{"taxonomy":"product_cat","embeddable":true,"href":"https:\/\/www.hediyepazar.com\/index.php?rest_route=%2Fwp%2Fv2%2Fproduct_cat&post=113763"},{"taxonomy":"product_tag","embeddable":true,"href":"https:\/\/www.hediyepazar.com\/index.php?rest_route=%2Fwp%2Fv2%2Fproduct_tag&post=113763"}],"curies":[{"name":"wp","href":"https:\/\/api.w.org\/{rel}","templated":true}]}}