{"id":113765,"date":"2026-05-05T11:55:05","date_gmt":"2026-05-05T14:55:05","guid":{"rendered":"https:\/\/www.hediyepazar.com\/?product=suya-dayanikli-bluetooth-akilli-saat-gps-adimsayar-nabiz-saglik-takibi"},"modified":"2026-05-05T11:55:05","modified_gmt":"2026-05-05T14:55:05","slug":"suya-dayanikli-bluetooth-akilli-saat-gps-adimsayar-nabiz-saglik-takibi","status":"publish","type":"product","link":"https:\/\/www.hediyepazar.com\/?product=suya-dayanikli-bluetooth-akilli-saat-gps-adimsayar-nabiz-saglik-takibi","title":{"rendered":"Suya Dayan\u0131kl\u0131 Bluetooth Ak\u0131ll\u0131 Saat GPS Ad\u0131msayar Nab\u0131z &#038; Sa\u011fl\u0131k Takibi"},"content":{"rendered":"<p>Teknolojiyi Bile\u011finizde Ta\u015f\u0131y\u0131n! Yeni Nesil Ak\u0131ll\u0131 Saat ile T\u00fcm \u0130htiya\u00e7lar\u0131n\u0131z Yan\u0131n\u0131zda.Bu ak\u0131ll\u0131 saat, modern tasar\u0131m\u0131 ve geli\u015fmi\u015f \u00f6zellikleriyle hayat\u0131n\u0131z\u0131 kolayla\u015ft\u0131r\u0131r. Suya ve toza dayan\u0131kl\u0131 yap\u0131s\u0131, spor ve g\u00fcnl\u00fck kullan\u0131mlar i\u00e7in m\u00fckemmel bir tercih sunar. GPS deste\u011fi ile konum takibini kolayla\u015ft\u0131r\u0131rken, Bluetooth ba\u011flant\u0131s\u0131 sayesinde telefon aramalar\u0131, bildirimler ve mesajlar bile\u011finize ta\u015f\u0131n\u0131r. Sa\u011fl\u0131k takibi \u00f6zellikleri aras\u0131nda ad\u0131msayar, nab\u0131z \u00f6l\u00e7er, kalp at\u0131\u015f h\u0131z\u0131 ve uyku izleme fonksiyonlar\u0131 bulunur. 300-400 mAh batarya kapasitesi ile uzun s\u00fcreli kullan\u0131m sa\u011flar. Spor yaparken, \u00e7al\u0131\u015f\u0131rken ya da seyahat ederken sizi asla yaln\u0131z b\u0131rakmaz!<\/p>\n","protected":false},"excerpt":{"rendered":"<p>Teknolojiyi Bile\u011finizde Ta\u015f\u0131y\u0131n! Yeni Nesil Ak\u0131ll\u0131 Saat ile T\u00fcm \u0130htiya\u00e7lar\u0131n\u0131z Yan\u0131n\u0131zda.Bu ak\u0131ll\u0131 saat, modern tasar\u0131m\u0131 ve geli\u015fmi\u015f \u00f6zellikleriyle hayat\u0131n\u0131z\u0131 kolayla\u015ft\u0131r\u0131r. Suya ve toza dayan\u0131kl\u0131 yap\u0131s\u0131, spor ve g\u00fcnl\u00fck kullan\u0131mlar i\u00e7in m\u00fckemmel bir tercih sunar. GPS deste\u011fi ile konum takibini kolayla\u015ft\u0131r\u0131rken, Bluetooth ba\u011flant\u0131s\u0131 sayesinde telefon aramalar\u0131, bildirimler ve mesajlar bile\u011finize ta\u015f\u0131n\u0131r. Sa\u011fl\u0131k takibi \u00f6zellikleri aras\u0131nda ad\u0131msayar,&#8230;<\/p>\n","protected":false},"featured_media":113764,"comment_status":"open","ping_status":"closed","template":"","meta":{"_kad_post_transparent":"","_kad_post_title":"","_kad_post_layout":"","_kad_post_sidebar_id":"","_kad_post_content_style":"","_kad_post_vertical_padding":"","_kad_post_feature":"","_kad_post_feature_position":"","_kad_post_header":false,"_kad_post_footer":false,"_kad_post_classname":""},"product_brand":[],"product_cat":[14935],"product_tag":[],"class_list":{"0":"post-113765","1":"product","2":"type-product","3":"status-publish","4":"has-post-thumbnail","6":"product_cat-akilli-saatler-akilli-saatler","8":"first","9":"instock","10":"purchasable","11":"product-type-simple","12":"entry","13":"content-bg","14":"loop-entry"},"_links":{"self":[{"href":"https:\/\/www.hediyepazar.com\/index.php?rest_route=\/wp\/v2\/product\/113765","targetHints":{"allow":["GET"]}}],"collection":[{"href":"https:\/\/www.hediyepazar.com\/index.php?rest_route=\/wp\/v2\/product"}],"about":[{"href":"https:\/\/www.hediyepazar.com\/index.php?rest_route=\/wp\/v2\/types\/product"}],"replies":[{"embeddable":true,"href":"https:\/\/www.hediyepazar.com\/index.php?rest_route=%2Fwp%2Fv2%2Fcomments&post=113765"}],"wp:featuredmedia":[{"embeddable":true,"href":"https:\/\/www.hediyepazar.com\/index.php?rest_route=\/wp\/v2\/media\/113764"}],"wp:attachment":[{"href":"https:\/\/www.hediyepazar.com\/index.php?rest_route=%2Fwp%2Fv2%2Fmedia&parent=113765"}],"wp:term":[{"taxonomy":"product_brand","embeddable":true,"href":"https:\/\/www.hediyepazar.com\/index.php?rest_route=%2Fwp%2Fv2%2Fproduct_brand&post=113765"},{"taxonomy":"product_cat","embeddable":true,"href":"https:\/\/www.hediyepazar.com\/index.php?rest_route=%2Fwp%2Fv2%2Fproduct_cat&post=113765"},{"taxonomy":"product_tag","embeddable":true,"href":"https:\/\/www.hediyepazar.com\/index.php?rest_route=%2Fwp%2Fv2%2Fproduct_tag&post=113765"}],"curies":[{"name":"wp","href":"https:\/\/api.w.org\/{rel}","templated":true}]}}