{"id":113779,"date":"2026-05-05T11:55:44","date_gmt":"2026-05-05T14:55:44","guid":{"rendered":"https:\/\/www.hediyepazar.com\/?product=seramik-kaplama-tasinabilir-mini-sac-duzlestirici-seyahat-dostu-tasarim-2"},"modified":"2026-05-05T11:55:44","modified_gmt":"2026-05-05T14:55:44","slug":"seramik-kaplama-tasinabilir-mini-sac-duzlestirici-seyahat-dostu-tasarim-2","status":"publish","type":"product","link":"https:\/\/www.hediyepazar.com\/?product=seramik-kaplama-tasinabilir-mini-sac-duzlestirici-seyahat-dostu-tasarim-2","title":{"rendered":"Seramik Kaplama Ta\u015f\u0131nabilir Mini Sa\u00e7 D\u00fczle\u015ftirici Seyahat Dostu Tasar\u0131m"},"content":{"rendered":"<p>Ta\u015f\u0131nabilir Seramik Kaplama Mini Sa\u00e7 D\u00fczle\u015ftirici \u2013 Seyahat \u0130\u00e7in \u0130deal!16 santimetrelik kompakt tasar\u0131m\u0131 sayesinde valize veya \u00e7antan\u0131za rahat\u00e7a s\u0131\u011fabilen bu ta\u015f\u0131nabilir sa\u00e7 d\u00fczle\u015ftirici, her an yan\u0131n\u0131zda ta\u015f\u0131yabilece\u011finiz pratik bir \u00e7\u00f6z\u00fcm sunuyor. Seramik kaplamas\u0131 sayesinde sa\u00e7lar\u0131n\u0131z\u0131 y\u0131pratmadan d\u00fczle\u015ftirir, elektriklenmeyi \u00f6nler ve uzun s\u00fcre kal\u0131c\u0131 bir d\u00fczl\u00fck sa\u011flar. 180\u00b0C\u2019ye kadar \u0131s\u0131nabilen bu cihaz, k\u0131sa s\u00fcrede \u0131s\u0131narak zamandan tasarruf etmenize olanak tan\u0131r. Hem g\u00fcnl\u00fck kullan\u0131m hem de seyahatleriniz i\u00e7in m\u00fckemmel bir yard\u0131mc\u0131d\u0131r.<\/p>\n","protected":false},"excerpt":{"rendered":"<p>Ta\u015f\u0131nabilir Seramik Kaplama Mini Sa\u00e7 D\u00fczle\u015ftirici \u2013 Seyahat \u0130\u00e7in \u0130deal!16 santimetrelik kompakt tasar\u0131m\u0131 sayesinde valize veya \u00e7antan\u0131za rahat\u00e7a s\u0131\u011fabilen bu ta\u015f\u0131nabilir sa\u00e7 d\u00fczle\u015ftirici, her an yan\u0131n\u0131zda ta\u015f\u0131yabilece\u011finiz pratik bir \u00e7\u00f6z\u00fcm sunuyor. Seramik kaplamas\u0131 sayesinde sa\u00e7lar\u0131n\u0131z\u0131 y\u0131pratmadan d\u00fczle\u015ftirir, elektriklenmeyi \u00f6nler ve uzun s\u00fcre kal\u0131c\u0131 bir d\u00fczl\u00fck sa\u011flar. 180\u00b0C\u2019ye kadar \u0131s\u0131nabilen bu cihaz, k\u0131sa s\u00fcrede \u0131s\u0131narak zamandan&#8230;<\/p>\n","protected":false},"featured_media":113778,"comment_status":"open","ping_status":"closed","template":"","meta":{"_kad_post_transparent":"","_kad_post_title":"","_kad_post_layout":"","_kad_post_sidebar_id":"","_kad_post_content_style":"","_kad_post_vertical_padding":"","_kad_post_feature":"","_kad_post_feature_position":"","_kad_post_header":false,"_kad_post_footer":false,"_kad_post_classname":""},"product_brand":[],"product_cat":[14907],"product_tag":[],"class_list":{"0":"post-113779","1":"product","2":"type-product","3":"status-publish","4":"has-post-thumbnail","6":"product_cat-sac-masasi-sac-masasi","8":"first","9":"instock","10":"purchasable","11":"product-type-simple","12":"entry","13":"content-bg","14":"loop-entry"},"_links":{"self":[{"href":"https:\/\/www.hediyepazar.com\/index.php?rest_route=\/wp\/v2\/product\/113779","targetHints":{"allow":["GET"]}}],"collection":[{"href":"https:\/\/www.hediyepazar.com\/index.php?rest_route=\/wp\/v2\/product"}],"about":[{"href":"https:\/\/www.hediyepazar.com\/index.php?rest_route=\/wp\/v2\/types\/product"}],"replies":[{"embeddable":true,"href":"https:\/\/www.hediyepazar.com\/index.php?rest_route=%2Fwp%2Fv2%2Fcomments&post=113779"}],"wp:featuredmedia":[{"embeddable":true,"href":"https:\/\/www.hediyepazar.com\/index.php?rest_route=\/wp\/v2\/media\/113778"}],"wp:attachment":[{"href":"https:\/\/www.hediyepazar.com\/index.php?rest_route=%2Fwp%2Fv2%2Fmedia&parent=113779"}],"wp:term":[{"taxonomy":"product_brand","embeddable":true,"href":"https:\/\/www.hediyepazar.com\/index.php?rest_route=%2Fwp%2Fv2%2Fproduct_brand&post=113779"},{"taxonomy":"product_cat","embeddable":true,"href":"https:\/\/www.hediyepazar.com\/index.php?rest_route=%2Fwp%2Fv2%2Fproduct_cat&post=113779"},{"taxonomy":"product_tag","embeddable":true,"href":"https:\/\/www.hediyepazar.com\/index.php?rest_route=%2Fwp%2Fv2%2Fproduct_tag&post=113779"}],"curies":[{"name":"wp","href":"https:\/\/api.w.org\/{rel}","templated":true}]}}