{"id":113801,"date":"2026-05-05T11:56:38","date_gmt":"2026-05-05T14:56:38","guid":{"rendered":"https:\/\/www.hediyepazar.com\/?product=fon-tarak-elektriklenmeyi-onleyen-ve-parlaklik-veren-sac-sekillendirici-2"},"modified":"2026-05-05T11:56:38","modified_gmt":"2026-05-05T14:56:38","slug":"fon-tarak-elektriklenmeyi-onleyen-ve-parlaklik-veren-sac-sekillendirici-2","status":"publish","type":"product","link":"https:\/\/www.hediyepazar.com\/?product=fon-tarak-elektriklenmeyi-onleyen-ve-parlaklik-veren-sac-sekillendirici-2","title":{"rendered":"F\u00f6n Tarak Elektriklenmeyi \u00d6nleyen ve Parlakl\u0131k Veren Sa\u00e7 \u015eekillendirici"},"content":{"rendered":"<p>Sa\u00e7lar\u0131n\u0131z\u0131n hem sa\u011fl\u0131kl\u0131 hem de g\u00f6z al\u0131c\u0131 g\u00f6r\u00fcnmesini sa\u011flayan negatif iyon teknolojili sa\u00e7 \u015fekillendirici f\u00f6n tara\u011f\u0131, elektriklenmeyi \u00f6nleyerek p\u00fcr\u00fczs\u00fcz sonu\u00e7lar elde etmenizi sa\u011flar. 1200 Watt g\u00fcc\u00fcyle h\u0131zl\u0131 ve etkili \u015fekillendirme, \u00fc\u00e7 farkl\u0131 \u0131s\u0131 ayar\u0131yla her sa\u00e7 tipine uygun se\u00e7enek sunar. \u00d6zel tasar\u0131m\u0131 sayesinde sa\u00e7lar\u0131n\u0131za hacim kazand\u0131r\u0131r, parlakl\u0131k verir ve y\u0131pranmaya kar\u015f\u0131 korur. 360\u00b0 d\u00f6nebilen kablo tasar\u0131m\u0131, kullan\u0131m s\u0131ras\u0131nda maksimum hareket \u00f6zg\u00fcrl\u00fc\u011f\u00fc sa\u011flar. Hem zamandan tasarruf edin hem de kusursuz sa\u00e7lara sahip olun!<\/p>\n","protected":false},"excerpt":{"rendered":"<p>Sa\u00e7lar\u0131n\u0131z\u0131n hem sa\u011fl\u0131kl\u0131 hem de g\u00f6z al\u0131c\u0131 g\u00f6r\u00fcnmesini sa\u011flayan negatif iyon teknolojili sa\u00e7 \u015fekillendirici f\u00f6n tara\u011f\u0131, elektriklenmeyi \u00f6nleyerek p\u00fcr\u00fczs\u00fcz sonu\u00e7lar elde etmenizi sa\u011flar. 1200 Watt g\u00fcc\u00fcyle h\u0131zl\u0131 ve etkili \u015fekillendirme, \u00fc\u00e7 farkl\u0131 \u0131s\u0131 ayar\u0131yla her sa\u00e7 tipine uygun se\u00e7enek sunar. \u00d6zel tasar\u0131m\u0131 sayesinde sa\u00e7lar\u0131n\u0131za hacim kazand\u0131r\u0131r, parlakl\u0131k verir ve y\u0131pranmaya kar\u015f\u0131 korur. 360\u00b0 d\u00f6nebilen kablo&#8230;<\/p>\n","protected":false},"featured_media":113800,"comment_status":"open","ping_status":"closed","template":"","meta":{"_kad_post_transparent":"","_kad_post_title":"","_kad_post_layout":"","_kad_post_sidebar_id":"","_kad_post_content_style":"","_kad_post_vertical_padding":"","_kad_post_feature":"","_kad_post_feature_position":"","_kad_post_header":false,"_kad_post_footer":false,"_kad_post_classname":""},"product_brand":[],"product_cat":[14907],"product_tag":[],"class_list":{"0":"post-113801","1":"product","2":"type-product","3":"status-publish","4":"has-post-thumbnail","6":"product_cat-sac-masasi-sac-masasi","8":"first","9":"instock","10":"purchasable","11":"product-type-simple","12":"entry","13":"content-bg","14":"loop-entry"},"_links":{"self":[{"href":"https:\/\/www.hediyepazar.com\/index.php?rest_route=\/wp\/v2\/product\/113801","targetHints":{"allow":["GET"]}}],"collection":[{"href":"https:\/\/www.hediyepazar.com\/index.php?rest_route=\/wp\/v2\/product"}],"about":[{"href":"https:\/\/www.hediyepazar.com\/index.php?rest_route=\/wp\/v2\/types\/product"}],"replies":[{"embeddable":true,"href":"https:\/\/www.hediyepazar.com\/index.php?rest_route=%2Fwp%2Fv2%2Fcomments&post=113801"}],"wp:featuredmedia":[{"embeddable":true,"href":"https:\/\/www.hediyepazar.com\/index.php?rest_route=\/wp\/v2\/media\/113800"}],"wp:attachment":[{"href":"https:\/\/www.hediyepazar.com\/index.php?rest_route=%2Fwp%2Fv2%2Fmedia&parent=113801"}],"wp:term":[{"taxonomy":"product_brand","embeddable":true,"href":"https:\/\/www.hediyepazar.com\/index.php?rest_route=%2Fwp%2Fv2%2Fproduct_brand&post=113801"},{"taxonomy":"product_cat","embeddable":true,"href":"https:\/\/www.hediyepazar.com\/index.php?rest_route=%2Fwp%2Fv2%2Fproduct_cat&post=113801"},{"taxonomy":"product_tag","embeddable":true,"href":"https:\/\/www.hediyepazar.com\/index.php?rest_route=%2Fwp%2Fv2%2Fproduct_tag&post=113801"}],"curies":[{"name":"wp","href":"https:\/\/api.w.org\/{rel}","templated":true}]}}