{"id":113811,"date":"2026-05-05T11:57:06","date_gmt":"2026-05-05T14:57:06","guid":{"rendered":"https:\/\/www.hediyepazar.com\/?product=ekranli-airpods-pro-2"},"modified":"2026-05-05T11:57:06","modified_gmt":"2026-05-05T14:57:06","slug":"ekranli-airpods-pro-2","status":"publish","type":"product","link":"https:\/\/www.hediyepazar.com\/?product=ekranli-airpods-pro-2","title":{"rendered":"EKRANLI A\u0130RPODS PRO"},"content":{"rendered":"<p>Dokunmatik ekranl\u0131 Bluetooth kulakl\u0131kOtomatik pop-upYepyeni tasar\u0131mG\u00fc\u00e7l\u00fc bataryaG\u00fc\u00e7l\u00fc ses ve bassG\u00f6rev AtamaHi SiriM\u00fczik Payla\u015fmaKonum BulArka Plan SesleriT\u00fcm Ak\u0131ll\u0131 Telefonlara UyumluOtomatik Ba\u011flant\u0131 \u00d6zelli\u011fiPop-UP Ekran\u0131Kulaki\u00e7i Sens\u00f6rlerPowerbank \u00d6zellikli Kutu \tSuya ve tere kar\u015f\u0131 dayan\u0131kl\u0131 yap\u0131s\u0131 sayesinde spor aktivitelerinizde veya ya\u011fmurlu havalarda dahi m\u00fczi\u011fin keyfini kesintisiz s\u00fcrd\u00fcrebilirsiniz \tAktif G\u00fcr\u00fclt\u00fc \u00d6nleme (ANC) \u00f6zelli\u011fi ile d\u0131\u015f d\u00fcnyan\u0131n g\u00fcr\u00fclt\u00fcs\u00fcn\u00fc engelleyerek, m\u00fczi\u011finize odaklanman\u0131z\u0131 sa\u011flar \tDokunmatik kontrol paneli, m\u00fczikleriniz aras\u0131nda kolayca ge\u00e7i\u015f yapman\u0131z\u0131 ve \u00e7a\u011fr\u0131lar\u0131n\u0131z\u0131 y\u00f6netmenizi m\u00fcmk\u00fcn k\u0131lar \tDahili mikrofonu sayesinde net g\u00f6r\u00fc\u015fmeler yapabilir ve eller serbest deneyimin keyfini \u00e7\u0131karabilirsiniz<\/p>\n","protected":false},"excerpt":{"rendered":"<p>Dokunmatik ekranl\u0131 Bluetooth kulakl\u0131kOtomatik pop-upYepyeni tasar\u0131mG\u00fc\u00e7l\u00fc bataryaG\u00fc\u00e7l\u00fc ses ve bassG\u00f6rev AtamaHi SiriM\u00fczik Payla\u015fmaKonum BulArka Plan SesleriT\u00fcm Ak\u0131ll\u0131 Telefonlara UyumluOtomatik Ba\u011flant\u0131 \u00d6zelli\u011fiPop-UP Ekran\u0131Kulaki\u00e7i Sens\u00f6rlerPowerbank \u00d6zellikli Kutu Suya ve tere kar\u015f\u0131 dayan\u0131kl\u0131 yap\u0131s\u0131 sayesinde spor aktivitelerinizde veya ya\u011fmurlu havalarda dahi m\u00fczi\u011fin keyfini kesintisiz s\u00fcrd\u00fcrebilirsiniz Aktif G\u00fcr\u00fclt\u00fc \u00d6nleme (ANC) \u00f6zelli\u011fi ile d\u0131\u015f d\u00fcnyan\u0131n g\u00fcr\u00fclt\u00fcs\u00fcn\u00fc engelleyerek, m\u00fczi\u011finize odaklanman\u0131z\u0131 sa\u011flar&#8230;<\/p>\n","protected":false},"featured_media":113810,"comment_status":"open","ping_status":"closed","template":"","meta":{"_kad_post_transparent":"","_kad_post_title":"","_kad_post_layout":"","_kad_post_sidebar_id":"","_kad_post_content_style":"","_kad_post_vertical_padding":"","_kad_post_feature":"","_kad_post_feature_position":"","_kad_post_header":false,"_kad_post_footer":false,"_kad_post_classname":""},"product_brand":[],"product_cat":[14957],"product_tag":[],"class_list":{"0":"post-113811","1":"product","2":"type-product","3":"status-publish","4":"has-post-thumbnail","6":"product_cat-kablosuz-kulaklik-kablosuz-kulaklik","8":"first","9":"instock","10":"purchasable","11":"product-type-simple","12":"entry","13":"content-bg","14":"loop-entry"},"_links":{"self":[{"href":"https:\/\/www.hediyepazar.com\/index.php?rest_route=\/wp\/v2\/product\/113811","targetHints":{"allow":["GET"]}}],"collection":[{"href":"https:\/\/www.hediyepazar.com\/index.php?rest_route=\/wp\/v2\/product"}],"about":[{"href":"https:\/\/www.hediyepazar.com\/index.php?rest_route=\/wp\/v2\/types\/product"}],"replies":[{"embeddable":true,"href":"https:\/\/www.hediyepazar.com\/index.php?rest_route=%2Fwp%2Fv2%2Fcomments&post=113811"}],"wp:featuredmedia":[{"embeddable":true,"href":"https:\/\/www.hediyepazar.com\/index.php?rest_route=\/wp\/v2\/media\/113810"}],"wp:attachment":[{"href":"https:\/\/www.hediyepazar.com\/index.php?rest_route=%2Fwp%2Fv2%2Fmedia&parent=113811"}],"wp:term":[{"taxonomy":"product_brand","embeddable":true,"href":"https:\/\/www.hediyepazar.com\/index.php?rest_route=%2Fwp%2Fv2%2Fproduct_brand&post=113811"},{"taxonomy":"product_cat","embeddable":true,"href":"https:\/\/www.hediyepazar.com\/index.php?rest_route=%2Fwp%2Fv2%2Fproduct_cat&post=113811"},{"taxonomy":"product_tag","embeddable":true,"href":"https:\/\/www.hediyepazar.com\/index.php?rest_route=%2Fwp%2Fv2%2Fproduct_tag&post=113811"}],"curies":[{"name":"wp","href":"https:\/\/api.w.org\/{rel}","templated":true}]}}