{"id":113817,"date":"2026-05-05T11:57:21","date_gmt":"2026-05-05T14:57:21","guid":{"rendered":"https:\/\/www.hediyepazar.com\/?product=g9-mini-akilli-saat-2"},"modified":"2026-05-05T11:57:21","modified_gmt":"2026-05-05T14:57:21","slug":"g9-mini-akilli-saat-2","status":"publish","type":"product","link":"https:\/\/www.hediyepazar.com\/?product=g9-mini-akilli-saat-2","title":{"rendered":"G9 M\u0130N\u0130 AKILLI SAAT"},"content":{"rendered":"<p>\u00a0\u015e\u0131k pembe kasa rengiyle dikkat \u00e7eken G9 mini ak\u0131ll\u0131 saat, g\u00fcnl\u00fck kullan\u0131m i\u00e7in ideal bir aksesuar olarak \u00f6ne \u00e7\u0131k\u0131yor \t&#8211; 20 mm alt\u0131ndaki kompakt boyutu sayesinde her t\u00fcr k\u0131yafetle kolayca uyum sa\u011flayarak stilinizi tamamlar \t&#8211; Dahili GPS \u00f6zelli\u011fi ile konumunuzu hassas bir \u015fekilde takip eder ve navigasyon ihtiya\u00e7lar\u0131n\u0131zda size yard\u0131mc\u0131 olur \t&#8211; Ad\u0131msayar \u00f6zelli\u011fi ile g\u00fcnl\u00fck aktivitelerinizi izleyerek sa\u011fl\u0131kl\u0131 ya\u015fam hedeflerinize ula\u015fman\u0131zda destek olur \t&#8211; Uyku takibi sayesinde uyku d\u00fczeninizi analiz eder ve daha iyi bir uyku kalitesi i\u00e7in \u00f6neriler sunar \t&#8211; Sesli g\u00f6r\u00fc\u015fme \u00f6zelli\u011fiyle telefonunuza dokunmadan \u00e7a\u011fr\u0131lara cevap verebilir, eller serbest konu\u015fman\u0131n keyfini \u00e7\u0131karabilirsiniz \t&#8211; Suya ve toza kar\u015f\u0131 dayan\u0131kl\u0131l\u0131k \u00f6zelli\u011fi sayesinde spor yaparken veya ya\u011fmurlu havalarda bile saatinizi g\u00fcvenle kullanabilirsiniz \t&#8211; Nab\u0131z sens\u00f6r\u00fc ile kalp at\u0131\u015f h\u0131z\u0131n\u0131z\u0131 s\u00fcrekli olarak<\/p>\n","protected":false},"excerpt":{"rendered":"<p>\u00a0\u015e\u0131k pembe kasa rengiyle dikkat \u00e7eken G9 mini ak\u0131ll\u0131 saat, g\u00fcnl\u00fck kullan\u0131m i\u00e7in ideal bir aksesuar olarak \u00f6ne \u00e7\u0131k\u0131yor &#8211; 20 mm alt\u0131ndaki kompakt boyutu sayesinde her t\u00fcr k\u0131yafetle kolayca uyum sa\u011flayarak stilinizi tamamlar &#8211; Dahili GPS \u00f6zelli\u011fi ile konumunuzu hassas bir \u015fekilde takip eder ve navigasyon ihtiya\u00e7lar\u0131n\u0131zda size yard\u0131mc\u0131 olur &#8211; Ad\u0131msayar \u00f6zelli\u011fi ile&#8230;<\/p>\n","protected":false},"featured_media":113816,"comment_status":"open","ping_status":"closed","template":"","meta":{"_kad_post_transparent":"","_kad_post_title":"","_kad_post_layout":"","_kad_post_sidebar_id":"","_kad_post_content_style":"","_kad_post_vertical_padding":"","_kad_post_feature":"","_kad_post_feature_position":"","_kad_post_header":false,"_kad_post_footer":false,"_kad_post_classname":""},"product_brand":[],"product_cat":[14935],"product_tag":[],"class_list":{"0":"post-113817","1":"product","2":"type-product","3":"status-publish","4":"has-post-thumbnail","6":"product_cat-akilli-saatler-akilli-saatler","8":"first","9":"instock","10":"purchasable","11":"product-type-simple","12":"entry","13":"content-bg","14":"loop-entry"},"_links":{"self":[{"href":"https:\/\/www.hediyepazar.com\/index.php?rest_route=\/wp\/v2\/product\/113817","targetHints":{"allow":["GET"]}}],"collection":[{"href":"https:\/\/www.hediyepazar.com\/index.php?rest_route=\/wp\/v2\/product"}],"about":[{"href":"https:\/\/www.hediyepazar.com\/index.php?rest_route=\/wp\/v2\/types\/product"}],"replies":[{"embeddable":true,"href":"https:\/\/www.hediyepazar.com\/index.php?rest_route=%2Fwp%2Fv2%2Fcomments&post=113817"}],"wp:featuredmedia":[{"embeddable":true,"href":"https:\/\/www.hediyepazar.com\/index.php?rest_route=\/wp\/v2\/media\/113816"}],"wp:attachment":[{"href":"https:\/\/www.hediyepazar.com\/index.php?rest_route=%2Fwp%2Fv2%2Fmedia&parent=113817"}],"wp:term":[{"taxonomy":"product_brand","embeddable":true,"href":"https:\/\/www.hediyepazar.com\/index.php?rest_route=%2Fwp%2Fv2%2Fproduct_brand&post=113817"},{"taxonomy":"product_cat","embeddable":true,"href":"https:\/\/www.hediyepazar.com\/index.php?rest_route=%2Fwp%2Fv2%2Fproduct_cat&post=113817"},{"taxonomy":"product_tag","embeddable":true,"href":"https:\/\/www.hediyepazar.com\/index.php?rest_route=%2Fwp%2Fv2%2Fproduct_tag&post=113817"}],"curies":[{"name":"wp","href":"https:\/\/api.w.org\/{rel}","templated":true}]}}