{"id":113819,"date":"2026-05-05T11:57:25","date_gmt":"2026-05-05T14:57:25","guid":{"rendered":"https:\/\/www.hediyepazar.com\/?product=twsi18-kulaklik"},"modified":"2026-05-05T11:57:25","modified_gmt":"2026-05-05T14:57:25","slug":"twsi18-kulaklik","status":"publish","type":"product","link":"https:\/\/www.hediyepazar.com\/?product=twsi18-kulaklik","title":{"rendered":"TWS\u013018 KULAKLIK"},"content":{"rendered":"<p>\u00a0\u013018 Iphone Android Uyumlu Bluetooth Kulakl\u0131k \u00dcr\u00fcn A\u00e7\u0131klamas\u0131: \u013018 Iphone Android Uyumlu Bluetooth Kulakl\u0131k uzun pil \u00f6mr\u00fc ile kullan\u0131m s\u0131ras\u0131nda g\u00fc\u00e7 kayb\u0131 ya\u015famadan pratik bir deneyim sunar \tAyr\u0131ca \u00e7evre g\u00fcr\u00fclt\u00fcs\u00fcn\u00fc azaltma teknolojisi ile y\u00fcksek frekansl\u0131 bir radyo mikrofonu kullan\u0131r, b\u00f6ylece arama s\u0131ras\u0131nda sesiniz daha net ve p\u00fcr\u00fczs\u00fcz duyulur \tM\u00fczik veya oyun sisteminin ge\u00e7i\u015fini yapmak i\u00e7in uzun s\u00fcre basabilirsiniz \tAk\u0131ll\u0131 program, a\u00e7\u0131k oyun modunu benimseyerek sesi ve bas\u0131n\u00e7s\u0131z durumlar\u0131 belirler, b\u00f6ylece size en iyi ses deneyimini sunar \tAyr\u0131ca yeni nesil Bluetooth s\u00fcr\u00fcm\u00fc ile donat\u0131lm\u0131\u015ft\u0131r, bu da g\u00fcvenilir veri giri\u015fi sa\u011flar ve ileti\u015fim verimlili\u011finizi artt\u0131r\u0131rken giri\u015fimi azalt\u0131r \thareketli bobin kompozit film ve mikro hoparl\u00f6rler, tam frekansl\u0131 \u00f6zel ses dalgalar\u0131n\u0131 kullanarak ses performans\u0131n\u0131 daha hassas ve m\u00fckemmel bir \u015fekilde iletebilir \t\u00dcr\u00fcn \u00d6zellikleri: \u00b7 Bluetooth ba\u011flant\u0131s\u0131: H\u0131zl\u0131 ve kararl\u0131 ba\u011flant\u0131 sa\u011flar \t\u00b7 IPX4 su ve toz direnci: Ya\u011fmurlu havalarda veya terlemeden korkmadan kullanabilirsiniz \t\u00b7 Mikrofonlu: Telefon g\u00f6r\u00fc\u015fmeleri i\u00e7in kullan\u0131labilir \t\u00b7 Manyetik kulakl\u0131klar: Kulaklardan d\u00fc\u015fmesini \u00f6nler \t\u00b7 Ergonomik tasar\u0131m: Rahat bir kullan\u0131m sa\u011flar \t\u00b7 Kolayca ta\u015f\u0131nabilir \t\u00b7 Ses kalitesi: Ses kalitesi ortalaman\u0131n \u00fczerinde \tBaslar ve tiz sesler dengeli<\/p>\n","protected":false},"excerpt":{"rendered":"<p>\u00a0\u013018 Iphone Android Uyumlu Bluetooth Kulakl\u0131k \u00dcr\u00fcn A\u00e7\u0131klamas\u0131: \u013018 Iphone Android Uyumlu Bluetooth Kulakl\u0131k uzun pil \u00f6mr\u00fc ile kullan\u0131m s\u0131ras\u0131nda g\u00fc\u00e7 kayb\u0131 ya\u015famadan pratik bir deneyim sunar Ayr\u0131ca \u00e7evre g\u00fcr\u00fclt\u00fcs\u00fcn\u00fc azaltma teknolojisi ile y\u00fcksek frekansl\u0131 bir radyo mikrofonu kullan\u0131r, b\u00f6ylece arama s\u0131ras\u0131nda sesiniz daha net ve p\u00fcr\u00fczs\u00fcz duyulur M\u00fczik veya oyun sisteminin ge\u00e7i\u015fini yapmak i\u00e7in&#8230;<\/p>\n","protected":false},"featured_media":113818,"comment_status":"open","ping_status":"closed","template":"","meta":{"_kad_post_transparent":"","_kad_post_title":"","_kad_post_layout":"","_kad_post_sidebar_id":"","_kad_post_content_style":"","_kad_post_vertical_padding":"","_kad_post_feature":"","_kad_post_feature_position":"","_kad_post_header":false,"_kad_post_footer":false,"_kad_post_classname":""},"product_brand":[],"product_cat":[14957],"product_tag":[],"class_list":{"0":"post-113819","1":"product","2":"type-product","3":"status-publish","4":"has-post-thumbnail","6":"product_cat-kablosuz-kulaklik-kablosuz-kulaklik","8":"first","9":"instock","10":"purchasable","11":"product-type-simple","12":"entry","13":"content-bg","14":"loop-entry"},"_links":{"self":[{"href":"https:\/\/www.hediyepazar.com\/index.php?rest_route=\/wp\/v2\/product\/113819","targetHints":{"allow":["GET"]}}],"collection":[{"href":"https:\/\/www.hediyepazar.com\/index.php?rest_route=\/wp\/v2\/product"}],"about":[{"href":"https:\/\/www.hediyepazar.com\/index.php?rest_route=\/wp\/v2\/types\/product"}],"replies":[{"embeddable":true,"href":"https:\/\/www.hediyepazar.com\/index.php?rest_route=%2Fwp%2Fv2%2Fcomments&post=113819"}],"wp:featuredmedia":[{"embeddable":true,"href":"https:\/\/www.hediyepazar.com\/index.php?rest_route=\/wp\/v2\/media\/113818"}],"wp:attachment":[{"href":"https:\/\/www.hediyepazar.com\/index.php?rest_route=%2Fwp%2Fv2%2Fmedia&parent=113819"}],"wp:term":[{"taxonomy":"product_brand","embeddable":true,"href":"https:\/\/www.hediyepazar.com\/index.php?rest_route=%2Fwp%2Fv2%2Fproduct_brand&post=113819"},{"taxonomy":"product_cat","embeddable":true,"href":"https:\/\/www.hediyepazar.com\/index.php?rest_route=%2Fwp%2Fv2%2Fproduct_cat&post=113819"},{"taxonomy":"product_tag","embeddable":true,"href":"https:\/\/www.hediyepazar.com\/index.php?rest_route=%2Fwp%2Fv2%2Fproduct_tag&post=113819"}],"curies":[{"name":"wp","href":"https:\/\/api.w.org\/{rel}","templated":true}]}}