{"id":113823,"date":"2026-05-05T11:57:34","date_gmt":"2026-05-05T14:57:34","guid":{"rendered":"https:\/\/www.hediyepazar.com\/?product=hk-9-mini-akilli-saat"},"modified":"2026-05-05T11:57:34","modified_gmt":"2026-05-05T14:57:34","slug":"hk-9-mini-akilli-saat","status":"publish","type":"product","link":"https:\/\/www.hediyepazar.com\/?product=hk-9-mini-akilli-saat","title":{"rendered":"HK 9 M\u0130N\u0130 AKILLI SAAT"},"content":{"rendered":"<p>\u00a0HK9 Mini Pembe Kasa Pembe Kordon BT \u00c7a\u011fr\u0131 Fonksiyonlu Ak\u0131ll\u0131 Saat \u00dcr\u00fcn A\u00e7\u0131klamas\u0131:\u00c7a\u011fr\u0131 Fonksiyonlu Ak\u0131ll\u0131 Saat, modern tasar\u0131m\u0131 ve son teknoloji fonksiyonlar\u0131yla g\u00fcnl\u00fck hayat\u0131n\u0131z\u0131 kolayla\u015ft\u0131racak ve tarz\u0131n\u0131za \u015f\u0131kl\u0131k katacak bir ak\u0131ll\u0131 saat modelidir \tGeni\u015f ve parlak ekran\u0131, g\u00fc\u00e7l\u00fc i\u015flemcisi, geni\u015f belle\u011fi, uzun pil \u00f6mr\u00fc ve zengin fonksiyon yelpazesi ile her an ba\u011flant\u0131da kalman\u0131z\u0131 ve keyifli bir kullan\u0131m deneyimi ya\u015faman\u0131z\u0131 sa\u011flar \tTeknik \u00d6zellikler: Ekran: 1.75&#8243; AMOLED+ (320 x 385 piksel) \t4 ve iOS 8.0 ve \u00fczeri Bildirim alma Arama cevaplama M\u00fczik kontrol\u00fc Nab\u0131z at\u0131\u015f h\u0131z\u0131 takibi Uyku takibi Ad\u0131msayar Kalori takibi Spor modlar\u0131 Kronometre Pusula Yapay Zeka Sesli Asistan (ChatGPT) Parmakla Cevaplama Yepyeni 0S10 \u0130\u015fletim Sistemi Pil: 380 mAh Kasa Boyutu: 41 mm Kay\u0131\u015f Malzemesi: Silikon Renk: RoseGold ve Gold Su Ge\u00e7irmezlik: Hay\u0131r Boyut: 44*36*11 \t8mm Ekran: Geni\u015f ve parlak 1 \t75&#8243; AMOLED+ ekran, net ve canl\u0131 g\u00f6r\u00fcnt\u00fcler sunarak her an keyifli bir kullan\u0131m deneyimi ya\u015fat\u0131r \tY\u00fcksek 320 x 385 piksel \u00e7\u00f6z\u00fcn\u00fcrl\u00fck, keskin ve ayr\u0131nt\u0131l\u0131 g\u00f6r\u00fcnt\u00fcler sunarak her detay\u0131 g\u00f6rmenizi sa\u011flar \tDokunmatik ekran tasar\u0131m\u0131, kullan\u0131m\u0131 kolayla\u015ft\u0131r\u0131r ve pratik bir kullan\u0131m imkan\u0131 sunar \t\u0130\u015flemci: G\u00fc\u00e7l\u00fc Microgram Zhongke Lanxun \u00fc\u00e7\u00fcnc\u00fc nesil 8959 i\u015flemci, h\u0131zl\u0131 ve ak\u0131c\u0131 bir performans sa\u011flayarak t\u00fcm fonksiyonlar\u0131 sorunsuz bir \u015fekilde kullanman\u0131z\u0131 sa\u011flar \t\u00c7oklu g\u00f6revleri kolayca y\u00f6netmenizi ve uygulamalar\u0131n h\u0131zl\u0131 a\u00e7\u0131lmas\u0131n\u0131 ve \u00e7al\u0131\u015fmas\u0131n\u0131 sa\u011flar<\/p>\n","protected":false},"excerpt":{"rendered":"<p>\u00a0HK9 Mini Pembe Kasa Pembe Kordon BT \u00c7a\u011fr\u0131 Fonksiyonlu Ak\u0131ll\u0131 Saat \u00dcr\u00fcn A\u00e7\u0131klamas\u0131:\u00c7a\u011fr\u0131 Fonksiyonlu Ak\u0131ll\u0131 Saat, modern tasar\u0131m\u0131 ve son teknoloji fonksiyonlar\u0131yla g\u00fcnl\u00fck hayat\u0131n\u0131z\u0131 kolayla\u015ft\u0131racak ve tarz\u0131n\u0131za \u015f\u0131kl\u0131k katacak bir ak\u0131ll\u0131 saat modelidir Geni\u015f ve parlak ekran\u0131, g\u00fc\u00e7l\u00fc i\u015flemcisi, geni\u015f belle\u011fi, uzun pil \u00f6mr\u00fc ve zengin fonksiyon yelpazesi ile her an ba\u011flant\u0131da kalman\u0131z\u0131 ve keyifli&#8230;<\/p>\n","protected":false},"featured_media":113822,"comment_status":"open","ping_status":"closed","template":"","meta":{"_kad_post_transparent":"","_kad_post_title":"","_kad_post_layout":"","_kad_post_sidebar_id":"","_kad_post_content_style":"","_kad_post_vertical_padding":"","_kad_post_feature":"","_kad_post_feature_position":"","_kad_post_header":false,"_kad_post_footer":false,"_kad_post_classname":""},"product_brand":[],"product_cat":[14935],"product_tag":[],"class_list":{"0":"post-113823","1":"product","2":"type-product","3":"status-publish","4":"has-post-thumbnail","6":"product_cat-akilli-saatler-akilli-saatler","8":"first","9":"instock","10":"purchasable","11":"product-type-simple","12":"entry","13":"content-bg","14":"loop-entry"},"_links":{"self":[{"href":"https:\/\/www.hediyepazar.com\/index.php?rest_route=\/wp\/v2\/product\/113823","targetHints":{"allow":["GET"]}}],"collection":[{"href":"https:\/\/www.hediyepazar.com\/index.php?rest_route=\/wp\/v2\/product"}],"about":[{"href":"https:\/\/www.hediyepazar.com\/index.php?rest_route=\/wp\/v2\/types\/product"}],"replies":[{"embeddable":true,"href":"https:\/\/www.hediyepazar.com\/index.php?rest_route=%2Fwp%2Fv2%2Fcomments&post=113823"}],"wp:featuredmedia":[{"embeddable":true,"href":"https:\/\/www.hediyepazar.com\/index.php?rest_route=\/wp\/v2\/media\/113822"}],"wp:attachment":[{"href":"https:\/\/www.hediyepazar.com\/index.php?rest_route=%2Fwp%2Fv2%2Fmedia&parent=113823"}],"wp:term":[{"taxonomy":"product_brand","embeddable":true,"href":"https:\/\/www.hediyepazar.com\/index.php?rest_route=%2Fwp%2Fv2%2Fproduct_brand&post=113823"},{"taxonomy":"product_cat","embeddable":true,"href":"https:\/\/www.hediyepazar.com\/index.php?rest_route=%2Fwp%2Fv2%2Fproduct_cat&post=113823"},{"taxonomy":"product_tag","embeddable":true,"href":"https:\/\/www.hediyepazar.com\/index.php?rest_route=%2Fwp%2Fv2%2Fproduct_tag&post=113823"}],"curies":[{"name":"wp","href":"https:\/\/api.w.org\/{rel}","templated":true}]}}