{"id":113825,"date":"2026-05-05T11:57:38","date_gmt":"2026-05-05T14:57:38","guid":{"rendered":"https:\/\/www.hediyepazar.com\/?product=hs-41-el-lambasi"},"modified":"2026-05-05T11:57:38","modified_gmt":"2026-05-05T14:57:38","slug":"hs-41-el-lambasi","status":"publish","type":"product","link":"https:\/\/www.hediyepazar.com\/?product=hs-41-el-lambasi","title":{"rendered":"HS-41 EL LAMBASI"},"content":{"rendered":"<p>4 mod \u015eARJLI I\u015f\u0131ldak \u00dcr\u00fcn \u00d6zellikleri: Y\u00fcksek Mukavemetli Al\u00fcminyum Ala\u015f\u0131m Malzeme 4 Farkl\u0131 Ayd\u0131nlatma Modu vard\u0131r: Y\u00fcksek, Orta ve Sellekt\u00f6r Sellekt\u00f6r G\u00f6revi Yani Sos I\u015f\u0131\u011f\u0131 G\u00f6vdesindeki \u0131\u015f\u0131ktan \u00e7\u0131kar. \tUltra Y\u00fcksek Led Lamba (Cree Chip) Led \u00d6mr\u00fc 100.000 Saattir. \tSert ve Dayan\u0131kl\u0131 Kolayca Deforme Olmaz Tasarruflu Pil Harcama \u00d6zelli\u011fi A\u015f\u0131nmaz Y\u00fczey Darbelere Dayan\u0131kl\u0131 Su Ge\u00e7irmez. \tLC 14500 1300mah Pil Vard\u0131r ve bir de pilin \u015farj cihaz\u0131 bulunmaktad\u0131r \u015earj Edilebilir.<\/p>\n","protected":false},"excerpt":{"rendered":"<p>4 mod \u015eARJLI I\u015f\u0131ldak \u00dcr\u00fcn \u00d6zellikleri: Y\u00fcksek Mukavemetli Al\u00fcminyum Ala\u015f\u0131m Malzeme 4 Farkl\u0131 Ayd\u0131nlatma Modu vard\u0131r: Y\u00fcksek, Orta ve Sellekt\u00f6r Sellekt\u00f6r G\u00f6revi Yani Sos I\u015f\u0131\u011f\u0131 G\u00f6vdesindeki \u0131\u015f\u0131ktan \u00e7\u0131kar. Ultra Y\u00fcksek Led Lamba (Cree Chip) Led \u00d6mr\u00fc 100.000 Saattir. Sert ve Dayan\u0131kl\u0131 Kolayca Deforme Olmaz Tasarruflu Pil Harcama \u00d6zelli\u011fi A\u015f\u0131nmaz Y\u00fczey Darbelere Dayan\u0131kl\u0131 Su Ge\u00e7irmez. LC&#8230;<\/p>\n","protected":false},"featured_media":113824,"comment_status":"open","ping_status":"closed","template":"","meta":{"_kad_post_transparent":"","_kad_post_title":"","_kad_post_layout":"","_kad_post_sidebar_id":"","_kad_post_content_style":"","_kad_post_vertical_padding":"","_kad_post_feature":"","_kad_post_feature_position":"","_kad_post_header":false,"_kad_post_footer":false,"_kad_post_classname":""},"product_brand":[],"product_cat":[14933],"product_tag":[],"class_list":{"0":"post-113825","1":"product","2":"type-product","3":"status-publish","4":"has-post-thumbnail","6":"product_cat-led-isik-led-isik","8":"first","9":"instock","10":"purchasable","11":"product-type-simple","12":"entry","13":"content-bg","14":"loop-entry"},"_links":{"self":[{"href":"https:\/\/www.hediyepazar.com\/index.php?rest_route=\/wp\/v2\/product\/113825","targetHints":{"allow":["GET"]}}],"collection":[{"href":"https:\/\/www.hediyepazar.com\/index.php?rest_route=\/wp\/v2\/product"}],"about":[{"href":"https:\/\/www.hediyepazar.com\/index.php?rest_route=\/wp\/v2\/types\/product"}],"replies":[{"embeddable":true,"href":"https:\/\/www.hediyepazar.com\/index.php?rest_route=%2Fwp%2Fv2%2Fcomments&post=113825"}],"wp:featuredmedia":[{"embeddable":true,"href":"https:\/\/www.hediyepazar.com\/index.php?rest_route=\/wp\/v2\/media\/113824"}],"wp:attachment":[{"href":"https:\/\/www.hediyepazar.com\/index.php?rest_route=%2Fwp%2Fv2%2Fmedia&parent=113825"}],"wp:term":[{"taxonomy":"product_brand","embeddable":true,"href":"https:\/\/www.hediyepazar.com\/index.php?rest_route=%2Fwp%2Fv2%2Fproduct_brand&post=113825"},{"taxonomy":"product_cat","embeddable":true,"href":"https:\/\/www.hediyepazar.com\/index.php?rest_route=%2Fwp%2Fv2%2Fproduct_cat&post=113825"},{"taxonomy":"product_tag","embeddable":true,"href":"https:\/\/www.hediyepazar.com\/index.php?rest_route=%2Fwp%2Fv2%2Fproduct_tag&post=113825"}],"curies":[{"name":"wp","href":"https:\/\/api.w.org\/{rel}","templated":true}]}}