{"id":113827,"date":"2026-05-05T11:57:42","date_gmt":"2026-05-05T14:57:42","guid":{"rendered":"https:\/\/www.hediyepazar.com\/?product=yumurta-gorunumlu-yildizli-projeksiyon"},"modified":"2026-05-05T11:57:42","modified_gmt":"2026-05-05T14:57:42","slug":"yumurta-gorunumlu-yildizli-projeksiyon","status":"publish","type":"product","link":"https:\/\/www.hediyepazar.com\/?product=yumurta-gorunumlu-yildizli-projeksiyon","title":{"rendered":"YUMURTA G\u00d6R\u00dcN\u00dcML\u00dc YILDIZLI PROJEKS\u0130YON"},"content":{"rendered":"<p>* 10 renk dinamik projeksiyonlar: be\u015f standart renk, k\u0131rm\u0131z\u0131 su dalgas\u0131, mavisu dalgas\u0131, ye\u015fil su dalgas\u0131, beyaz su dalgas\u0131 ve ye\u015fil lazer noktas\u0131, her ikirenk kar\u0131\u015ft\u0131r\u0131labilir ve her iki su dalgas\u0131 rengi de ye\u015fil lazer noktas\u0131 ilekar\u0131\u015ft\u0131r\u0131labilir, B\u00f6ylece en fazla 10 renk alabilirsiniz. Size muhte\u015fem biry\u0131ld\u0131zl\u0131 \u0131\u015f\u0131k g\u00f6stermek i\u00e7in, farkl\u0131 h\u0131zlar\u0131n dinamik gece projeksiyonu ilekombine \u00e7e\u015fitli renkler, rahat, romantik, renkli bir uzay projeksiyon ortam\u0131yaratmak.* Uzaktan kumanda ve m\u00fczikal: uzaktan kumanda ile (2XAAA pil kullan\u0131n-dahilde\u011fildir), gece \u0131\u015f\u0131\u011f\u0131n\u0131 a\u00e7mak veya kapatmak i\u00e7in yataktan veya kanepeden\u00e7\u0131kmaktan endi\u015felenmenize gerek yok, uzaktan da y\u0131ld\u0131z projekt\u00f6r \u0131\u015f\u0131k kontroledebilirsiniz, renkli \u0131\u015f\u0131klar, parlakl\u0131\u011f\u0131 ayarlamak, serbest\u00e7e a\u00e7mak\/kapatmaklamba, ayd\u0131nlatma modunu de\u011fi\u015ftirmek, M\u00fczik \u015fark\u0131lar\u0131, zamanlay\u0131c\u0131. En son sesetkinle\u015ftirilmi\u015f titreme modu, projeksiyonun rengi m\u00fczik ritmine g\u00f6rede\u011fi\u015ftirmesini veya ellerinizi \u00e7\u0131rpmas\u0131n\u0131 sa\u011flar ve bu da y\u0131ld\u0131zl\u0131 birprojeksiyon ile sonu\u00e7lan\u0131r.* Bluetooth hoparl\u00f6rler ve zamanlay\u0131c\u0131lar: favori m\u00fczi\u011finizi Bluetooth veya USB\u00fczerinden se\u00e7ebilirsiniz. Y\u00fcksek kaliteli m\u00fczik ve y\u0131ld\u0131zl\u0131 projeksiyonlar geceromantik ve yat\u0131\u015ft\u0131r\u0131c\u0131 bir ortam yarat\u0131r. Zamanlay\u0131c\u0131 se\u00e7ene\u011fi daha enerjiverimli, ayr\u0131ca t\u00fcm gece \u0131\u015f\u0131\u011f\u0131n\u0131 da atabilirsiniz.* Otomatik kontrol zamanlay\u0131c\u0131s\u0131: dinamik bulutsu&#8217;nun y\u0131ld\u0131z projekt\u00f6r \u0131\u015f\u0131kdahili 1H, 2H, otomatik kapanma zamanlay\u0131c\u0131s\u0131, gece \u0131\u015f\u0131k projekt\u00f6r projekt\u00f6r\u0131\u015f\u0131k \u00f6nceden ayarlanm\u0131\u015f s\u00fcreden sonra otomatik olarak kapanacakt\u0131r. Ve tabiiki, zamanlay\u0131c\u0131 t\u00fcm gece boyunca kalmak i\u00e7in iptal edilebilir.* Aile ve \u00e7ocuklar i\u00e7in hediyeler: y\u0131ld\u0131z projekt\u00f6r gece lambas\u0131 do\u011fum g\u00fcn\u00fci\u00e7in uygundur, parti, d\u00fc\u011f\u00fcn, oda dekor, \u00e7ocuk g\u00fcn\u00fc, noel, y\u0131ld\u00f6n\u00fcm\u00fc hediyeler,harika ve y\u0131ld\u0131zl\u0131 bir atmosfer yarat\u0131r, \u00e7ocuklar\u0131n meraklar\u0131n\u0131, hayal g\u00fcc\u00fcn\u00fc,yarat\u0131c\u0131l\u0131klar\u0131n\u0131 te\u015fvik etmelerine yard\u0131mc\u0131 olur. Ayr\u0131ca bir okyanus dalgas\u0131projekt\u00f6r, romantik ruh \u0131\u015f\u0131k, gece lambas\u0131 ve ba\u015fucu lambas\u0131 olarak i\u00e7dekorasyon i\u00e7in m\u00fckemmelle\u015ftirir.* M\u00fczik y\u0131ld\u0131zl\u0131 gece \u0131\u015f\u0131k projekt\u00f6r: y\u0131ld\u0131zl\u0131 gece lambas\u0131, bebekler i\u00e7in iyibir uyku ortam\u0131 yaratarak, aileniz veya arkada\u015flar\u0131n\u0131z i\u00e7in unutulmaz bir geceg\u00f6steren, duvarlara ve tavana ger\u00e7ek\u00e7i bir y\u0131ld\u0131zl\u0131 gece yans\u0131tabilir.<\/p>\n","protected":false},"excerpt":{"rendered":"<p>* 10 renk dinamik projeksiyonlar: be\u015f standart renk, k\u0131rm\u0131z\u0131 su dalgas\u0131, mavisu dalgas\u0131, ye\u015fil su dalgas\u0131, beyaz su dalgas\u0131 ve ye\u015fil lazer noktas\u0131, her ikirenk kar\u0131\u015ft\u0131r\u0131labilir ve her iki su dalgas\u0131 rengi de ye\u015fil lazer noktas\u0131 ilekar\u0131\u015ft\u0131r\u0131labilir, B\u00f6ylece en fazla 10 renk alabilirsiniz. Size muhte\u015fem biry\u0131ld\u0131zl\u0131 \u0131\u015f\u0131k g\u00f6stermek i\u00e7in, farkl\u0131 h\u0131zlar\u0131n dinamik gece projeksiyonu ilekombine&#8230;<\/p>\n","protected":false},"featured_media":113826,"comment_status":"open","ping_status":"closed","template":"","meta":{"_kad_post_transparent":"","_kad_post_title":"","_kad_post_layout":"","_kad_post_sidebar_id":"","_kad_post_content_style":"","_kad_post_vertical_padding":"","_kad_post_feature":"","_kad_post_feature_position":"","_kad_post_header":false,"_kad_post_footer":false,"_kad_post_classname":""},"product_brand":[],"product_cat":[14967],"product_tag":[],"class_list":{"0":"post-113827","1":"product","2":"type-product","3":"status-publish","4":"has-post-thumbnail","6":"product_cat-gece-lambasi-gece-lambasi","8":"first","9":"instock","10":"purchasable","11":"product-type-simple","12":"entry","13":"content-bg","14":"loop-entry"},"_links":{"self":[{"href":"https:\/\/www.hediyepazar.com\/index.php?rest_route=\/wp\/v2\/product\/113827","targetHints":{"allow":["GET"]}}],"collection":[{"href":"https:\/\/www.hediyepazar.com\/index.php?rest_route=\/wp\/v2\/product"}],"about":[{"href":"https:\/\/www.hediyepazar.com\/index.php?rest_route=\/wp\/v2\/types\/product"}],"replies":[{"embeddable":true,"href":"https:\/\/www.hediyepazar.com\/index.php?rest_route=%2Fwp%2Fv2%2Fcomments&post=113827"}],"wp:featuredmedia":[{"embeddable":true,"href":"https:\/\/www.hediyepazar.com\/index.php?rest_route=\/wp\/v2\/media\/113826"}],"wp:attachment":[{"href":"https:\/\/www.hediyepazar.com\/index.php?rest_route=%2Fwp%2Fv2%2Fmedia&parent=113827"}],"wp:term":[{"taxonomy":"product_brand","embeddable":true,"href":"https:\/\/www.hediyepazar.com\/index.php?rest_route=%2Fwp%2Fv2%2Fproduct_brand&post=113827"},{"taxonomy":"product_cat","embeddable":true,"href":"https:\/\/www.hediyepazar.com\/index.php?rest_route=%2Fwp%2Fv2%2Fproduct_cat&post=113827"},{"taxonomy":"product_tag","embeddable":true,"href":"https:\/\/www.hediyepazar.com\/index.php?rest_route=%2Fwp%2Fv2%2Fproduct_tag&post=113827"}],"curies":[{"name":"wp","href":"https:\/\/api.w.org\/{rel}","templated":true}]}}