{"id":113833,"date":"2026-05-05T11:57:56","date_gmt":"2026-05-05T14:57:56","guid":{"rendered":"https:\/\/www.hediyepazar.com\/?product=xm-318-telefon-tutuculu-hoparlor"},"modified":"2026-05-05T11:57:56","modified_gmt":"2026-05-05T14:57:56","slug":"xm-318-telefon-tutuculu-hoparlor","status":"publish","type":"product","link":"https:\/\/www.hediyepazar.com\/?product=xm-318-telefon-tutuculu-hoparlor","title":{"rendered":"XM-318 TELEFON TUTUCULU HOPARL\u00d6R"},"content":{"rendered":"<p>Ak\u0131ll\u0131 hoparl\u00f6r Ses y\u00fckseltici sens\u00f6rl\u00fc hoparl\u00f6r, model XM-318, Bluetooth ba\u011flant\u0131s\u0131 gerektirmez. Telefonu, hoparl\u00f6r sens\u00f6rle ayn\u0131 hizada olacak \u015fekilde yerle\u015ftirmeniz yeterli; b\u00f6ylece telefonu kullanabilirsiniz.Kullan\u0131m\u0131 kolay \u00fcr\u00fcn Sadece a\u00e7\u0131n ve telefonu sens\u00f6r alan\u0131na yerle\u015ftirin. Toplam akustik, Bluetooth&#8217;suz yeni bir teknolojidir. Ve WIFI olmadan ses kablosu ba\u011flant\u0131s\u0131, ayarlar, yaln\u0131zca cep telefonunuzu stereo sisteme yerle\u015ftirmekle kalmaz, ses i\u015flevini de sihirli bir \u015fekilde ger\u00e7ekle\u015ftirebilir! Bu \u00fcr\u00fcn \u00e7o\u011fu harici hoparl\u00f6r, cep telefonu ve MP3 ile \u00e7al\u0131\u015fabilir, yenilik ve teknoloji size m\u00fcmk\u00fcn olan her yerde ve zamanda harika bir deneyim getirecek! \u00dcr\u00fcn fonksiyon a\u00e7\u0131klamas\u0131: Bu \u00fcr\u00fcn, ses iletimini ve amplifikasyonunu ger\u00e7ekle\u015ftirmek i\u00e7in yeni bir teknolojidir, yeni ve benzersiz tasar\u0131m\u0131n g\u00f6r\u00fcn\u00fcm\u00fc, cep telefonu pilleri gibi harici \u015farj edilebilir piller kullan\u0131labilir ve pili de\u011fi\u015ftirmek m\u00fcmk\u00fcn olan her yerde y\u00fczey cep telefonunun i\u00e7ine bir paspas konulmu\u015ftur. Bu t\u00fcr \u00fcr\u00fcnlerin titre\u015fimi \u00f6nlemek i\u00e7in telefon, \u00fcr\u00fcn tasar\u0131m\u0131 d\u00f6rt ayak + kaymaz s\u00fcnger alt, titre\u015fim \u00f6nleyici, b\u00fcy\u00fck ses, kayar \u0131\u015f\u0131k, kullan\u0131lacak \u00fcr\u00fcn geleneksel sesin yerini alacak yeni bir \u00fcr\u00fcnd\u00fcr, ba\u011flant\u0131 hatlar\u0131n\u0131 g\u00f6rmezden gelin. \u00c7izgiyi problemden \u00e7\u0131kar\u0131n. \u00dcr\u00fcn teknik parametreleri: Oynatma s\u00fcresi: 6 saat Pil kapasitesi: 750mA Hoparl\u00f6r \u00e7\u0131k\u0131\u015f g\u00fcc\u00fc: 3W Sinyal g\u00fcr\u00fclt\u00fc oran\u0131: 80dB Hassasiyet: (end\u00fcktif voltaj) 40mv Giri\u015f g\u00fcc\u00fc: DC 5V \/ 500mA G\u00fc\u00e7 fi\u015fi \u00f6zellikleri: Mikro USB Bozulma: <%3 Maksimum ses seviyesi: 93dB %3 Ambalaj bilgileri: \u0130ste\u011fe ba\u011fl\u0131 renk: Siyah_Ye\u015fil_Pembe_Mavi \u00dcr\u00fcn \u00f6zellikleri: 127*90*83 (mm) Ambalaj boyutu: 135*100*90mm (mm)Nas\u0131l kullan\u0131l\u0131rCihaz\u0131n arkas\u0131ndaki A\u00e7\u0131k anahtar\u0131n\u0131 kayd\u0131r\u0131n. ve \u00f6n d\u00fc\u011fmedeki \u0131\u015f\u0131\u011f\u0131n yanmas\u0131 i\u00e7in \u00f6n a\u00e7ma d\u00fc\u011fmesine bas\u0131n G\u00fc\u00e7 yoksa, \u00f6nce pili \u015farj edin, ard\u0131ndan cep telefonunu \u00f6n standa yerle\u015ftirin. Telefonun hoparl\u00f6rlerine izin ver M\u00fczik notas\u0131 sembol\u00fcn\u00fcn sa\u011f taraf\u0131ndaki cihaz\u0131n ses sens\u00f6r\u00fcne tak\u0131n. Daha sonra telefondan gelen y\u00fcksek ses bunun yerine cihaz\u0131n hoparl\u00f6r\u00fcne gidecektir (Not: Ses yoksa, telefonun hoparl\u00f6r\u00fc sens\u00f6rle ayn\u0131 hizada olacak \u015fekilde telefonu hareket ettirmeyi deneyin.)\n<\/p>\n","protected":false},"excerpt":{"rendered":"<p>Ak\u0131ll\u0131 hoparl\u00f6r Ses y\u00fckseltici sens\u00f6rl\u00fc hoparl\u00f6r, model XM-318, Bluetooth ba\u011flant\u0131s\u0131 gerektirmez. Telefonu, hoparl\u00f6r sens\u00f6rle ayn\u0131 hizada olacak \u015fekilde yerle\u015ftirmeniz yeterli; b\u00f6ylece telefonu kullanabilirsiniz.Kullan\u0131m\u0131 kolay \u00fcr\u00fcn Sadece a\u00e7\u0131n ve telefonu sens\u00f6r alan\u0131na yerle\u015ftirin. Toplam akustik, Bluetooth&#8217;suz yeni bir teknolojidir. Ve WIFI olmadan ses kablosu ba\u011flant\u0131s\u0131, ayarlar, yaln\u0131zca cep telefonunuzu stereo sisteme yerle\u015ftirmekle kalmaz, ses i\u015flevini de&#8230;<\/p>\n","protected":false},"featured_media":113832,"comment_status":"open","ping_status":"closed","template":"","meta":{"_kad_post_transparent":"","_kad_post_title":"","_kad_post_layout":"","_kad_post_sidebar_id":"","_kad_post_content_style":"","_kad_post_vertical_padding":"","_kad_post_feature":"","_kad_post_feature_position":"","_kad_post_header":false,"_kad_post_footer":false,"_kad_post_classname":""},"product_brand":[],"product_cat":[14911],"product_tag":[],"class_list":{"0":"post-113833","1":"product","2":"type-product","3":"status-publish","4":"has-post-thumbnail","6":"product_cat-kablosuz-hoparlor-kablosuz-hoparlor","8":"first","9":"instock","10":"purchasable","11":"product-type-simple","12":"entry","13":"content-bg","14":"loop-entry"},"_links":{"self":[{"href":"https:\/\/www.hediyepazar.com\/index.php?rest_route=\/wp\/v2\/product\/113833","targetHints":{"allow":["GET"]}}],"collection":[{"href":"https:\/\/www.hediyepazar.com\/index.php?rest_route=\/wp\/v2\/product"}],"about":[{"href":"https:\/\/www.hediyepazar.com\/index.php?rest_route=\/wp\/v2\/types\/product"}],"replies":[{"embeddable":true,"href":"https:\/\/www.hediyepazar.com\/index.php?rest_route=%2Fwp%2Fv2%2Fcomments&post=113833"}],"wp:featuredmedia":[{"embeddable":true,"href":"https:\/\/www.hediyepazar.com\/index.php?rest_route=\/wp\/v2\/media\/113832"}],"wp:attachment":[{"href":"https:\/\/www.hediyepazar.com\/index.php?rest_route=%2Fwp%2Fv2%2Fmedia&parent=113833"}],"wp:term":[{"taxonomy":"product_brand","embeddable":true,"href":"https:\/\/www.hediyepazar.com\/index.php?rest_route=%2Fwp%2Fv2%2Fproduct_brand&post=113833"},{"taxonomy":"product_cat","embeddable":true,"href":"https:\/\/www.hediyepazar.com\/index.php?rest_route=%2Fwp%2Fv2%2Fproduct_cat&post=113833"},{"taxonomy":"product_tag","embeddable":true,"href":"https:\/\/www.hediyepazar.com\/index.php?rest_route=%2Fwp%2Fv2%2Fproduct_tag&post=113833"}],"curies":[{"name":"wp","href":"https:\/\/api.w.org\/{rel}","templated":true}]}}