{"id":113837,"date":"2026-05-05T11:58:06","date_gmt":"2026-05-05T14:58:06","guid":{"rendered":"https:\/\/www.hediyepazar.com\/?product=hs-36-kafa-lambasi"},"modified":"2026-05-05T11:58:06","modified_gmt":"2026-05-05T14:58:06","slug":"hs-36-kafa-lambasi","status":"publish","type":"product","link":"https:\/\/www.hediyepazar.com\/?product=hs-36-kafa-lambasi","title":{"rendered":"HS-36 KAFA LAMBASI"},"content":{"rendered":"<p>Led Kafa Feneri (\u015earjl\u0131) \u00c7ift Fonksiyonlu Teknik \u00d6zellikler G\u00fc\u00e7: 3w Gerilim: 5V DC Frekans: 50-60Hz Renk S\u0131cakl\u0131\u011f\u0131:6400k (Beyaz) I\u015f\u0131k A\u00e7\u0131s\u0131: 200LM Koruma S\u0131n\u0131f\u0131: IP44-Class II Beyan Ak\u0131m\u0131: 1A \u015earj S\u00fcresi: 4-6 Saat Yanma S\u00fcresi: 8-10 Saat \u00c7al\u0131\u015fma S\u0131cakl\u0131\u011f\u0131: -20 Derece- +40 derece \u00dcr\u00fcn Avantajlar\u0131 2 fonksiyonludur( Uzun mesafe+ Ortam ayd\u0131nlatmas\u0131) \tKompakt tasar\u0131m\u0131 sayesinde kullan\u0131m\u0131 ve ta\u015f\u0131nmas\u0131 kolayd\u0131r. \tSu ge\u00e7irmez ve darbeye dayan\u0131kl\u0131d\u0131r. \tAyarlanabilir kafa band\u0131 sayesinde herkese uyacak \u015fekilde tasarlanm\u0131\u015ft\u0131r. \tM\u0131knat\u0131s \u00f6zelli\u011fi sayesinde metal y\u00fczeylere kolayca yap\u0131\u015ft\u0131rabilirsiniz. \tKamp, t\u0131rmanma, y\u00fcr\u00fcy\u00fc\u015f, gece bal\u0131k\u00e7\u0131l\u0131\u011f\u0131,ma\u011farac\u0131l\u0131k ve di\u011fer a\u00e7\u0131k hava etkinlikleri i\u00e7in uygundur.<\/p>\n","protected":false},"excerpt":{"rendered":"<p>Led Kafa Feneri (\u015earjl\u0131) \u00c7ift Fonksiyonlu Teknik \u00d6zellikler G\u00fc\u00e7: 3w Gerilim: 5V DC Frekans: 50-60Hz Renk S\u0131cakl\u0131\u011f\u0131:6400k (Beyaz) I\u015f\u0131k A\u00e7\u0131s\u0131: 200LM Koruma S\u0131n\u0131f\u0131: IP44-Class II Beyan Ak\u0131m\u0131: 1A \u015earj S\u00fcresi: 4-6 Saat Yanma S\u00fcresi: 8-10 Saat \u00c7al\u0131\u015fma S\u0131cakl\u0131\u011f\u0131: -20 Derece- +40 derece \u00dcr\u00fcn Avantajlar\u0131 2 fonksiyonludur( Uzun mesafe+ Ortam ayd\u0131nlatmas\u0131) Kompakt tasar\u0131m\u0131 sayesinde kullan\u0131m\u0131 ve&#8230;<\/p>\n","protected":false},"featured_media":113836,"comment_status":"open","ping_status":"closed","template":"","meta":{"_kad_post_transparent":"","_kad_post_title":"","_kad_post_layout":"","_kad_post_sidebar_id":"","_kad_post_content_style":"","_kad_post_vertical_padding":"","_kad_post_feature":"","_kad_post_feature_position":"","_kad_post_header":false,"_kad_post_footer":false,"_kad_post_classname":""},"product_brand":[],"product_cat":[14933],"product_tag":[],"class_list":{"0":"post-113837","1":"product","2":"type-product","3":"status-publish","4":"has-post-thumbnail","6":"product_cat-led-isik-led-isik","8":"first","9":"instock","10":"purchasable","11":"product-type-simple","12":"entry","13":"content-bg","14":"loop-entry"},"_links":{"self":[{"href":"https:\/\/www.hediyepazar.com\/index.php?rest_route=\/wp\/v2\/product\/113837","targetHints":{"allow":["GET"]}}],"collection":[{"href":"https:\/\/www.hediyepazar.com\/index.php?rest_route=\/wp\/v2\/product"}],"about":[{"href":"https:\/\/www.hediyepazar.com\/index.php?rest_route=\/wp\/v2\/types\/product"}],"replies":[{"embeddable":true,"href":"https:\/\/www.hediyepazar.com\/index.php?rest_route=%2Fwp%2Fv2%2Fcomments&post=113837"}],"wp:featuredmedia":[{"embeddable":true,"href":"https:\/\/www.hediyepazar.com\/index.php?rest_route=\/wp\/v2\/media\/113836"}],"wp:attachment":[{"href":"https:\/\/www.hediyepazar.com\/index.php?rest_route=%2Fwp%2Fv2%2Fmedia&parent=113837"}],"wp:term":[{"taxonomy":"product_brand","embeddable":true,"href":"https:\/\/www.hediyepazar.com\/index.php?rest_route=%2Fwp%2Fv2%2Fproduct_brand&post=113837"},{"taxonomy":"product_cat","embeddable":true,"href":"https:\/\/www.hediyepazar.com\/index.php?rest_route=%2Fwp%2Fv2%2Fproduct_cat&post=113837"},{"taxonomy":"product_tag","embeddable":true,"href":"https:\/\/www.hediyepazar.com\/index.php?rest_route=%2Fwp%2Fv2%2Fproduct_tag&post=113837"}],"curies":[{"name":"wp","href":"https:\/\/api.w.org\/{rel}","templated":true}]}}