{"id":113845,"date":"2026-05-05T11:58:27","date_gmt":"2026-05-05T14:58:27","guid":{"rendered":"https:\/\/www.hediyepazar.com\/?product=hs-28-kulluk"},"modified":"2026-05-05T11:58:27","modified_gmt":"2026-05-05T14:58:27","slug":"hs-28-kulluk","status":"publish","type":"product","link":"https:\/\/www.hediyepazar.com\/?product=hs-28-kulluk","title":{"rendered":"HS-28 K\u00dcLL\u00dcK"},"content":{"rendered":"<p>Sigara Kokusu ve Duman Giderici Hava Temizleyici K\u00fcll\u00fck, hem k\u00fcll\u00fck hem de hava temizleyici i\u015flevi g\u00f6ren bir \u00fcr\u00fcnd\u00fcr. \u00dcr\u00fcn i\u00e7indeki filtreler sayesinde sigara duman\u0131, toz, polen ve di\u011fer hava kirleticilerini temizleyerek daha temiz bir hava sunar.\u00dcr\u00fcn\u00fcn \u00f6zellikleri \u015funlard\u0131r: \tSens\u00f6r teknolojisi sayesinde, \u00fcr\u00fcn\u00fcn \u00fczerine yakla\u015f\u0131ld\u0131\u011f\u0131nda otomatik olarak a\u00e7\u0131l\u0131r ve kapal\u0131 alanlardaki k\u00f6t\u00fc kokular\u0131 emer. \t2 katmanl\u0131 filtreleme sistemi ile hava temizli\u011fi yapar. \u0130lk filtre, b\u00fcy\u00fck partik\u00fcllerin yan\u0131 s\u0131ra sigara duman\u0131 ve di\u011fer hava kirlili\u011fini yakalar, ikinci filtre ise daha k\u00fc\u00e7\u00fck partik\u00fclleri yakalar ve hava kalitesini iyile\u015ftirir. \t\u015e\u0131k ve dayan\u0131kl\u0131 tasar\u0131m\u0131, her t\u00fcrl\u00fc araba i\u00e7i dekorasyona uyum sa\u011flar. \tK\u00fcll\u00fc\u011f\u00fcn alt\u0131nda bulunan \u00e7\u0131kart\u0131labilir t\u00fct\u00fcn tepsisi, k\u00fcll\u00fck temizli\u011fini kolayla\u015ft\u0131r\u0131r. \t\u015earj edilebilir bir bataryas\u0131 vard\u0131r ve kablosuz kullan\u0131m i\u00e7in uygundur.Sigara Kokusu ve Duman Giderici Hava Temizleyici K\u00fcll\u00fck, araba i\u00e7indeki k\u00f6t\u00fc kokular\u0131 ve hava kirlili\u011fini ortadan kald\u0131rmak isteyen sigara i\u00e7icileri i\u00e7in m\u00fckemmel bir se\u00e7enektir.<\/p>\n","protected":false},"excerpt":{"rendered":"<p>Sigara Kokusu ve Duman Giderici Hava Temizleyici K\u00fcll\u00fck, hem k\u00fcll\u00fck hem de hava temizleyici i\u015flevi g\u00f6ren bir \u00fcr\u00fcnd\u00fcr. \u00dcr\u00fcn i\u00e7indeki filtreler sayesinde sigara duman\u0131, toz, polen ve di\u011fer hava kirleticilerini temizleyerek daha temiz bir hava sunar.\u00dcr\u00fcn\u00fcn \u00f6zellikleri \u015funlard\u0131r: Sens\u00f6r teknolojisi sayesinde, \u00fcr\u00fcn\u00fcn \u00fczerine yakla\u015f\u0131ld\u0131\u011f\u0131nda otomatik olarak a\u00e7\u0131l\u0131r ve kapal\u0131 alanlardaki k\u00f6t\u00fc kokular\u0131 emer. 2 katmanl\u0131&#8230;<\/p>\n","protected":false},"featured_media":113844,"comment_status":"open","ping_status":"closed","template":"","meta":{"_kad_post_transparent":"","_kad_post_title":"","_kad_post_layout":"","_kad_post_sidebar_id":"","_kad_post_content_style":"","_kad_post_vertical_padding":"","_kad_post_feature":"","_kad_post_feature_position":"","_kad_post_header":false,"_kad_post_footer":false,"_kad_post_classname":""},"product_brand":[],"product_cat":[14995],"product_tag":[],"class_list":{"0":"post-113845","1":"product","2":"type-product","3":"status-publish","4":"has-post-thumbnail","6":"product_cat-kulluk-kulluk-2","8":"first","9":"instock","10":"purchasable","11":"product-type-simple","12":"entry","13":"content-bg","14":"loop-entry"},"_links":{"self":[{"href":"https:\/\/www.hediyepazar.com\/index.php?rest_route=\/wp\/v2\/product\/113845","targetHints":{"allow":["GET"]}}],"collection":[{"href":"https:\/\/www.hediyepazar.com\/index.php?rest_route=\/wp\/v2\/product"}],"about":[{"href":"https:\/\/www.hediyepazar.com\/index.php?rest_route=\/wp\/v2\/types\/product"}],"replies":[{"embeddable":true,"href":"https:\/\/www.hediyepazar.com\/index.php?rest_route=%2Fwp%2Fv2%2Fcomments&post=113845"}],"wp:featuredmedia":[{"embeddable":true,"href":"https:\/\/www.hediyepazar.com\/index.php?rest_route=\/wp\/v2\/media\/113844"}],"wp:attachment":[{"href":"https:\/\/www.hediyepazar.com\/index.php?rest_route=%2Fwp%2Fv2%2Fmedia&parent=113845"}],"wp:term":[{"taxonomy":"product_brand","embeddable":true,"href":"https:\/\/www.hediyepazar.com\/index.php?rest_route=%2Fwp%2Fv2%2Fproduct_brand&post=113845"},{"taxonomy":"product_cat","embeddable":true,"href":"https:\/\/www.hediyepazar.com\/index.php?rest_route=%2Fwp%2Fv2%2Fproduct_cat&post=113845"},{"taxonomy":"product_tag","embeddable":true,"href":"https:\/\/www.hediyepazar.com\/index.php?rest_route=%2Fwp%2Fv2%2Fproduct_tag&post=113845"}],"curies":[{"name":"wp","href":"https:\/\/api.w.org\/{rel}","templated":true}]}}