{"id":113847,"date":"2026-05-05T11:58:32","date_gmt":"2026-05-05T14:58:32","guid":{"rendered":"https:\/\/www.hediyepazar.com\/?product=tf-1072-bluetooth-baskul-tarti"},"modified":"2026-05-05T11:58:32","modified_gmt":"2026-05-05T14:58:32","slug":"tf-1072-bluetooth-baskul-tarti","status":"publish","type":"product","link":"https:\/\/www.hediyepazar.com\/?product=tf-1072-bluetooth-baskul-tarti","title":{"rendered":"TF-1072 BLUETOOTH BASK\u00dcL TARTI"},"content":{"rendered":"<p>Ak\u0131ll\u0131 Bluetooth Tart\u0131 Bask\u00fcl 8 Veri mevcuttur \tA\u011f\u0131rl\u0131k, v\u00fccut ya\u011f\u0131, visseral ya\u011f, ka, kemik, BMR, ya\u015f, BMI. \tOda s\u0131cakl\u0131\u011f\u0131 \u0130lerleme Takip Genel \u00d6zellikler Evdeki aile bireyleri i\u00e7in farkl\u0131 kullan\u0131c\u0131 profili olu\u015fturulabilir. \tHer kullan\u0131c\u0131y\u0131 otomatik tan\u0131mlar. \tV\u00fccudun ile ilgili detayl\u0131 bilgi sahibi olabilirsin \u00dcst\u00fcne \u00c7\u0131k\u0131l\u0131nca Otomatik \u00c7al\u0131\u015fma: Var Otomatik Kapanma: Var \u00d6l\u00e7\u00fc Birimi: Kg \/ lb \/ st Ak\u0131ll\u0131 Ki\u015fi Tan\u0131ma: Var A\u015f\u0131r\u0131 Y\u00fck Uyar\u0131s\u0131: Var Kapasite : 3 kg -180 kg Pil: 2 AAA Pil KULLANIM: OKOK \u0130NTERNAT\u0130ONAL uygulamas\u0131n\u0131 indirerek bluetooth \u00fczerinden t\u00fcm Android ve \u0130OS kullanan telefonlara ba\u011flanabilirsiniz. \tUygulama sayesinde sa\u011fl\u0131\u011f\u0131n\u0131z i\u00e7in \u00f6nemli olan a\u011f\u0131rl\u0131k, ya\u011f oran\u0131, su oran\u0131 vs. \tgibi de\u011ferlerinizi takip edebilirsiniz. \tUygulama sonu\u00e7lar\u0131n\u0131 de\u011ferlendirerek diyetiniz hakk\u0131nda bilgi sahibi olabilirsiniz<\/p>\n","protected":false},"excerpt":{"rendered":"<p>Ak\u0131ll\u0131 Bluetooth Tart\u0131 Bask\u00fcl 8 Veri mevcuttur A\u011f\u0131rl\u0131k, v\u00fccut ya\u011f\u0131, visseral ya\u011f, ka, kemik, BMR, ya\u015f, BMI. Oda s\u0131cakl\u0131\u011f\u0131 \u0130lerleme Takip Genel \u00d6zellikler Evdeki aile bireyleri i\u00e7in farkl\u0131 kullan\u0131c\u0131 profili olu\u015fturulabilir. Her kullan\u0131c\u0131y\u0131 otomatik tan\u0131mlar. V\u00fccudun ile ilgili detayl\u0131 bilgi sahibi olabilirsin \u00dcst\u00fcne \u00c7\u0131k\u0131l\u0131nca Otomatik \u00c7al\u0131\u015fma: Var Otomatik Kapanma: Var \u00d6l\u00e7\u00fc Birimi: Kg \/ lb&#8230;<\/p>\n","protected":false},"featured_media":113846,"comment_status":"open","ping_status":"closed","template":"","meta":{"_kad_post_transparent":"","_kad_post_title":"","_kad_post_layout":"","_kad_post_sidebar_id":"","_kad_post_content_style":"","_kad_post_vertical_padding":"","_kad_post_feature":"","_kad_post_feature_position":"","_kad_post_header":false,"_kad_post_footer":false,"_kad_post_classname":""},"product_brand":[],"product_cat":[14996],"product_tag":[],"class_list":{"0":"post-113847","1":"product","2":"type-product","3":"status-publish","4":"has-post-thumbnail","6":"product_cat-tarti-tarti","8":"first","9":"instock","10":"purchasable","11":"product-type-simple","12":"entry","13":"content-bg","14":"loop-entry"},"_links":{"self":[{"href":"https:\/\/www.hediyepazar.com\/index.php?rest_route=\/wp\/v2\/product\/113847","targetHints":{"allow":["GET"]}}],"collection":[{"href":"https:\/\/www.hediyepazar.com\/index.php?rest_route=\/wp\/v2\/product"}],"about":[{"href":"https:\/\/www.hediyepazar.com\/index.php?rest_route=\/wp\/v2\/types\/product"}],"replies":[{"embeddable":true,"href":"https:\/\/www.hediyepazar.com\/index.php?rest_route=%2Fwp%2Fv2%2Fcomments&post=113847"}],"wp:featuredmedia":[{"embeddable":true,"href":"https:\/\/www.hediyepazar.com\/index.php?rest_route=\/wp\/v2\/media\/113846"}],"wp:attachment":[{"href":"https:\/\/www.hediyepazar.com\/index.php?rest_route=%2Fwp%2Fv2%2Fmedia&parent=113847"}],"wp:term":[{"taxonomy":"product_brand","embeddable":true,"href":"https:\/\/www.hediyepazar.com\/index.php?rest_route=%2Fwp%2Fv2%2Fproduct_brand&post=113847"},{"taxonomy":"product_cat","embeddable":true,"href":"https:\/\/www.hediyepazar.com\/index.php?rest_route=%2Fwp%2Fv2%2Fproduct_cat&post=113847"},{"taxonomy":"product_tag","embeddable":true,"href":"https:\/\/www.hediyepazar.com\/index.php?rest_route=%2Fwp%2Fv2%2Fproduct_tag&post=113847"}],"curies":[{"name":"wp","href":"https:\/\/api.w.org\/{rel}","templated":true}]}}