{"id":113849,"date":"2026-05-05T11:58:38","date_gmt":"2026-05-05T14:58:38","guid":{"rendered":"https:\/\/www.hediyepazar.com\/?product=hs-22-arac-ici-supurge"},"modified":"2026-05-05T11:58:38","modified_gmt":"2026-05-05T14:58:38","slug":"hs-22-arac-ici-supurge","status":"publish","type":"product","link":"https:\/\/www.hediyepazar.com\/?product=hs-22-arac-ici-supurge","title":{"rendered":"HS-22 ARA\u00c7 \u0130\u00c7\u0130 S\u00dcP\u00dcRGE"},"content":{"rendered":"<p>Mini Vakumlu Ara\u00e7 S\u00fcp\u00fcrgesi El S\u00fcp\u00fcrgesi \u015earjl\u0131 \u00c7ok Fonksiyonlu hs \t22 Y\u00fcksek g\u00fc\u00e7l\u00fc emi\u015f: 120W g\u00fc\u00e7l\u00fc motor, arabada toz, sa\u00e7, enkaz ve di\u011fer kirleri emen, 5500PA g\u00fc\u00e7l\u00fc emi\u015f \u00fcretir \tTa\u015f\u0131nabilir ve saklamak i\u00e7in kolay: katlanabilir sapl\u0131 ak\u00fcl\u00fc araba elektrikli s\u00fcp\u00fcrge Y\u0131kanabilir filtre: temiz durulay\u0131n, kuru, de\u011fi\u015ftirmeye gerek yok Renk s\u0131n\u0131fland\u0131rma: siyah USB \u015farj Malzeme: ABS Anma gerilimi: 50V (V) Nominal giri\u015f g\u00fcc\u00fc: 120W (W) Vakum emme: 5500Pa<\/p>\n","protected":false},"excerpt":{"rendered":"<p>Mini Vakumlu Ara\u00e7 S\u00fcp\u00fcrgesi El S\u00fcp\u00fcrgesi \u015earjl\u0131 \u00c7ok Fonksiyonlu hs 22 Y\u00fcksek g\u00fc\u00e7l\u00fc emi\u015f: 120W g\u00fc\u00e7l\u00fc motor, arabada toz, sa\u00e7, enkaz ve di\u011fer kirleri emen, 5500PA g\u00fc\u00e7l\u00fc emi\u015f \u00fcretir Ta\u015f\u0131nabilir ve saklamak i\u00e7in kolay: katlanabilir sapl\u0131 ak\u00fcl\u00fc araba elektrikli s\u00fcp\u00fcrge Y\u0131kanabilir filtre: temiz durulay\u0131n, kuru, de\u011fi\u015ftirmeye gerek yok Renk s\u0131n\u0131fland\u0131rma: siyah USB \u015farj Malzeme: ABS&#8230;<\/p>\n","protected":false},"featured_media":113848,"comment_status":"open","ping_status":"closed","template":"","meta":{"_kad_post_transparent":"","_kad_post_title":"","_kad_post_layout":"","_kad_post_sidebar_id":"","_kad_post_content_style":"","_kad_post_vertical_padding":"","_kad_post_feature":"","_kad_post_feature_position":"","_kad_post_header":false,"_kad_post_footer":false,"_kad_post_classname":""},"product_brand":[],"product_cat":[15053],"product_tag":[],"class_list":{"0":"post-113849","1":"product","2":"type-product","3":"status-publish","4":"has-post-thumbnail","6":"product_cat-oto-bakim-seti-oto-bakim-seti-2","8":"first","9":"instock","10":"purchasable","11":"product-type-simple","12":"entry","13":"content-bg","14":"loop-entry"},"_links":{"self":[{"href":"https:\/\/www.hediyepazar.com\/index.php?rest_route=\/wp\/v2\/product\/113849","targetHints":{"allow":["GET"]}}],"collection":[{"href":"https:\/\/www.hediyepazar.com\/index.php?rest_route=\/wp\/v2\/product"}],"about":[{"href":"https:\/\/www.hediyepazar.com\/index.php?rest_route=\/wp\/v2\/types\/product"}],"replies":[{"embeddable":true,"href":"https:\/\/www.hediyepazar.com\/index.php?rest_route=%2Fwp%2Fv2%2Fcomments&post=113849"}],"wp:featuredmedia":[{"embeddable":true,"href":"https:\/\/www.hediyepazar.com\/index.php?rest_route=\/wp\/v2\/media\/113848"}],"wp:attachment":[{"href":"https:\/\/www.hediyepazar.com\/index.php?rest_route=%2Fwp%2Fv2%2Fmedia&parent=113849"}],"wp:term":[{"taxonomy":"product_brand","embeddable":true,"href":"https:\/\/www.hediyepazar.com\/index.php?rest_route=%2Fwp%2Fv2%2Fproduct_brand&post=113849"},{"taxonomy":"product_cat","embeddable":true,"href":"https:\/\/www.hediyepazar.com\/index.php?rest_route=%2Fwp%2Fv2%2Fproduct_cat&post=113849"},{"taxonomy":"product_tag","embeddable":true,"href":"https:\/\/www.hediyepazar.com\/index.php?rest_route=%2Fwp%2Fv2%2Fproduct_tag&post=113849"}],"curies":[{"name":"wp","href":"https:\/\/api.w.org\/{rel}","templated":true}]}}