{"id":113851,"date":"2026-05-05T11:58:44","date_gmt":"2026-05-05T14:58:44","guid":{"rendered":"https:\/\/www.hediyepazar.com\/?product=p6-model-akilli-saat"},"modified":"2026-05-05T11:58:44","modified_gmt":"2026-05-05T14:58:44","slug":"p6-model-akilli-saat","status":"publish","type":"product","link":"https:\/\/www.hediyepazar.com\/?product=p6-model-akilli-saat","title":{"rendered":"P6 MODEL AKILLI SAAT"},"content":{"rendered":"<p>Nab\u0131z sens\u00f6r\u00fc sayesinde kalp at\u0131\u015f h\u0131z\u0131n\u0131z\u0131 s\u00fcrekli olarak izleyerek sa\u011fl\u0131k ve fitness takibinizi kolayla\u015ft\u0131r\u0131r \tUyku takibi \u00f6zelli\u011fi ile uyku d\u00fczeninizi analiz eder ve daha iyi bir uyku kalitesi i\u00e7in \u00f6neriler sunar \tResmi distrib\u00fct\u00f6r garantisi alt\u0131nda, g\u00fcvenilir bir sat\u0131n alma deneyimi ve uzun s\u00fcreli kullan\u0131m g\u00fcvencesi sa\u011flar \tSuya ve toza kar\u015f\u0131 dayan\u0131kl\u0131l\u0131k \u00f6zelli\u011fi ile her t\u00fcrl\u00fc hava ko\u015fulunda ve su aktivitesinde rahatl\u0131kla kullan\u0131labilir \tGPS deste\u011fi ile konumunuzu hassas bir \u015fekilde belirleyerek navigasyon ihtiya\u00e7lar\u0131n\u0131zda size yard\u0131mc\u0131 olur \tTitre\u015fim bildirimleri sayesinde gelen \u00e7a\u011fr\u0131lar, mesajlar ve di\u011fer uyar\u0131lar\u0131 hissederek ka\u00e7\u0131rma riskini ortadan kald\u0131r\u0131r \t\u015e\u0131k gri kasa rengiyle modern ve zarif bir tasar\u0131ma sahiptir, her t\u00fcrl\u00fc k\u0131yafetle uyum sa\u011flar \tAd\u0131msayar \u00f6zelli\u011fi ile g\u00fcnl\u00fck aktivitelerinizi takip eder ve hareket halindeyken bile ilerlemenizi kaydeder \t200-300 mAh batarya kapasitesi aral\u0131\u011f\u0131, uzun s\u00fcre<\/p>\n","protected":false},"excerpt":{"rendered":"<p>Nab\u0131z sens\u00f6r\u00fc sayesinde kalp at\u0131\u015f h\u0131z\u0131n\u0131z\u0131 s\u00fcrekli olarak izleyerek sa\u011fl\u0131k ve fitness takibinizi kolayla\u015ft\u0131r\u0131r Uyku takibi \u00f6zelli\u011fi ile uyku d\u00fczeninizi analiz eder ve daha iyi bir uyku kalitesi i\u00e7in \u00f6neriler sunar Resmi distrib\u00fct\u00f6r garantisi alt\u0131nda, g\u00fcvenilir bir sat\u0131n alma deneyimi ve uzun s\u00fcreli kullan\u0131m g\u00fcvencesi sa\u011flar Suya ve toza kar\u015f\u0131 dayan\u0131kl\u0131l\u0131k \u00f6zelli\u011fi ile her t\u00fcrl\u00fc&#8230;<\/p>\n","protected":false},"featured_media":113850,"comment_status":"open","ping_status":"closed","template":"","meta":{"_kad_post_transparent":"","_kad_post_title":"","_kad_post_layout":"","_kad_post_sidebar_id":"","_kad_post_content_style":"","_kad_post_vertical_padding":"","_kad_post_feature":"","_kad_post_feature_position":"","_kad_post_header":false,"_kad_post_footer":false,"_kad_post_classname":""},"product_brand":[],"product_cat":[14935],"product_tag":[],"class_list":{"0":"post-113851","1":"product","2":"type-product","3":"status-publish","4":"has-post-thumbnail","6":"product_cat-akilli-saatler-akilli-saatler","8":"first","9":"instock","10":"purchasable","11":"product-type-simple","12":"entry","13":"content-bg","14":"loop-entry"},"_links":{"self":[{"href":"https:\/\/www.hediyepazar.com\/index.php?rest_route=\/wp\/v2\/product\/113851","targetHints":{"allow":["GET"]}}],"collection":[{"href":"https:\/\/www.hediyepazar.com\/index.php?rest_route=\/wp\/v2\/product"}],"about":[{"href":"https:\/\/www.hediyepazar.com\/index.php?rest_route=\/wp\/v2\/types\/product"}],"replies":[{"embeddable":true,"href":"https:\/\/www.hediyepazar.com\/index.php?rest_route=%2Fwp%2Fv2%2Fcomments&post=113851"}],"wp:featuredmedia":[{"embeddable":true,"href":"https:\/\/www.hediyepazar.com\/index.php?rest_route=\/wp\/v2\/media\/113850"}],"wp:attachment":[{"href":"https:\/\/www.hediyepazar.com\/index.php?rest_route=%2Fwp%2Fv2%2Fmedia&parent=113851"}],"wp:term":[{"taxonomy":"product_brand","embeddable":true,"href":"https:\/\/www.hediyepazar.com\/index.php?rest_route=%2Fwp%2Fv2%2Fproduct_brand&post=113851"},{"taxonomy":"product_cat","embeddable":true,"href":"https:\/\/www.hediyepazar.com\/index.php?rest_route=%2Fwp%2Fv2%2Fproduct_cat&post=113851"},{"taxonomy":"product_tag","embeddable":true,"href":"https:\/\/www.hediyepazar.com\/index.php?rest_route=%2Fwp%2Fv2%2Fproduct_tag&post=113851"}],"curies":[{"name":"wp","href":"https:\/\/api.w.org\/{rel}","templated":true}]}}