{"id":113853,"date":"2026-05-05T11:58:48","date_gmt":"2026-05-05T14:58:48","guid":{"rendered":"https:\/\/www.hediyepazar.com\/?product=watch4-akilli-saat"},"modified":"2026-05-05T11:58:48","modified_gmt":"2026-05-05T14:58:48","slug":"watch4-akilli-saat","status":"publish","type":"product","link":"https:\/\/www.hediyepazar.com\/?product=watch4-akilli-saat","title":{"rendered":"WATCH4 AKILLI SAAT"},"content":{"rendered":"<p>GPS \u00f6zelli\u011fi sayesinde konumunuzu hassas bir \u015fekilde belirleyerek navigasyon ihtiya\u00e7lar\u0131n\u0131z\u0131 kar\u015f\u0131lay\u0131n \t\u015e\u0131k siyah kasa rengiyle her tarza uyum sa\u011flar ve modern bir g\u00f6r\u00fcn\u00fcm sunar \t\u0130ki renk se\u00e7ene\u011fiyle kordon tasar\u0131m\u0131n\u0131z\u0131 ki\u015fisel zevkinize g\u00f6re \u00f6zelle\u015ftirin \tNab\u0131z sens\u00f6r\u00fc ile kalp at\u0131\u015f h\u0131z\u0131n\u0131z\u0131 s\u00fcrekli olarak izleyerek sa\u011fl\u0131k takibinizi kolayla\u015ft\u0131r\u0131r \tSesli g\u00f6r\u00fc\u015fme \u00f6zelli\u011fi ile ak\u0131ll\u0131 saatiniz \u00fczerinden telefonunuza dokunmadan \u00e7a\u011fr\u0131lara cevap verin \t100 ila 200 mAh aral\u0131\u011f\u0131ndaki batarya kapasitesi, uzun s\u00fcreli kullan\u0131m i\u00e7in yeterli enerji sa\u011flar \tUyku takibi \u00f6zelli\u011fi ile uyku d\u00fczeninizi analiz ederek daha iyi bir uyku kalitesi elde etmenize yard\u0131mc\u0131 olur<\/p>\n","protected":false},"excerpt":{"rendered":"<p>GPS \u00f6zelli\u011fi sayesinde konumunuzu hassas bir \u015fekilde belirleyerek navigasyon ihtiya\u00e7lar\u0131n\u0131z\u0131 kar\u015f\u0131lay\u0131n \u015e\u0131k siyah kasa rengiyle her tarza uyum sa\u011flar ve modern bir g\u00f6r\u00fcn\u00fcm sunar \u0130ki renk se\u00e7ene\u011fiyle kordon tasar\u0131m\u0131n\u0131z\u0131 ki\u015fisel zevkinize g\u00f6re \u00f6zelle\u015ftirin Nab\u0131z sens\u00f6r\u00fc ile kalp at\u0131\u015f h\u0131z\u0131n\u0131z\u0131 s\u00fcrekli olarak izleyerek sa\u011fl\u0131k takibinizi kolayla\u015ft\u0131r\u0131r Sesli g\u00f6r\u00fc\u015fme \u00f6zelli\u011fi ile ak\u0131ll\u0131 saatiniz \u00fczerinden telefonunuza dokunmadan \u00e7a\u011fr\u0131lara&#8230;<\/p>\n","protected":false},"featured_media":113852,"comment_status":"open","ping_status":"closed","template":"","meta":{"_kad_post_transparent":"","_kad_post_title":"","_kad_post_layout":"","_kad_post_sidebar_id":"","_kad_post_content_style":"","_kad_post_vertical_padding":"","_kad_post_feature":"","_kad_post_feature_position":"","_kad_post_header":false,"_kad_post_footer":false,"_kad_post_classname":""},"product_brand":[],"product_cat":[14935],"product_tag":[],"class_list":{"0":"post-113853","1":"product","2":"type-product","3":"status-publish","4":"has-post-thumbnail","6":"product_cat-akilli-saatler-akilli-saatler","8":"first","9":"instock","10":"purchasable","11":"product-type-simple","12":"entry","13":"content-bg","14":"loop-entry"},"_links":{"self":[{"href":"https:\/\/www.hediyepazar.com\/index.php?rest_route=\/wp\/v2\/product\/113853","targetHints":{"allow":["GET"]}}],"collection":[{"href":"https:\/\/www.hediyepazar.com\/index.php?rest_route=\/wp\/v2\/product"}],"about":[{"href":"https:\/\/www.hediyepazar.com\/index.php?rest_route=\/wp\/v2\/types\/product"}],"replies":[{"embeddable":true,"href":"https:\/\/www.hediyepazar.com\/index.php?rest_route=%2Fwp%2Fv2%2Fcomments&post=113853"}],"wp:featuredmedia":[{"embeddable":true,"href":"https:\/\/www.hediyepazar.com\/index.php?rest_route=\/wp\/v2\/media\/113852"}],"wp:attachment":[{"href":"https:\/\/www.hediyepazar.com\/index.php?rest_route=%2Fwp%2Fv2%2Fmedia&parent=113853"}],"wp:term":[{"taxonomy":"product_brand","embeddable":true,"href":"https:\/\/www.hediyepazar.com\/index.php?rest_route=%2Fwp%2Fv2%2Fproduct_brand&post=113853"},{"taxonomy":"product_cat","embeddable":true,"href":"https:\/\/www.hediyepazar.com\/index.php?rest_route=%2Fwp%2Fv2%2Fproduct_cat&post=113853"},{"taxonomy":"product_tag","embeddable":true,"href":"https:\/\/www.hediyepazar.com\/index.php?rest_route=%2Fwp%2Fv2%2Fproduct_tag&post=113853"}],"curies":[{"name":"wp","href":"https:\/\/api.w.org\/{rel}","templated":true}]}}