{"id":113855,"date":"2026-05-05T11:58:53","date_gmt":"2026-05-05T14:58:53","guid":{"rendered":"https:\/\/www.hediyepazar.com\/?product=10-metre-serit-led"},"modified":"2026-05-05T11:58:53","modified_gmt":"2026-05-05T14:58:53","slug":"10-metre-serit-led","status":"publish","type":"product","link":"https:\/\/www.hediyepazar.com\/?product=10-metre-serit-led","title":{"rendered":"10 METRE \u015eER\u0130T LED"},"content":{"rendered":"<p>Smart \u015eerit Led Yeni Nesil 10 Metre Bluetooth Sese Duyarl\u0131 USB Enerjili Telefon Kontroll\u00fc Efektli Smart Led ile E\u011flence \u015eimdi Ba\u015fl\u0131yor&#8230; Suled USB enerjili Smart \u015eerit led, IOS ve Android telefon kontrol\u00fc ile istedi\u011finiz renk ve ge\u00e7i\u015f animasyonlar\u0131n\u0131 kolayca ger\u00e7ekle\u015ftirin. Sese duyarl\u0131 \u00f6zel entegre devresiyle ortamdaki m\u00fczi\u011fe veya sese g\u00f6re farkl\u0131 modlara ge\u00e7i\u015f yapt\u0131rabilirsiniz. Kumandas\u0131 ile t\u00fcm \u00f6zelliklerini kullanabilir yine zevkinize g\u00f6re ambiyans ayd\u0131nlatma, e\u011flence modu gibi onlarca farkl\u0131 \u00f6zellikte ayd\u0131nlatma sa\u011flayabilirsiniz. \u015eerit led USB \u00fczerinden 5volt ile \u00e7al\u0131\u015f\u0131r. \u00d6nemli :Kutu Arkas\u0131ndaki Talimatlar\u0131 takip ediniz. Kare kodu okutarak uygulamay\u0131 cihaz\u0131n\u0131z\u0131 indiriniz, bluetooth \u00fczerinden uygulamaya ba\u011flan\u0131n ve e\u011flenceyi ba\u015flat\u0131n. Usb \u00fczerindeki d\u00fc\u011fmeye 3 saniye bas\u0131l\u0131 tutarak e\u015fle\u015ftirin. Smart \u015eerit Led\u00d6zellikleri 10 METRE olarak dizayn edilmi\u015ftir. ledler aras\u0131 10CM &#8216;dir. \tTelefondan kontrol edilebilir, IOS ve Android telefonlarla uyumludur \tAndroid S\u00fcr\u00fcm en az 7.0 \/ IOS ls\u00fcr\u00fcn\u00fc en az 12.0 ve \u00fczeri olmal\u0131d\u0131r. \tTelefonunuzdan kare kodu taratarak uygulamay\u0131 indirebilirsiniz. \tBluetooth \u00fczerinden kontrol edilir. \tDahili kumandas\u0131 ile telefon olmadan da kullan\u0131labilir. \tUSB \u00fczerinden enerji al\u0131r, Televizyon, Priz \u015earj\u0131, Laptop, Powerbank, bilgisayar vb.. \tLedler Su ge\u00e7irmez, d\u0131\u015f mekan i\u00e7in kullan\u0131ma uygundur. (Bluetooth mod\u00fcl\u00fcn su ile temas etmemesi gerekir) \tTV arkas\u0131, Perde, Oyuncu Masas\u0131, Yatak ve Koltuklar i\u00e7in alt ayd\u0131nlatma, Koridor, Mutfak, \u00c7ocuk Odas\u0131 vb. \tL\u00fctfen Kutu arkas\u0131ndaki talimatlar\u0131 takip ediniz. \tOrtam ayd\u0131nlatmas\u0131 ve Ambiyans i\u00e7in olduk\u00e7a dikkat \u00e7ekici ve \u00f6zelliklidir. \tEtiketler : \u015eerit Led, \u015eerit led \u0131\u015f\u0131k, kumandal\u0131 \u015ferit led , bluetooth led \u0131\u015f\u0131k, telefon kontroll\u00fc \u0131\u015f\u0131k, telefondan kontrol edilebilir \u0131\u015f\u0131k, smart led \u0131\u015f\u0131k, tv arkas\u0131 led \u0131\u015f\u0131k , masa led \u0131\u015f\u0131k, usb led \u0131\u015f\u0131k, usb \u015ferit led \u0131\u015f\u0131k , televizyonarkas\u0131 ayd\u0131nlatma<\/p>\n","protected":false},"excerpt":{"rendered":"<p>Smart \u015eerit Led Yeni Nesil 10 Metre Bluetooth Sese Duyarl\u0131 USB Enerjili Telefon Kontroll\u00fc Efektli Smart Led ile E\u011flence \u015eimdi Ba\u015fl\u0131yor&#8230; Suled USB enerjili Smart \u015eerit led, IOS ve Android telefon kontrol\u00fc ile istedi\u011finiz renk ve ge\u00e7i\u015f animasyonlar\u0131n\u0131 kolayca ger\u00e7ekle\u015ftirin. Sese duyarl\u0131 \u00f6zel entegre devresiyle ortamdaki m\u00fczi\u011fe veya sese g\u00f6re farkl\u0131 modlara ge\u00e7i\u015f yapt\u0131rabilirsiniz. Kumandas\u0131&#8230;<\/p>\n","protected":false},"featured_media":113854,"comment_status":"open","ping_status":"closed","template":"","meta":{"_kad_post_transparent":"","_kad_post_title":"","_kad_post_layout":"","_kad_post_sidebar_id":"","_kad_post_content_style":"","_kad_post_vertical_padding":"","_kad_post_feature":"","_kad_post_feature_position":"","_kad_post_header":false,"_kad_post_footer":false,"_kad_post_classname":""},"product_brand":[],"product_cat":[14933],"product_tag":[],"class_list":{"0":"post-113855","1":"product","2":"type-product","3":"status-publish","4":"has-post-thumbnail","6":"product_cat-led-isik-led-isik","8":"first","9":"instock","10":"purchasable","11":"product-type-simple","12":"entry","13":"content-bg","14":"loop-entry"},"_links":{"self":[{"href":"https:\/\/www.hediyepazar.com\/index.php?rest_route=\/wp\/v2\/product\/113855","targetHints":{"allow":["GET"]}}],"collection":[{"href":"https:\/\/www.hediyepazar.com\/index.php?rest_route=\/wp\/v2\/product"}],"about":[{"href":"https:\/\/www.hediyepazar.com\/index.php?rest_route=\/wp\/v2\/types\/product"}],"replies":[{"embeddable":true,"href":"https:\/\/www.hediyepazar.com\/index.php?rest_route=%2Fwp%2Fv2%2Fcomments&post=113855"}],"wp:featuredmedia":[{"embeddable":true,"href":"https:\/\/www.hediyepazar.com\/index.php?rest_route=\/wp\/v2\/media\/113854"}],"wp:attachment":[{"href":"https:\/\/www.hediyepazar.com\/index.php?rest_route=%2Fwp%2Fv2%2Fmedia&parent=113855"}],"wp:term":[{"taxonomy":"product_brand","embeddable":true,"href":"https:\/\/www.hediyepazar.com\/index.php?rest_route=%2Fwp%2Fv2%2Fproduct_brand&post=113855"},{"taxonomy":"product_cat","embeddable":true,"href":"https:\/\/www.hediyepazar.com\/index.php?rest_route=%2Fwp%2Fv2%2Fproduct_cat&post=113855"},{"taxonomy":"product_tag","embeddable":true,"href":"https:\/\/www.hediyepazar.com\/index.php?rest_route=%2Fwp%2Fv2%2Fproduct_tag&post=113855"}],"curies":[{"name":"wp","href":"https:\/\/api.w.org\/{rel}","templated":true}]}}