{"id":113857,"date":"2026-05-05T11:58:57","date_gmt":"2026-05-05T14:58:57","guid":{"rendered":"https:\/\/www.hediyepazar.com\/?product=kitap-gorunumlu-kasa-3"},"modified":"2026-05-05T11:58:57","modified_gmt":"2026-05-05T14:58:57","slug":"kitap-gorunumlu-kasa-3","status":"publish","type":"product","link":"https:\/\/www.hediyepazar.com\/?product=kitap-gorunumlu-kasa-3","title":{"rendered":"K\u0130TAP G\u00d6R\u00dcN\u00dcML\u00dc KASA"},"content":{"rendered":"<p>Gizli kitap kasayla art\u0131k \u00f6nemli tak\u0131lar\u0131n\u0131z evraklar\u0131n\u0131z emin ellerde evinizde i\u015f yerinizde rahatl\u0131kla dolab\u0131n\u0131zda kitaplar\u0131n aras\u0131nda kullanabilece\u011finiz bir \u00fcr\u00fcnd\u00fcr. \t\u00dcr\u00fcn \u00d6zellikleri:\u0130ngilizce S\u00f6zl\u00fck \u015eeklindedir. \tD\u0131\u015f\u0131 Cilt \u015eeklinde, \u0130\u00e7i Kilitli Kasa \u015eeklindedir. \tKitap \u0130\u00e7erisine Gizlenmi\u015f Kasa Metaldir. \tKilitli Kasan\u0131n 2 Adet Anahtar\u0131 Mevcuttur. \t\u00dcr\u00fcn \u00d6l\u00e7\u00fcleri:18,5 Cm X 11,5 Cm X 5,6 Cm *Renkler stok durumuna g\u00f6re g\u00f6nderilecektir.<\/p>\n","protected":false},"excerpt":{"rendered":"<p>Gizli kitap kasayla art\u0131k \u00f6nemli tak\u0131lar\u0131n\u0131z evraklar\u0131n\u0131z emin ellerde evinizde i\u015f yerinizde rahatl\u0131kla dolab\u0131n\u0131zda kitaplar\u0131n aras\u0131nda kullanabilece\u011finiz bir \u00fcr\u00fcnd\u00fcr. \u00dcr\u00fcn \u00d6zellikleri:\u0130ngilizce S\u00f6zl\u00fck \u015eeklindedir. D\u0131\u015f\u0131 Cilt \u015eeklinde, \u0130\u00e7i Kilitli Kasa \u015eeklindedir. Kitap \u0130\u00e7erisine Gizlenmi\u015f Kasa Metaldir. Kilitli Kasan\u0131n 2 Adet Anahtar\u0131 Mevcuttur. \u00dcr\u00fcn \u00d6l\u00e7\u00fcleri:18,5 Cm X 11,5 Cm X 5,6 Cm *Renkler stok durumuna g\u00f6re g\u00f6nderilecektir.<\/p>\n","protected":false},"featured_media":113856,"comment_status":"open","ping_status":"closed","template":"","meta":{"_kad_post_transparent":"","_kad_post_title":"","_kad_post_layout":"","_kad_post_sidebar_id":"","_kad_post_content_style":"","_kad_post_vertical_padding":"","_kad_post_feature":"","_kad_post_feature_position":"","_kad_post_header":false,"_kad_post_footer":false,"_kad_post_classname":""},"product_brand":[],"product_cat":[14981],"product_tag":[],"class_list":{"0":"post-113857","1":"product","2":"type-product","3":"status-publish","4":"has-post-thumbnail","6":"product_cat-store-celik-kasa-store-celik-kasa","8":"first","9":"instock","10":"purchasable","11":"product-type-simple","12":"entry","13":"content-bg","14":"loop-entry"},"_links":{"self":[{"href":"https:\/\/www.hediyepazar.com\/index.php?rest_route=\/wp\/v2\/product\/113857","targetHints":{"allow":["GET"]}}],"collection":[{"href":"https:\/\/www.hediyepazar.com\/index.php?rest_route=\/wp\/v2\/product"}],"about":[{"href":"https:\/\/www.hediyepazar.com\/index.php?rest_route=\/wp\/v2\/types\/product"}],"replies":[{"embeddable":true,"href":"https:\/\/www.hediyepazar.com\/index.php?rest_route=%2Fwp%2Fv2%2Fcomments&post=113857"}],"wp:featuredmedia":[{"embeddable":true,"href":"https:\/\/www.hediyepazar.com\/index.php?rest_route=\/wp\/v2\/media\/113856"}],"wp:attachment":[{"href":"https:\/\/www.hediyepazar.com\/index.php?rest_route=%2Fwp%2Fv2%2Fmedia&parent=113857"}],"wp:term":[{"taxonomy":"product_brand","embeddable":true,"href":"https:\/\/www.hediyepazar.com\/index.php?rest_route=%2Fwp%2Fv2%2Fproduct_brand&post=113857"},{"taxonomy":"product_cat","embeddable":true,"href":"https:\/\/www.hediyepazar.com\/index.php?rest_route=%2Fwp%2Fv2%2Fproduct_cat&post=113857"},{"taxonomy":"product_tag","embeddable":true,"href":"https:\/\/www.hediyepazar.com\/index.php?rest_route=%2Fwp%2Fv2%2Fproduct_tag&post=113857"}],"curies":[{"name":"wp","href":"https:\/\/api.w.org\/{rel}","templated":true}]}}