{"id":113859,"date":"2026-05-05T11:59:03","date_gmt":"2026-05-05T14:59:03","guid":{"rendered":"https:\/\/www.hediyepazar.com\/?product=jf-508-kontrol-kalemi"},"modified":"2026-05-05T11:59:03","modified_gmt":"2026-05-05T14:59:03","slug":"jf-508-kontrol-kalemi","status":"publish","type":"product","link":"https:\/\/www.hediyepazar.com\/?product=jf-508-kontrol-kalemi","title":{"rendered":"JF-508 KONTROL KALEM\u0130"},"content":{"rendered":"<p>METAL Y\u00dcZEYE BASILI LOGO \tTAM SIZDIRMAZLIK SA\u011eLAYAN A\u00c7ILMAYAN P\u0130R\u0130N\u00c7 KAPAK. \tELEKTR\u0130K YALITKANLI\u011eI SA\u011eLAYAN,DARBE DAYANIMI Y\u00dcKSEK SEFFAF SAP. \t110V-220V ARASINDA \u00c7ALI\u015eAN ELEKTR\u0130K D\u0130RENC\u0130 VE KOLAY G\u00d6R\u00dcNEB\u0130LEN NEON LAMBA. \tN\u0130KEL KAPLAMA \u0130LE KOROZYON D\u0130RENC\u0130NDE \u00dcST SEV\u0130YE KORUMA. \tV\u0130DA YUVALARINA TAM OTURMAYI SA\u011eLAYAN HASSAS \u0130\u015eLENM\u0130\u015e U\u00c7LAR.<\/p>\n","protected":false},"excerpt":{"rendered":"<p>METAL Y\u00dcZEYE BASILI LOGO TAM SIZDIRMAZLIK SA\u011eLAYAN A\u00c7ILMAYAN P\u0130R\u0130N\u00c7 KAPAK. ELEKTR\u0130K YALITKANLI\u011eI SA\u011eLAYAN,DARBE DAYANIMI Y\u00dcKSEK SEFFAF SAP. 110V-220V ARASINDA \u00c7ALI\u015eAN ELEKTR\u0130K D\u0130RENC\u0130 VE KOLAY G\u00d6R\u00dcNEB\u0130LEN NEON LAMBA. N\u0130KEL KAPLAMA \u0130LE KOROZYON D\u0130RENC\u0130NDE \u00dcST SEV\u0130YE KORUMA. V\u0130DA YUVALARINA TAM OTURMAYI SA\u011eLAYAN HASSAS \u0130\u015eLENM\u0130\u015e U\u00c7LAR.<\/p>\n","protected":false},"featured_media":113858,"comment_status":"open","ping_status":"closed","template":"","meta":{"_kad_post_transparent":"","_kad_post_title":"","_kad_post_layout":"","_kad_post_sidebar_id":"","_kad_post_content_style":"","_kad_post_vertical_padding":"","_kad_post_feature":"","_kad_post_feature_position":"","_kad_post_header":false,"_kad_post_footer":false,"_kad_post_classname":""},"product_brand":[],"product_cat":[15000],"product_tag":[],"class_list":{"0":"post-113859","1":"product","2":"type-product","3":"status-publish","4":"has-post-thumbnail","6":"product_cat-tornavida-tornavida-2","8":"first","9":"instock","10":"purchasable","11":"product-type-simple","12":"entry","13":"content-bg","14":"loop-entry"},"_links":{"self":[{"href":"https:\/\/www.hediyepazar.com\/index.php?rest_route=\/wp\/v2\/product\/113859","targetHints":{"allow":["GET"]}}],"collection":[{"href":"https:\/\/www.hediyepazar.com\/index.php?rest_route=\/wp\/v2\/product"}],"about":[{"href":"https:\/\/www.hediyepazar.com\/index.php?rest_route=\/wp\/v2\/types\/product"}],"replies":[{"embeddable":true,"href":"https:\/\/www.hediyepazar.com\/index.php?rest_route=%2Fwp%2Fv2%2Fcomments&post=113859"}],"wp:featuredmedia":[{"embeddable":true,"href":"https:\/\/www.hediyepazar.com\/index.php?rest_route=\/wp\/v2\/media\/113858"}],"wp:attachment":[{"href":"https:\/\/www.hediyepazar.com\/index.php?rest_route=%2Fwp%2Fv2%2Fmedia&parent=113859"}],"wp:term":[{"taxonomy":"product_brand","embeddable":true,"href":"https:\/\/www.hediyepazar.com\/index.php?rest_route=%2Fwp%2Fv2%2Fproduct_brand&post=113859"},{"taxonomy":"product_cat","embeddable":true,"href":"https:\/\/www.hediyepazar.com\/index.php?rest_route=%2Fwp%2Fv2%2Fproduct_cat&post=113859"},{"taxonomy":"product_tag","embeddable":true,"href":"https:\/\/www.hediyepazar.com\/index.php?rest_route=%2Fwp%2Fv2%2Fproduct_tag&post=113859"}],"curies":[{"name":"wp","href":"https:\/\/api.w.org\/{rel}","templated":true}]}}