{"id":113863,"date":"2026-05-05T11:59:15","date_gmt":"2026-05-05T14:59:15","guid":{"rendered":"https:\/\/www.hediyepazar.com\/?product=s8-ultra-akilli-saat-2"},"modified":"2026-05-05T11:59:15","modified_gmt":"2026-05-05T14:59:15","slug":"s8-ultra-akilli-saat-2","status":"publish","type":"product","link":"https:\/\/www.hediyepazar.com\/?product=s8-ultra-akilli-saat-2","title":{"rendered":"S8 Ultra Ak\u0131ll\u0131 Saat"},"content":{"rendered":"<p>S8 Ultra Ak\u0131ll\u0131 Saat \t100 mAh alt\u0131 batarya kapasitesiyle uzun s\u00fcreli kullan\u0131m imkan\u0131 sunar, b\u00f6ylece g\u00fcn boyu \u015farj derdi olmadan cihaz\u0131n\u0131z\u0131 kullanabilirsiniz \tResmi distrib\u00fct\u00f6r garantisi alt\u0131nda olan bu ak\u0131ll\u0131 saat, sat\u0131n alma sonras\u0131 g\u00fcvenli bir deneyim sa\u011flar \tCanl\u0131 turuncu kordon rengi ile \u015f\u0131kl\u0131\u011f\u0131n\u0131z\u0131 tamamlayan bir aksesuar olarak dikkat \u00e7eker \tNab\u0131z sens\u00f6r\u00fc sayesinde kalp at\u0131\u015f h\u0131z\u0131n\u0131z\u0131 takip edebilir ve sa\u011fl\u0131k takibinizi kolayca yapabilirsiniz \tGelen bildirimleri ve uyar\u0131lar\u0131 hissedebilmeniz i\u00e7in titre\u015fim \u00f6zelli\u011fi bulunur, b\u00f6ylece \u00f6nemli anlar\u0131 ka\u00e7\u0131rmazs\u0131n\u0131z \tGri kasa rengi ile modern ve zarif bir tasar\u0131ma sahip olup, her t\u00fcrl\u00fc k\u0131yafetle uyum sa\u011flar \tEkran: 1.75 in\u00e7 y\u00fcksek \u00e7\u00f6z\u00fcn\u00fcrl\u00fckl\u00fc dokunmatik ekran \tPil \u00d6mr\u00fc: Ortalama 7 g\u00fcn \tUyumluluk: iOS ve Android i\u015fletim sistemleri ile uyumlu \tBa\u011flant\u0131: Bluetooth 5.0S8 Ultra Ak\u0131ll\u0131 Saat, teknoloji ile tarz\u0131 birle\u015ftirerek hayat\u0131n\u0131za yenilik kat\u0131yor!<\/p>\n","protected":false},"excerpt":{"rendered":"<p>S8 Ultra Ak\u0131ll\u0131 Saat 100 mAh alt\u0131 batarya kapasitesiyle uzun s\u00fcreli kullan\u0131m imkan\u0131 sunar, b\u00f6ylece g\u00fcn boyu \u015farj derdi olmadan cihaz\u0131n\u0131z\u0131 kullanabilirsiniz Resmi distrib\u00fct\u00f6r garantisi alt\u0131nda olan bu ak\u0131ll\u0131 saat, sat\u0131n alma sonras\u0131 g\u00fcvenli bir deneyim sa\u011flar Canl\u0131 turuncu kordon rengi ile \u015f\u0131kl\u0131\u011f\u0131n\u0131z\u0131 tamamlayan bir aksesuar olarak dikkat \u00e7eker Nab\u0131z sens\u00f6r\u00fc sayesinde kalp at\u0131\u015f h\u0131z\u0131n\u0131z\u0131&#8230;<\/p>\n","protected":false},"featured_media":113862,"comment_status":"open","ping_status":"closed","template":"","meta":{"_kad_post_transparent":"","_kad_post_title":"","_kad_post_layout":"","_kad_post_sidebar_id":"","_kad_post_content_style":"","_kad_post_vertical_padding":"","_kad_post_feature":"","_kad_post_feature_position":"","_kad_post_header":false,"_kad_post_footer":false,"_kad_post_classname":""},"product_brand":[],"product_cat":[14935],"product_tag":[],"class_list":{"0":"post-113863","1":"product","2":"type-product","3":"status-publish","4":"has-post-thumbnail","6":"product_cat-akilli-saatler-akilli-saatler","8":"first","9":"instock","10":"purchasable","11":"product-type-simple","12":"entry","13":"content-bg","14":"loop-entry"},"_links":{"self":[{"href":"https:\/\/www.hediyepazar.com\/index.php?rest_route=\/wp\/v2\/product\/113863","targetHints":{"allow":["GET"]}}],"collection":[{"href":"https:\/\/www.hediyepazar.com\/index.php?rest_route=\/wp\/v2\/product"}],"about":[{"href":"https:\/\/www.hediyepazar.com\/index.php?rest_route=\/wp\/v2\/types\/product"}],"replies":[{"embeddable":true,"href":"https:\/\/www.hediyepazar.com\/index.php?rest_route=%2Fwp%2Fv2%2Fcomments&post=113863"}],"wp:featuredmedia":[{"embeddable":true,"href":"https:\/\/www.hediyepazar.com\/index.php?rest_route=\/wp\/v2\/media\/113862"}],"wp:attachment":[{"href":"https:\/\/www.hediyepazar.com\/index.php?rest_route=%2Fwp%2Fv2%2Fmedia&parent=113863"}],"wp:term":[{"taxonomy":"product_brand","embeddable":true,"href":"https:\/\/www.hediyepazar.com\/index.php?rest_route=%2Fwp%2Fv2%2Fproduct_brand&post=113863"},{"taxonomy":"product_cat","embeddable":true,"href":"https:\/\/www.hediyepazar.com\/index.php?rest_route=%2Fwp%2Fv2%2Fproduct_cat&post=113863"},{"taxonomy":"product_tag","embeddable":true,"href":"https:\/\/www.hediyepazar.com\/index.php?rest_route=%2Fwp%2Fv2%2Fproduct_tag&post=113863"}],"curies":[{"name":"wp","href":"https:\/\/api.w.org\/{rel}","templated":true}]}}