{"id":113869,"date":"2026-05-05T11:59:29","date_gmt":"2026-05-05T14:59:29","guid":{"rendered":"https:\/\/www.hediyepazar.com\/?product=airpods-pro"},"modified":"2026-05-05T11:59:29","modified_gmt":"2026-05-05T14:59:29","slug":"airpods-pro","status":"publish","type":"product","link":"https:\/\/www.hediyepazar.com\/?product=airpods-pro","title":{"rendered":"A\u0130RPODS PRO"},"content":{"rendered":"<p>\u0130OS Uyumlu Kulakl\u0131k (6\/7\/8\/x\/xr\/11\/12\/13\/14\/15\/16 Serilerine Uyumludur ) Y\u00fcksek \u015farj teknolojisi , kulakl\u0131\u011f\u0131n\u0131z\u0131n \u015farj\u0131n\u0131n uzun s\u00fcre gitmesine olanak sa\u011flayacakt\u0131r Siri ve Google Asistan ile Kablosuz kulakl\u0131k \u0130phone cihazlarda Pop-Up \u00f6zelli\u011fi sorunsuz \u015fekilde \u00e7al\u0131\u015fmaktad\u0131r. Alk\u0131l\u0131\u00e7 bluetooth kablosuz Pro kulakl\u0131k aralar\u0131ndan se\u00e7im yapabilece\u011finiz \u00fc\u00e7 farkl\u0131 boydaki esnek silikon u\u00e7la g\u00f6nderilmektedir.\u0130\u00e7i konik tasar\u0131ml\u0131 bu u\u00e7lar, kula\u011f\u0131n\u0131z\u0131n \u015fekline uyum sa\u011flayarak kulakl\u0131klar\u0131n yerine tam oturmas\u0131na olanak veriyor. Tere dayan\u0131kl\u0131 tasar Kutuda h\u0131zl\u0131 \u015farj Yeni nesil mikrofonlu kulakl\u0131k size en iyi telefon konu\u015fmas\u0131 deneyimini sunacakt\u0131r.<\/p>\n","protected":false},"excerpt":{"rendered":"<p>\u0130OS Uyumlu Kulakl\u0131k (6\/7\/8\/x\/xr\/11\/12\/13\/14\/15\/16 Serilerine Uyumludur ) Y\u00fcksek \u015farj teknolojisi , kulakl\u0131\u011f\u0131n\u0131z\u0131n \u015farj\u0131n\u0131n uzun s\u00fcre gitmesine olanak sa\u011flayacakt\u0131r Siri ve Google Asistan ile Kablosuz kulakl\u0131k \u0130phone cihazlarda Pop-Up \u00f6zelli\u011fi sorunsuz \u015fekilde \u00e7al\u0131\u015fmaktad\u0131r. Alk\u0131l\u0131\u00e7 bluetooth kablosuz Pro kulakl\u0131k aralar\u0131ndan se\u00e7im yapabilece\u011finiz \u00fc\u00e7 farkl\u0131 boydaki esnek silikon u\u00e7la g\u00f6nderilmektedir.\u0130\u00e7i konik tasar\u0131ml\u0131 bu u\u00e7lar, kula\u011f\u0131n\u0131z\u0131n \u015fekline uyum sa\u011flayarak&#8230;<\/p>\n","protected":false},"featured_media":113868,"comment_status":"open","ping_status":"closed","template":"","meta":{"_kad_post_transparent":"","_kad_post_title":"","_kad_post_layout":"","_kad_post_sidebar_id":"","_kad_post_content_style":"","_kad_post_vertical_padding":"","_kad_post_feature":"","_kad_post_feature_position":"","_kad_post_header":false,"_kad_post_footer":false,"_kad_post_classname":""},"product_brand":[],"product_cat":[14957],"product_tag":[],"class_list":{"0":"post-113869","1":"product","2":"type-product","3":"status-publish","4":"has-post-thumbnail","6":"product_cat-kablosuz-kulaklik-kablosuz-kulaklik","8":"first","9":"instock","10":"purchasable","11":"product-type-simple","12":"entry","13":"content-bg","14":"loop-entry"},"_links":{"self":[{"href":"https:\/\/www.hediyepazar.com\/index.php?rest_route=\/wp\/v2\/product\/113869","targetHints":{"allow":["GET"]}}],"collection":[{"href":"https:\/\/www.hediyepazar.com\/index.php?rest_route=\/wp\/v2\/product"}],"about":[{"href":"https:\/\/www.hediyepazar.com\/index.php?rest_route=\/wp\/v2\/types\/product"}],"replies":[{"embeddable":true,"href":"https:\/\/www.hediyepazar.com\/index.php?rest_route=%2Fwp%2Fv2%2Fcomments&post=113869"}],"wp:featuredmedia":[{"embeddable":true,"href":"https:\/\/www.hediyepazar.com\/index.php?rest_route=\/wp\/v2\/media\/113868"}],"wp:attachment":[{"href":"https:\/\/www.hediyepazar.com\/index.php?rest_route=%2Fwp%2Fv2%2Fmedia&parent=113869"}],"wp:term":[{"taxonomy":"product_brand","embeddable":true,"href":"https:\/\/www.hediyepazar.com\/index.php?rest_route=%2Fwp%2Fv2%2Fproduct_brand&post=113869"},{"taxonomy":"product_cat","embeddable":true,"href":"https:\/\/www.hediyepazar.com\/index.php?rest_route=%2Fwp%2Fv2%2Fproduct_cat&post=113869"},{"taxonomy":"product_tag","embeddable":true,"href":"https:\/\/www.hediyepazar.com\/index.php?rest_route=%2Fwp%2Fv2%2Fproduct_tag&post=113869"}],"curies":[{"name":"wp","href":"https:\/\/api.w.org\/{rel}","templated":true}]}}