{"id":113871,"date":"2026-05-05T11:59:35","date_gmt":"2026-05-05T14:59:35","guid":{"rendered":"https:\/\/www.hediyepazar.com\/?product=2-nesil-kulaklik-2"},"modified":"2026-05-05T11:59:35","modified_gmt":"2026-05-05T14:59:35","slug":"2-nesil-kulaklik-2","status":"publish","type":"product","link":"https:\/\/www.hediyepazar.com\/?product=2-nesil-kulaklik-2","title":{"rendered":"2.NES\u0130L KULAKLIK"},"content":{"rendered":"<p>Kablosuz Kulakl\u0131k T\u00fcrleri:Bluetooth \u00d6zellikler:G\u00fcr\u00fclt\u00fc \u00d6nleme \u00d6zellikli, Mikrofonlu, Su Ge\u00e7irmez, Surround Ses, \u015earj K\u0131l\u0131fl\u0131, Dokunmatik Kontroll\u00fc \u015eekil:Kulak \u0130\u00e7i Kullan\u0131m:Spor, Cep Telefonu Kablosuz Bluetooth Ba\u011flant\u0131s\u0131: H\u0131zl\u0131 ve sorunsuz ba\u011flant\u0131 ile cihazlar\u0131n\u0131zla an\u0131nda e\u015fle\u015fir. \tY\u00fcksek Ses Kalitesi: Temiz ve g\u00fc\u00e7l\u00fc ses performans\u0131 ile m\u00fczik, podcast ve aramalar\u0131n\u0131z\u0131 en iyi \u015fekilde deneyimleyin. \tErgonomik Tasar\u0131m: Kula\u011fa tam oturan, hafif ve rahat tasar\u0131m\u0131 ile uzun s\u00fcreli kullan\u0131mda bile konfor sunar. \tDayan\u0131kl\u0131 ve \u015e\u0131k Yap\u0131: Zarif ve sa\u011flam yap\u0131s\u0131yla g\u00fcnl\u00fck kullan\u0131mda dayan\u0131kl\u0131d\u0131r. \tUzun Pil \u00d6mr\u00fc: Tek \u015farjla uzun s\u00fcreli kullan\u0131m, seyahatler ve g\u00fcn boyu m\u00fczik keyfi i\u00e7in ideal. \tiOS ve Android Uyumlu: Hem iOS hem de Android cihazlarla tam uyumluluk, her telefonla sorunsuz kullan\u0131m. \tKolay Ta\u015f\u0131ma ve \u015earj: Kompakt ta\u015f\u0131ma kutusu ile kolayca ta\u015f\u0131n\u0131r ve \u015farj edilebilir, her zaman yan\u0131n\u0131zda bulundurabilirsiniz.<\/p>\n","protected":false},"excerpt":{"rendered":"<p>Kablosuz Kulakl\u0131k T\u00fcrleri:Bluetooth \u00d6zellikler:G\u00fcr\u00fclt\u00fc \u00d6nleme \u00d6zellikli, Mikrofonlu, Su Ge\u00e7irmez, Surround Ses, \u015earj K\u0131l\u0131fl\u0131, Dokunmatik Kontroll\u00fc \u015eekil:Kulak \u0130\u00e7i Kullan\u0131m:Spor, Cep Telefonu Kablosuz Bluetooth Ba\u011flant\u0131s\u0131: H\u0131zl\u0131 ve sorunsuz ba\u011flant\u0131 ile cihazlar\u0131n\u0131zla an\u0131nda e\u015fle\u015fir. Y\u00fcksek Ses Kalitesi: Temiz ve g\u00fc\u00e7l\u00fc ses performans\u0131 ile m\u00fczik, podcast ve aramalar\u0131n\u0131z\u0131 en iyi \u015fekilde deneyimleyin. Ergonomik Tasar\u0131m: Kula\u011fa tam oturan, hafif ve&#8230;<\/p>\n","protected":false},"featured_media":113870,"comment_status":"open","ping_status":"closed","template":"","meta":{"_kad_post_transparent":"","_kad_post_title":"","_kad_post_layout":"","_kad_post_sidebar_id":"","_kad_post_content_style":"","_kad_post_vertical_padding":"","_kad_post_feature":"","_kad_post_feature_position":"","_kad_post_header":false,"_kad_post_footer":false,"_kad_post_classname":""},"product_brand":[],"product_cat":[14957],"product_tag":[],"class_list":{"0":"post-113871","1":"product","2":"type-product","3":"status-publish","4":"has-post-thumbnail","6":"product_cat-kablosuz-kulaklik-kablosuz-kulaklik","8":"first","9":"instock","10":"purchasable","11":"product-type-simple","12":"entry","13":"content-bg","14":"loop-entry"},"_links":{"self":[{"href":"https:\/\/www.hediyepazar.com\/index.php?rest_route=\/wp\/v2\/product\/113871","targetHints":{"allow":["GET"]}}],"collection":[{"href":"https:\/\/www.hediyepazar.com\/index.php?rest_route=\/wp\/v2\/product"}],"about":[{"href":"https:\/\/www.hediyepazar.com\/index.php?rest_route=\/wp\/v2\/types\/product"}],"replies":[{"embeddable":true,"href":"https:\/\/www.hediyepazar.com\/index.php?rest_route=%2Fwp%2Fv2%2Fcomments&post=113871"}],"wp:featuredmedia":[{"embeddable":true,"href":"https:\/\/www.hediyepazar.com\/index.php?rest_route=\/wp\/v2\/media\/113870"}],"wp:attachment":[{"href":"https:\/\/www.hediyepazar.com\/index.php?rest_route=%2Fwp%2Fv2%2Fmedia&parent=113871"}],"wp:term":[{"taxonomy":"product_brand","embeddable":true,"href":"https:\/\/www.hediyepazar.com\/index.php?rest_route=%2Fwp%2Fv2%2Fproduct_brand&post=113871"},{"taxonomy":"product_cat","embeddable":true,"href":"https:\/\/www.hediyepazar.com\/index.php?rest_route=%2Fwp%2Fv2%2Fproduct_cat&post=113871"},{"taxonomy":"product_tag","embeddable":true,"href":"https:\/\/www.hediyepazar.com\/index.php?rest_route=%2Fwp%2Fv2%2Fproduct_tag&post=113871"}],"curies":[{"name":"wp","href":"https:\/\/api.w.org\/{rel}","templated":true}]}}