{"id":113875,"date":"2026-05-05T11:59:46","date_gmt":"2026-05-05T14:59:46","guid":{"rendered":"https:\/\/www.hediyepazar.com\/?product=100-saat-kulaklik"},"modified":"2026-05-05T11:59:46","modified_gmt":"2026-05-05T14:59:46","slug":"100-saat-kulaklik","status":"publish","type":"product","link":"https:\/\/www.hediyepazar.com\/?product=100-saat-kulaklik","title":{"rendered":"100 SAAT KULAKL\u0130K"},"content":{"rendered":"<p>60 saat kablosuz bluetooth kulakl\u0131k \u00fcr\u00fcn \u00f6zellikleri * bluetooth kulakl\u0131klar\u0131m\u0131zla kablosuz \u00f6zg\u00fcrl\u00fc\u011f\u00fc eksiksiz olarak ya\u015fayabilirsiniz. \t* hareket halinde veya spor yaparken aramalar\u0131n ve m\u00fczi\u011fin tad\u0131n\u0131 \u00e7\u0131karabilirsiniz. \t* hafif ve kullan\u0131\u015fl\u0131 tasar\u0131m\u0131 ile kaliteli ses ve kaliteli arama ger\u00e7ekle\u015ftirebilirsiniz. \t* tek d\u00fc\u011fme ile kolayca kontrol edebilirisiniz. \t* bluetooth ba\u011flant\u0131s\u0131 kurarak m\u00fczik \u00e7alar\u0131n\u0131z\u0131 uzaktan \u00e7al\u0131\u015ft\u0131rma fonksiyonundan yararlanabilirsiniz. \t* bluetooth s\u00fcr\u00fcm\u00fc : V 5.0 * kablosuz menzil : 10 metre. \t* konu\u015fma s\u00fcresi : Yakla\u015f\u0131k 60 saat m\u00fczik \u00e7alma s\u00fcresi : Yakla\u015f\u0131k 60 saat bekleme s\u00fcresi : Yakla\u015f\u0131k 400 saat * batarya kapasite : 500 mah. \t* \u015farj \u00e7\u0131k\u0131\u015f\u0131 : Dc 5v \u015farj giri\u015fi : Micro usb paket i\u00e7eri\u011fi 1 adet kablosuz bluetooth kulakl\u0131k 1 adet micro usb kablo (30 cm) kullan\u0131m k\u0131lavuzu.<\/p>\n","protected":false},"excerpt":{"rendered":"<p>60 saat kablosuz bluetooth kulakl\u0131k \u00fcr\u00fcn \u00f6zellikleri * bluetooth kulakl\u0131klar\u0131m\u0131zla kablosuz \u00f6zg\u00fcrl\u00fc\u011f\u00fc eksiksiz olarak ya\u015fayabilirsiniz. * hareket halinde veya spor yaparken aramalar\u0131n ve m\u00fczi\u011fin tad\u0131n\u0131 \u00e7\u0131karabilirsiniz. * hafif ve kullan\u0131\u015fl\u0131 tasar\u0131m\u0131 ile kaliteli ses ve kaliteli arama ger\u00e7ekle\u015ftirebilirsiniz. * tek d\u00fc\u011fme ile kolayca kontrol edebilirisiniz. * bluetooth ba\u011flant\u0131s\u0131 kurarak m\u00fczik \u00e7alar\u0131n\u0131z\u0131 uzaktan \u00e7al\u0131\u015ft\u0131rma fonksiyonundan yararlanabilirsiniz&#8230;.<\/p>\n","protected":false},"featured_media":113874,"comment_status":"open","ping_status":"closed","template":"","meta":{"_kad_post_transparent":"","_kad_post_title":"","_kad_post_layout":"","_kad_post_sidebar_id":"","_kad_post_content_style":"","_kad_post_vertical_padding":"","_kad_post_feature":"","_kad_post_feature_position":"","_kad_post_header":false,"_kad_post_footer":false,"_kad_post_classname":""},"product_brand":[],"product_cat":[14957],"product_tag":[],"class_list":{"0":"post-113875","1":"product","2":"type-product","3":"status-publish","4":"has-post-thumbnail","6":"product_cat-kablosuz-kulaklik-kablosuz-kulaklik","8":"first","9":"instock","10":"purchasable","11":"product-type-simple","12":"entry","13":"content-bg","14":"loop-entry"},"_links":{"self":[{"href":"https:\/\/www.hediyepazar.com\/index.php?rest_route=\/wp\/v2\/product\/113875","targetHints":{"allow":["GET"]}}],"collection":[{"href":"https:\/\/www.hediyepazar.com\/index.php?rest_route=\/wp\/v2\/product"}],"about":[{"href":"https:\/\/www.hediyepazar.com\/index.php?rest_route=\/wp\/v2\/types\/product"}],"replies":[{"embeddable":true,"href":"https:\/\/www.hediyepazar.com\/index.php?rest_route=%2Fwp%2Fv2%2Fcomments&post=113875"}],"wp:featuredmedia":[{"embeddable":true,"href":"https:\/\/www.hediyepazar.com\/index.php?rest_route=\/wp\/v2\/media\/113874"}],"wp:attachment":[{"href":"https:\/\/www.hediyepazar.com\/index.php?rest_route=%2Fwp%2Fv2%2Fmedia&parent=113875"}],"wp:term":[{"taxonomy":"product_brand","embeddable":true,"href":"https:\/\/www.hediyepazar.com\/index.php?rest_route=%2Fwp%2Fv2%2Fproduct_brand&post=113875"},{"taxonomy":"product_cat","embeddable":true,"href":"https:\/\/www.hediyepazar.com\/index.php?rest_route=%2Fwp%2Fv2%2Fproduct_cat&post=113875"},{"taxonomy":"product_tag","embeddable":true,"href":"https:\/\/www.hediyepazar.com\/index.php?rest_route=%2Fwp%2Fv2%2Fproduct_tag&post=113875"}],"curies":[{"name":"wp","href":"https:\/\/api.w.org\/{rel}","templated":true}]}}