{"id":113879,"date":"2026-05-05T11:59:55","date_gmt":"2026-05-05T14:59:55","guid":{"rendered":"https:\/\/www.hediyepazar.com\/?product=gts-1793-2"},"modified":"2026-05-05T11:59:55","modified_gmt":"2026-05-05T14:59:55","slug":"gts-1793-2","status":"publish","type":"product","link":"https:\/\/www.hediyepazar.com\/?product=gts-1793-2","title":{"rendered":"GTS 1793"},"content":{"rendered":"<p>2 saat kesintisiz m\u00fczik deneyimi sunar, b\u00f6ylece sevdi\u011finiz \u015fark\u0131lar\u0131 dinlerken enerjinizi kaybetmezsiniz \t\u0130thalat\u00e7\u0131 garantisi ile g\u00fcvenli bir kullan\u0131m sa\u011flar \therhangi bir sorun kar\u015f\u0131s\u0131nda 2 y\u0131l boyunca destek alabilirsiniz \tBluetooth \u00f6zelli\u011fi sayesinde kablosuz ba\u011flant\u0131 imkan\u0131 sunar, b\u00f6ylece kablo karma\u015fas\u0131na son verir ve hareket \u00f6zg\u00fcrl\u00fc\u011f\u00fc sa\u011flar \tSD kart deste\u011fi ile favori \u015fark\u0131lar\u0131n\u0131z\u0131 kolayca \u00e7alabilir, FM radyo \u00f6zelli\u011fi ile g\u00fcncel m\u00fczik dinleyebilirsiniz \tUSB giri\u015fi sayesinde harici belleklerden m\u00fczik aktar\u0131m\u0131 yapabilir veya bilgisayar\u0131n\u0131zdan m\u00fczik \u00e7almaya ba\u015flayabilirsiniz \tRGB ayd\u0131nlatmal\u0131 tasar\u0131m\u0131 ile g\u00f6rsel bir \u015f\u00f6len sunar ve mekan\u0131n\u0131za renk katar<\/p>\n","protected":false},"excerpt":{"rendered":"<p>2 saat kesintisiz m\u00fczik deneyimi sunar, b\u00f6ylece sevdi\u011finiz \u015fark\u0131lar\u0131 dinlerken enerjinizi kaybetmezsiniz \u0130thalat\u00e7\u0131 garantisi ile g\u00fcvenli bir kullan\u0131m sa\u011flar herhangi bir sorun kar\u015f\u0131s\u0131nda 2 y\u0131l boyunca destek alabilirsiniz Bluetooth \u00f6zelli\u011fi sayesinde kablosuz ba\u011flant\u0131 imkan\u0131 sunar, b\u00f6ylece kablo karma\u015fas\u0131na son verir ve hareket \u00f6zg\u00fcrl\u00fc\u011f\u00fc sa\u011flar SD kart deste\u011fi ile favori \u015fark\u0131lar\u0131n\u0131z\u0131 kolayca \u00e7alabilir, FM radyo \u00f6zelli\u011fi&#8230;<\/p>\n","protected":false},"featured_media":113878,"comment_status":"open","ping_status":"closed","template":"","meta":{"_kad_post_transparent":"","_kad_post_title":"","_kad_post_layout":"","_kad_post_sidebar_id":"","_kad_post_content_style":"","_kad_post_vertical_padding":"","_kad_post_feature":"","_kad_post_feature_position":"","_kad_post_header":false,"_kad_post_footer":false,"_kad_post_classname":""},"product_brand":[],"product_cat":[14911],"product_tag":[],"class_list":{"0":"post-113879","1":"product","2":"type-product","3":"status-publish","4":"has-post-thumbnail","6":"product_cat-kablosuz-hoparlor-kablosuz-hoparlor","8":"first","9":"instock","10":"purchasable","11":"product-type-simple","12":"entry","13":"content-bg","14":"loop-entry"},"_links":{"self":[{"href":"https:\/\/www.hediyepazar.com\/index.php?rest_route=\/wp\/v2\/product\/113879","targetHints":{"allow":["GET"]}}],"collection":[{"href":"https:\/\/www.hediyepazar.com\/index.php?rest_route=\/wp\/v2\/product"}],"about":[{"href":"https:\/\/www.hediyepazar.com\/index.php?rest_route=\/wp\/v2\/types\/product"}],"replies":[{"embeddable":true,"href":"https:\/\/www.hediyepazar.com\/index.php?rest_route=%2Fwp%2Fv2%2Fcomments&post=113879"}],"wp:featuredmedia":[{"embeddable":true,"href":"https:\/\/www.hediyepazar.com\/index.php?rest_route=\/wp\/v2\/media\/113878"}],"wp:attachment":[{"href":"https:\/\/www.hediyepazar.com\/index.php?rest_route=%2Fwp%2Fv2%2Fmedia&parent=113879"}],"wp:term":[{"taxonomy":"product_brand","embeddable":true,"href":"https:\/\/www.hediyepazar.com\/index.php?rest_route=%2Fwp%2Fv2%2Fproduct_brand&post=113879"},{"taxonomy":"product_cat","embeddable":true,"href":"https:\/\/www.hediyepazar.com\/index.php?rest_route=%2Fwp%2Fv2%2Fproduct_cat&post=113879"},{"taxonomy":"product_tag","embeddable":true,"href":"https:\/\/www.hediyepazar.com\/index.php?rest_route=%2Fwp%2Fv2%2Fproduct_tag&post=113879"}],"curies":[{"name":"wp","href":"https:\/\/api.w.org\/{rel}","templated":true}]}}