{"id":113883,"date":"2026-05-05T12:00:12","date_gmt":"2026-05-05T15:00:12","guid":{"rendered":"https:\/\/www.hediyepazar.com\/?product=g4-saat-2"},"modified":"2026-05-05T12:00:12","modified_gmt":"2026-05-05T15:00:12","slug":"g4-saat-2","status":"publish","type":"product","link":"https:\/\/www.hediyepazar.com\/?product=g4-saat-2","title":{"rendered":"G4 saat"},"content":{"rendered":"<p>G\u00fcnl\u00fck aktivitelerinizi takip etmek i\u00e7in entegre ad\u0131msayar \u00f6zelli\u011fi ile hareketlerinizi kaydedin ve sa\u011fl\u0131kl\u0131 ya\u015fam hedeflerinize ula\u015f\u0131n \t&#8211; Sesli g\u00f6r\u00fc\u015fme \u00f6zelli\u011fi sayesinde, ak\u0131ll\u0131 saatinizle telefonunuza dokunmadan \u00e7a\u011fr\u0131lara cevap verin ve konu\u015fmalar\u0131n\u0131z\u0131 kolayca y\u00f6netin \t&#8211; 300-400 mAh aral\u0131\u011f\u0131ndaki batarya kapasitesi ile uzun s\u00fcreli kullan\u0131m imkan\u0131 sunar, b\u00f6ylece g\u00fcn boyu \u015farj derdi olmadan cihaz\u0131n\u0131zdan faydalanabilirsiniz \t&#8211; Uyku takibi fonksiyonu ile uyku d\u00fczeninizi analiz edin ve daha iyi bir uyku kalitesi i\u00e7in gerekli ad\u0131mlar\u0131 at\u0131n \t&#8211; Titre\u015fim bildirimleri sayesinde \u00f6nemli uyar\u0131lar\u0131 ka\u00e7\u0131rmay\u0131n \tgelen mesajlar, \u00e7a\u011fr\u0131lar veya spor uyar\u0131lar\u0131 i\u00e7in an\u0131nda haberdar olun \t&#8211; \u015e\u0131k gri kasa rengiyle modern ve zarif bir tasar\u0131ma sahip olan bu ak\u0131ll\u0131 saat, her tarza uyum sa\u011flar \t&#8211; Nab\u0131z sens\u00f6r\u00fc ile kalp at\u0131\u015f h\u0131z\u0131n\u0131z\u0131 s\u00fcrekli olarak izleyin<\/p>\n","protected":false},"excerpt":{"rendered":"<p>G\u00fcnl\u00fck aktivitelerinizi takip etmek i\u00e7in entegre ad\u0131msayar \u00f6zelli\u011fi ile hareketlerinizi kaydedin ve sa\u011fl\u0131kl\u0131 ya\u015fam hedeflerinize ula\u015f\u0131n &#8211; Sesli g\u00f6r\u00fc\u015fme \u00f6zelli\u011fi sayesinde, ak\u0131ll\u0131 saatinizle telefonunuza dokunmadan \u00e7a\u011fr\u0131lara cevap verin ve konu\u015fmalar\u0131n\u0131z\u0131 kolayca y\u00f6netin &#8211; 300-400 mAh aral\u0131\u011f\u0131ndaki batarya kapasitesi ile uzun s\u00fcreli kullan\u0131m imkan\u0131 sunar, b\u00f6ylece g\u00fcn boyu \u015farj derdi olmadan cihaz\u0131n\u0131zdan faydalanabilirsiniz &#8211; Uyku takibi&#8230;<\/p>\n","protected":false},"featured_media":113882,"comment_status":"open","ping_status":"closed","template":"","meta":{"_kad_post_transparent":"","_kad_post_title":"","_kad_post_layout":"","_kad_post_sidebar_id":"","_kad_post_content_style":"","_kad_post_vertical_padding":"","_kad_post_feature":"","_kad_post_feature_position":"","_kad_post_header":false,"_kad_post_footer":false,"_kad_post_classname":""},"product_brand":[],"product_cat":[14935],"product_tag":[],"class_list":{"0":"post-113883","1":"product","2":"type-product","3":"status-publish","4":"has-post-thumbnail","6":"product_cat-akilli-saatler-akilli-saatler","8":"first","9":"instock","10":"purchasable","11":"product-type-simple","12":"entry","13":"content-bg","14":"loop-entry"},"_links":{"self":[{"href":"https:\/\/www.hediyepazar.com\/index.php?rest_route=\/wp\/v2\/product\/113883","targetHints":{"allow":["GET"]}}],"collection":[{"href":"https:\/\/www.hediyepazar.com\/index.php?rest_route=\/wp\/v2\/product"}],"about":[{"href":"https:\/\/www.hediyepazar.com\/index.php?rest_route=\/wp\/v2\/types\/product"}],"replies":[{"embeddable":true,"href":"https:\/\/www.hediyepazar.com\/index.php?rest_route=%2Fwp%2Fv2%2Fcomments&post=113883"}],"wp:featuredmedia":[{"embeddable":true,"href":"https:\/\/www.hediyepazar.com\/index.php?rest_route=\/wp\/v2\/media\/113882"}],"wp:attachment":[{"href":"https:\/\/www.hediyepazar.com\/index.php?rest_route=%2Fwp%2Fv2%2Fmedia&parent=113883"}],"wp:term":[{"taxonomy":"product_brand","embeddable":true,"href":"https:\/\/www.hediyepazar.com\/index.php?rest_route=%2Fwp%2Fv2%2Fproduct_brand&post=113883"},{"taxonomy":"product_cat","embeddable":true,"href":"https:\/\/www.hediyepazar.com\/index.php?rest_route=%2Fwp%2Fv2%2Fproduct_cat&post=113883"},{"taxonomy":"product_tag","embeddable":true,"href":"https:\/\/www.hediyepazar.com\/index.php?rest_route=%2Fwp%2Fv2%2Fproduct_tag&post=113883"}],"curies":[{"name":"wp","href":"https:\/\/api.w.org\/{rel}","templated":true}]}}