{"id":113889,"date":"2026-05-05T12:00:31","date_gmt":"2026-05-05T15:00:31","guid":{"rendered":"https:\/\/www.hediyepazar.com\/?product=oto-guneslik"},"modified":"2026-05-05T12:00:31","modified_gmt":"2026-05-05T15:00:31","slug":"oto-guneslik","status":"publish","type":"product","link":"https:\/\/www.hediyepazar.com\/?product=oto-guneslik","title":{"rendered":"OTO G\u00dcNE\u015eL\u0130K"},"content":{"rendered":"<p>Araba \u00d6n Cam G\u00fcne\u015fli\u011fi g\u00fcne\u015f \u0131\u015f\u0131nlar\u0131n\u0131 geri yans\u0131tan tasar\u0131m\u0131yla arac\u0131n\u0131z\u0131 daha serin tutman\u0131za yard\u0131mc\u0131 olacak.\u00a0Yaz g\u00fcnlerinde arac\u0131n\u0131z\u0131 g\u00fcne\u015f alan bir alana park etmek zorunda kald\u0131\u011f\u0131n\u0131zda arac\u0131n\u0131z\u0131 a\u015f\u0131r\u0131 derecede \u0131s\u0131nm\u0131\u015f bir \u015fekilde bulabilirsiniz.\u00a0\u00d6n cam g\u00fcne\u015fli\u011fi metalize reflekt\u00f6rl\u00fc aluminyum y\u00fczeyiyle g\u00fcne\u015f \u0131\u015f\u0131\u011f\u0131n\u0131 %99&#8217;a kadar bloke ederek daha konforlu bir yolculuk olana\u011f\u0131 sunar.\u00a0Arac\u0131n\u0131z\u0131 daha k\u0131sa s\u00fcre i\u00e7erisinde serinletebilmenize yard\u0131mc\u0131 olarak zaman kayb\u0131n\u0131 ve klima kullan\u0131m\u0131na ba\u011fl\u0131 yak\u0131t t\u00fcketimini azaltman\u0131z\u0131 sa\u011flar.\u00a0S\u00fcngerli i\u00e7 yap\u0131s\u0131 \u00fcr\u00fcne ekstra izolasyon yapabilme \u00f6zelli\u011fi katarak arac\u0131n\u0131z\u0131 a\u015f\u0131r\u0131 \u0131s\u0131nmaya kar\u015f\u0131 korurken, arac\u0131n\u0131z\u0131n deri, plastik ve kuma\u015f aksamlar\u0131n\u0131n da zararl\u0131 \u0131\u015f\u0131nlara ba\u011fl\u0131 olarak hasar g\u00f6rmesini engeller.\u00a0Katlanabilme \u00f6zelli\u011fiyle arac\u0131n\u0131zda yer i\u015fgal etmeden kolayca ta\u015f\u0131yabilece\u011finiz \u00fcr\u00fcn, 130 cm&#8217;lik geni\u015fli\u011fi ve 60 cm&#8217;lik y\u00fcksekli\u011fiyle t\u00fcm standart otomobil modelleriyle uyumludur.\u00a0\u00a0\u00dcr\u00fcn \u00d6zellikleri:\u00a0Metalize reflekt\u00f6rl\u00fc otomobil g\u00fcne\u015fli\u011fidir\u00a0Arac\u0131n\u0131z\u0131 a\u015f\u0131r\u0131 \u0131s\u0131nmaya kar\u015f\u0131 korur\u00a0S\u00fcngerli i\u00e7 yap\u0131s\u0131yla ekstra izolasyon sunar\u00a0Deri, plastik ve kuma\u015f aksamlar\u0131 zararl\u0131 \u0131\u015f\u0131nlardan korur\u00a0T\u00fcm standart otomobil modelleriyle uyumludur\u00a0Kolayca tak\u0131l\u0131p s\u00f6k\u00fclebilir, defalarca kullan\u0131labilir\u00a0Katlanabilir yap\u0131s\u0131yla ta\u015f\u0131nmas\u0131 ve saklanmas\u0131 kolayd\u0131r\u00a0\u00dcr\u00fcn \u00d6l\u00e7\u00fcleri\u00a0A\u00e7\u0131k Ebat: 130 cm x 60 cm<\/p>\n","protected":false},"excerpt":{"rendered":"<p>Araba \u00d6n Cam G\u00fcne\u015fli\u011fi g\u00fcne\u015f \u0131\u015f\u0131nlar\u0131n\u0131 geri yans\u0131tan tasar\u0131m\u0131yla arac\u0131n\u0131z\u0131 daha serin tutman\u0131za yard\u0131mc\u0131 olacak.\u00a0Yaz g\u00fcnlerinde arac\u0131n\u0131z\u0131 g\u00fcne\u015f alan bir alana park etmek zorunda kald\u0131\u011f\u0131n\u0131zda arac\u0131n\u0131z\u0131 a\u015f\u0131r\u0131 derecede \u0131s\u0131nm\u0131\u015f bir \u015fekilde bulabilirsiniz.\u00a0\u00d6n cam g\u00fcne\u015fli\u011fi metalize reflekt\u00f6rl\u00fc aluminyum y\u00fczeyiyle g\u00fcne\u015f \u0131\u015f\u0131\u011f\u0131n\u0131 %99&#8217;a kadar bloke ederek daha konforlu bir yolculuk olana\u011f\u0131 sunar.\u00a0Arac\u0131n\u0131z\u0131 daha k\u0131sa s\u00fcre i\u00e7erisinde serinletebilmenize&#8230;<\/p>\n","protected":false},"featured_media":113888,"comment_status":"open","ping_status":"closed","template":"","meta":{"_kad_post_transparent":"","_kad_post_title":"","_kad_post_layout":"","_kad_post_sidebar_id":"","_kad_post_content_style":"","_kad_post_vertical_padding":"","_kad_post_feature":"","_kad_post_feature_position":"","_kad_post_header":false,"_kad_post_footer":false,"_kad_post_classname":""},"product_brand":[],"product_cat":[14921],"product_tag":[],"class_list":{"0":"post-113889","1":"product","2":"type-product","3":"status-publish","4":"has-post-thumbnail","6":"product_cat-oto-guneslik-perde-oto-guneslik-perde-2","8":"first","9":"instock","10":"purchasable","11":"product-type-simple","12":"entry","13":"content-bg","14":"loop-entry"},"_links":{"self":[{"href":"https:\/\/www.hediyepazar.com\/index.php?rest_route=\/wp\/v2\/product\/113889","targetHints":{"allow":["GET"]}}],"collection":[{"href":"https:\/\/www.hediyepazar.com\/index.php?rest_route=\/wp\/v2\/product"}],"about":[{"href":"https:\/\/www.hediyepazar.com\/index.php?rest_route=\/wp\/v2\/types\/product"}],"replies":[{"embeddable":true,"href":"https:\/\/www.hediyepazar.com\/index.php?rest_route=%2Fwp%2Fv2%2Fcomments&post=113889"}],"wp:featuredmedia":[{"embeddable":true,"href":"https:\/\/www.hediyepazar.com\/index.php?rest_route=\/wp\/v2\/media\/113888"}],"wp:attachment":[{"href":"https:\/\/www.hediyepazar.com\/index.php?rest_route=%2Fwp%2Fv2%2Fmedia&parent=113889"}],"wp:term":[{"taxonomy":"product_brand","embeddable":true,"href":"https:\/\/www.hediyepazar.com\/index.php?rest_route=%2Fwp%2Fv2%2Fproduct_brand&post=113889"},{"taxonomy":"product_cat","embeddable":true,"href":"https:\/\/www.hediyepazar.com\/index.php?rest_route=%2Fwp%2Fv2%2Fproduct_cat&post=113889"},{"taxonomy":"product_tag","embeddable":true,"href":"https:\/\/www.hediyepazar.com\/index.php?rest_route=%2Fwp%2Fv2%2Fproduct_tag&post=113889"}],"curies":[{"name":"wp","href":"https:\/\/api.w.org\/{rel}","templated":true}]}}