{"id":113895,"date":"2026-05-05T12:00:46","date_gmt":"2026-05-05T15:00:46","guid":{"rendered":"https:\/\/www.hediyepazar.com\/?product=projeksiyon"},"modified":"2026-05-05T12:00:46","modified_gmt":"2026-05-05T15:00:46","slug":"projeksiyon","status":"publish","type":"product","link":"https:\/\/www.hediyepazar.com\/?product=projeksiyon","title":{"rendered":"PROJEKS\u0130YON"},"content":{"rendered":"<p>\u00a064GB dahili depolama kapasitesi ile geni\u015f bir medya k\u00fct\u00fcphanesi olu\u015fturun ve favori videolar\u0131n\u0131z\u0131, m\u00fcziklerinizi ve foto\u011fraflar\u0131n\u0131z\u0131 yan\u0131n\u0131zda ta\u015f\u0131y\u0131n. \t&#8211; 2GB RAM ile h\u0131zl\u0131 ve ak\u0131c\u0131 bir kullan\u0131m deneyimi ya\u015fay\u0131n \tuygulamalar aras\u0131nda ge\u00e7i\u015f yaparken veya video oynat\u0131rken gecikme ya\u015famay\u0131n. \t&#8211; Y\u00fcksek \u00e7\u00f6z\u00fcn\u00fcrl\u00fckl\u00fc 720p HD g\u00f6r\u00fcnt\u00fc kalitesi sayesinde net ve canl\u0131 g\u00f6r\u00fcnt\u00fcler elde edin \tfilm izlerken veya sunum yaparken detaylar\u0131 ka\u00e7\u0131rmay\u0131n. \t&#8211; Uzaktan kumanda \u00f6zelli\u011fi ile projekt\u00f6r\u00fcn\u00fcz\u00fc kolayca kontrol edin \teller serbest kullan\u0131m\u0131n keyfini \u00e7\u0131kar\u0131n ve hareket \u00f6zg\u00fcrl\u00fc\u011f\u00fcn\u00fcz\u00fc art\u0131r\u0131n. \t&#8211; Ta\u015f\u0131nabilir yap\u0131s\u0131 sayesinde evde, ofiste veya a\u00e7\u0131k havada her yerde kullanabilece\u011finiz esneklikte bir cihazd\u0131r.<\/p>\n","protected":false},"excerpt":{"rendered":"<p>\u00a064GB dahili depolama kapasitesi ile geni\u015f bir medya k\u00fct\u00fcphanesi olu\u015fturun ve favori videolar\u0131n\u0131z\u0131, m\u00fcziklerinizi ve foto\u011fraflar\u0131n\u0131z\u0131 yan\u0131n\u0131zda ta\u015f\u0131y\u0131n. &#8211; 2GB RAM ile h\u0131zl\u0131 ve ak\u0131c\u0131 bir kullan\u0131m deneyimi ya\u015fay\u0131n uygulamalar aras\u0131nda ge\u00e7i\u015f yaparken veya video oynat\u0131rken gecikme ya\u015famay\u0131n. &#8211; Y\u00fcksek \u00e7\u00f6z\u00fcn\u00fcrl\u00fckl\u00fc 720p HD g\u00f6r\u00fcnt\u00fc kalitesi sayesinde net ve canl\u0131 g\u00f6r\u00fcnt\u00fcler elde edin film izlerken veya&#8230;<\/p>\n","protected":false},"featured_media":113894,"comment_status":"open","ping_status":"closed","template":"","meta":{"_kad_post_transparent":"","_kad_post_title":"","_kad_post_layout":"","_kad_post_sidebar_id":"","_kad_post_content_style":"","_kad_post_vertical_padding":"","_kad_post_feature":"","_kad_post_feature_position":"","_kad_post_header":false,"_kad_post_footer":false,"_kad_post_classname":""},"product_brand":[],"product_cat":[14905],"product_tag":[],"class_list":{"0":"post-113895","1":"product","2":"type-product","3":"status-publish","4":"has-post-thumbnail","6":"product_cat-projeksiyon-projeksiyon","8":"first","9":"instock","10":"purchasable","11":"product-type-simple","12":"entry","13":"content-bg","14":"loop-entry"},"_links":{"self":[{"href":"https:\/\/www.hediyepazar.com\/index.php?rest_route=\/wp\/v2\/product\/113895","targetHints":{"allow":["GET"]}}],"collection":[{"href":"https:\/\/www.hediyepazar.com\/index.php?rest_route=\/wp\/v2\/product"}],"about":[{"href":"https:\/\/www.hediyepazar.com\/index.php?rest_route=\/wp\/v2\/types\/product"}],"replies":[{"embeddable":true,"href":"https:\/\/www.hediyepazar.com\/index.php?rest_route=%2Fwp%2Fv2%2Fcomments&post=113895"}],"wp:featuredmedia":[{"embeddable":true,"href":"https:\/\/www.hediyepazar.com\/index.php?rest_route=\/wp\/v2\/media\/113894"}],"wp:attachment":[{"href":"https:\/\/www.hediyepazar.com\/index.php?rest_route=%2Fwp%2Fv2%2Fmedia&parent=113895"}],"wp:term":[{"taxonomy":"product_brand","embeddable":true,"href":"https:\/\/www.hediyepazar.com\/index.php?rest_route=%2Fwp%2Fv2%2Fproduct_brand&post=113895"},{"taxonomy":"product_cat","embeddable":true,"href":"https:\/\/www.hediyepazar.com\/index.php?rest_route=%2Fwp%2Fv2%2Fproduct_cat&post=113895"},{"taxonomy":"product_tag","embeddable":true,"href":"https:\/\/www.hediyepazar.com\/index.php?rest_route=%2Fwp%2Fv2%2Fproduct_tag&post=113895"}],"curies":[{"name":"wp","href":"https:\/\/api.w.org\/{rel}","templated":true}]}}