{"id":113905,"date":"2026-05-05T12:01:15","date_gmt":"2026-05-05T15:01:15","guid":{"rendered":"https:\/\/www.hediyepazar.com\/?product=l58-siyah-ekranli-airpods-pro"},"modified":"2026-05-05T12:01:15","modified_gmt":"2026-05-05T15:01:15","slug":"l58-siyah-ekranli-airpods-pro","status":"publish","type":"product","link":"https:\/\/www.hediyepazar.com\/?product=l58-siyah-ekranli-airpods-pro","title":{"rendered":"L58 S\u0130YAH EKRANLI A\u0130RPODS PRO"},"content":{"rendered":"<p>Aktif G\u00fcr\u00fclt\u00fc Engelleme (ANC) \u00f6zelli\u011fi sayesinde, d\u0131\u015f sesleri minimuma indirerek tamamen m\u00fczi\u011finize odaklanman\u0131z\u0131 sa\u011flar. Dokunmatik kontrol ve dijital ekran gibi geli\u015fmi\u015f \u00f6zellikleriyle, bu kulakl\u0131klar g\u00fcnl\u00fck kullan\u0131m i\u00e7in m\u00fckemmel bir se\u00e7imdir.\u00d6ne \u00c7\u0131kan \u00d6zellikler: \tAktif G\u00fcr\u00fclt\u00fc Engelleme (ANC): ANC teknolojisi ile d\u0131\u015f sesleri etkili bir \u015fekilde engeller, b\u00f6ylece g\u00fcr\u00fclt\u00fcs\u00fcz bir m\u00fczik dinleme veya arama yapma deneyimi sunar. \tDijital Ekran: Kulakl\u0131\u011f\u0131n \u015farj durumu ve ba\u011flant\u0131 bilgilerini kolayca takip edebilece\u011finiz dijital ekran\u0131 sayesinde her zaman kontrol sizde. \tDokunmatik Kontroller: Dokunmatik sens\u00f6rler sayesinde m\u00fczi\u011finizi durdurabilir, par\u00e7a de\u011fi\u015ftirebilir veya aramalar\u0131n\u0131z\u0131 cevaplayabilirsiniz. Kullan\u0131m kolayl\u0131\u011f\u0131 i\u00e7in tasarlanm\u0131\u015ft\u0131r. \tBluetooth Ba\u011flant\u0131s\u0131: Geli\u015fmi\u015f Bluetooth teknolojisi ile cihazlar\u0131n\u0131zla h\u0131zl\u0131 ve kesintisiz bir ba\u011flant\u0131 sa\u011flar. Geni\u015f ba\u011flant\u0131 menzili ile hareket \u00f6zg\u00fcrl\u00fc\u011f\u00fcn\u00fcz\u00fc art\u0131r\u0131r. \tY\u00fcksek Ses Kalitesi: Net ve dengeli ses \u00e7\u0131k\u0131\u015f\u0131, g\u00fc\u00e7l\u00fc baslar ve zengin ayr\u0131nt\u0131larla m\u00fczik keyfinizi en \u00fcst seviyeye ta\u015f\u0131r. \tUzun Pil \u00d6mr\u00fc: Uzun s\u00fcreli pil \u00f6mr\u00fc ile g\u00fcn boyu kesintisiz m\u00fczik dinleme veya arama yapma imkan\u0131 sunar. \tErgonomik Tasar\u0131m: Kulakl\u0131klar, kulaklar\u0131n\u0131za m\u00fckemmel bir uyum sa\u011flar ve uzun s\u00fcreli kullan\u0131mlarda bile rahatl\u0131k sunar.<\/p>\n","protected":false},"excerpt":{"rendered":"<p>Aktif G\u00fcr\u00fclt\u00fc Engelleme (ANC) \u00f6zelli\u011fi sayesinde, d\u0131\u015f sesleri minimuma indirerek tamamen m\u00fczi\u011finize odaklanman\u0131z\u0131 sa\u011flar. Dokunmatik kontrol ve dijital ekran gibi geli\u015fmi\u015f \u00f6zellikleriyle, bu kulakl\u0131klar g\u00fcnl\u00fck kullan\u0131m i\u00e7in m\u00fckemmel bir se\u00e7imdir.\u00d6ne \u00c7\u0131kan \u00d6zellikler: Aktif G\u00fcr\u00fclt\u00fc Engelleme (ANC): ANC teknolojisi ile d\u0131\u015f sesleri etkili bir \u015fekilde engeller, b\u00f6ylece g\u00fcr\u00fclt\u00fcs\u00fcz bir m\u00fczik dinleme veya arama yapma deneyimi sunar&#8230;.<\/p>\n","protected":false},"featured_media":113904,"comment_status":"open","ping_status":"closed","template":"","meta":{"_kad_post_transparent":"","_kad_post_title":"","_kad_post_layout":"","_kad_post_sidebar_id":"","_kad_post_content_style":"","_kad_post_vertical_padding":"","_kad_post_feature":"","_kad_post_feature_position":"","_kad_post_header":false,"_kad_post_footer":false,"_kad_post_classname":""},"product_brand":[],"product_cat":[14957],"product_tag":[],"class_list":{"0":"post-113905","1":"product","2":"type-product","3":"status-publish","4":"has-post-thumbnail","6":"product_cat-kablosuz-kulaklik-kablosuz-kulaklik","8":"first","9":"instock","10":"purchasable","11":"product-type-simple","12":"entry","13":"content-bg","14":"loop-entry"},"_links":{"self":[{"href":"https:\/\/www.hediyepazar.com\/index.php?rest_route=\/wp\/v2\/product\/113905","targetHints":{"allow":["GET"]}}],"collection":[{"href":"https:\/\/www.hediyepazar.com\/index.php?rest_route=\/wp\/v2\/product"}],"about":[{"href":"https:\/\/www.hediyepazar.com\/index.php?rest_route=\/wp\/v2\/types\/product"}],"replies":[{"embeddable":true,"href":"https:\/\/www.hediyepazar.com\/index.php?rest_route=%2Fwp%2Fv2%2Fcomments&post=113905"}],"wp:featuredmedia":[{"embeddable":true,"href":"https:\/\/www.hediyepazar.com\/index.php?rest_route=\/wp\/v2\/media\/113904"}],"wp:attachment":[{"href":"https:\/\/www.hediyepazar.com\/index.php?rest_route=%2Fwp%2Fv2%2Fmedia&parent=113905"}],"wp:term":[{"taxonomy":"product_brand","embeddable":true,"href":"https:\/\/www.hediyepazar.com\/index.php?rest_route=%2Fwp%2Fv2%2Fproduct_brand&post=113905"},{"taxonomy":"product_cat","embeddable":true,"href":"https:\/\/www.hediyepazar.com\/index.php?rest_route=%2Fwp%2Fv2%2Fproduct_cat&post=113905"},{"taxonomy":"product_tag","embeddable":true,"href":"https:\/\/www.hediyepazar.com\/index.php?rest_route=%2Fwp%2Fv2%2Fproduct_tag&post=113905"}],"curies":[{"name":"wp","href":"https:\/\/api.w.org\/{rel}","templated":true}]}}