{"id":113909,"date":"2026-05-05T12:01:26","date_gmt":"2026-05-05T15:01:26","guid":{"rendered":"https:\/\/www.hediyepazar.com\/?product=v071-tiras-makinesi"},"modified":"2026-05-05T12:01:26","modified_gmt":"2026-05-05T15:01:26","slug":"v071-tiras-makinesi","status":"publish","type":"product","link":"https:\/\/www.hediyepazar.com\/?product=v071-tiras-makinesi","title":{"rendered":"V071 TIRA\u015e MAK\u0130NES\u0130"},"content":{"rendered":"<p>Bu profesyonel sa\u00e7 kesme makinesi, keskin 0 b\u0131\u00e7ak kafas\u0131 ile m\u00fckemmel ve hassas bir t\u0131ra\u015f sunar.\u015earj edilebilir yap\u0131s\u0131 sayesinde kablosuz kullan\u0131m imkan\u0131 tan\u0131r ve ki\u015fisel bak\u0131m\u0131n\u0131z\u0131 evde kolayca yapman\u0131z\u0131 sa\u011flar. \tB\u0131\u00e7ak Tipi: 0 b\u0131\u00e7ak kafas\u0131 \tG\u00fc\u00e7 Kayna\u011f\u0131: \u015earj edilebilir \tKullan\u0131m: Profesyonel sa\u00e7 kesimi ve d\u00fczeltici \tFonksiyonlar: Hassas t\u0131ra\u015f ve sa\u00e7 kesimiBerber kalitesinde bir sa\u00e7 kesimi i\u00e7in ideal bir ara\u00e7.<\/p>\n","protected":false},"excerpt":{"rendered":"<p>Bu profesyonel sa\u00e7 kesme makinesi, keskin 0 b\u0131\u00e7ak kafas\u0131 ile m\u00fckemmel ve hassas bir t\u0131ra\u015f sunar.\u015earj edilebilir yap\u0131s\u0131 sayesinde kablosuz kullan\u0131m imkan\u0131 tan\u0131r ve ki\u015fisel bak\u0131m\u0131n\u0131z\u0131 evde kolayca yapman\u0131z\u0131 sa\u011flar. B\u0131\u00e7ak Tipi: 0 b\u0131\u00e7ak kafas\u0131 G\u00fc\u00e7 Kayna\u011f\u0131: \u015earj edilebilir Kullan\u0131m: Profesyonel sa\u00e7 kesimi ve d\u00fczeltici Fonksiyonlar: Hassas t\u0131ra\u015f ve sa\u00e7 kesimiBerber kalitesinde bir sa\u00e7 kesimi&#8230;<\/p>\n","protected":false},"featured_media":113908,"comment_status":"open","ping_status":"closed","template":"","meta":{"_kad_post_transparent":"","_kad_post_title":"","_kad_post_layout":"","_kad_post_sidebar_id":"","_kad_post_content_style":"","_kad_post_vertical_padding":"","_kad_post_feature":"","_kad_post_feature_position":"","_kad_post_header":false,"_kad_post_footer":false,"_kad_post_classname":""},"product_brand":[],"product_cat":[14925],"product_tag":[],"class_list":{"0":"post-113909","1":"product","2":"type-product","3":"status-publish","4":"has-post-thumbnail","6":"product_cat-tiras-makinesi-tiras-makinesi","8":"first","9":"instock","10":"purchasable","11":"product-type-simple","12":"entry","13":"content-bg","14":"loop-entry"},"_links":{"self":[{"href":"https:\/\/www.hediyepazar.com\/index.php?rest_route=\/wp\/v2\/product\/113909","targetHints":{"allow":["GET"]}}],"collection":[{"href":"https:\/\/www.hediyepazar.com\/index.php?rest_route=\/wp\/v2\/product"}],"about":[{"href":"https:\/\/www.hediyepazar.com\/index.php?rest_route=\/wp\/v2\/types\/product"}],"replies":[{"embeddable":true,"href":"https:\/\/www.hediyepazar.com\/index.php?rest_route=%2Fwp%2Fv2%2Fcomments&post=113909"}],"wp:featuredmedia":[{"embeddable":true,"href":"https:\/\/www.hediyepazar.com\/index.php?rest_route=\/wp\/v2\/media\/113908"}],"wp:attachment":[{"href":"https:\/\/www.hediyepazar.com\/index.php?rest_route=%2Fwp%2Fv2%2Fmedia&parent=113909"}],"wp:term":[{"taxonomy":"product_brand","embeddable":true,"href":"https:\/\/www.hediyepazar.com\/index.php?rest_route=%2Fwp%2Fv2%2Fproduct_brand&post=113909"},{"taxonomy":"product_cat","embeddable":true,"href":"https:\/\/www.hediyepazar.com\/index.php?rest_route=%2Fwp%2Fv2%2Fproduct_cat&post=113909"},{"taxonomy":"product_tag","embeddable":true,"href":"https:\/\/www.hediyepazar.com\/index.php?rest_route=%2Fwp%2Fv2%2Fproduct_tag&post=113909"}],"curies":[{"name":"wp","href":"https:\/\/api.w.org\/{rel}","templated":true}]}}