{"id":113913,"date":"2026-05-05T12:01:38","date_gmt":"2026-05-05T15:01:38","guid":{"rendered":"https:\/\/www.hediyepazar.com\/?product=hasuba-hs-21-mini-elektrikli-ogutucu-makine"},"modified":"2026-05-05T12:01:38","modified_gmt":"2026-05-05T15:01:38","slug":"hasuba-hs-21-mini-elektrikli-ogutucu-makine","status":"publish","type":"product","link":"https:\/\/www.hediyepazar.com\/?product=hasuba-hs-21-mini-elektrikli-ogutucu-makine","title":{"rendered":"Hasuba HS-21 Mini Elektrikli \u00d6\u011f\u00fct\u00fcc\u00fc Makine"},"content":{"rendered":"<p>Kahve ve Baharat \u00d6\u011f\u00fct\u00fcc\u00fc Paslanmaz \u00c7elik Elektrikli \u00d6\u011f\u00fct\u00fcc\u00fc (YEDEK BI\u00c7AK HED\u0130YEL\u0130) G\u00fc\u00e7l\u00fc Motor: 200 watt g\u00fcc\u00fcndeki motoru sayesinde kahve \u00e7ekirdekleri ve baharatlar\u0131 dakikalar i\u00e7inde \u00f6\u011f\u00fctebilir. \tH\u0131zl\u0131 ve verimli performans\u0131yla zaman\u0131n\u0131z\u0131 tasarruf edin. \tPaslanmaz \u00c7elik B\u0131\u00e7aklar: \u00dcst\u00fcn kaliteli paslanmaz \u00e7elik b\u0131\u00e7aklar, kahve \u00e7ekirdekleri ve baharatlar\u0131 kolayca \u00f6\u011f\u00fct\u00fcr ve uzun \u00f6m\u00fcrl\u00fcd\u00fcr. \tKeskin b\u0131\u00e7aklar\u0131yla her seferinde m\u00fckemmel \u00f6\u011f\u00fctme sonu\u00e7lar\u0131 elde edin. \tAyarlanabilir \u00d6\u011f\u00fctme Seviyeleri: Farkl\u0131 \u00f6\u011f\u00fctme seviyeleriyle, kahvenizin veya baharatlar\u0131n\u0131z\u0131n \u00f6\u011f\u00fct\u00fclme derecesini ki\u015fisel tercihinize g\u00f6re ayarlayabilirsiniz. \t\u0130nce \u00f6\u011f\u00fctme ile espresso i\u00e7in ideal, orta \u00f6\u011f\u00fctme ile filtre kahve i\u00e7in m\u00fckemmel. \tGeni\u015f Kapasite: B\u00fcy\u00fck kapasitesi sayesinde, ayn\u0131 anda daha fazla kahve \u00e7ekirde\u011fi veya baharat\u0131 \u00f6\u011f\u00fctebilir. \tPratik kullan\u0131m\u0131yla, misafirlerinize lezzetli kahveler ve baharatlar sunun. \t\u015e\u0131k Tasar\u0131m: \u015e\u0131k ve kompakt tasar\u0131m\u0131yla mutfak tezgah\u0131n\u0131zda az yer kaplar ve modern bir g\u00f6r\u00fcn\u00fcm sunar. \tHer detay\u0131 d\u00fc\u015f\u00fcn\u00fclm\u00fc\u015f ergonomik tasar\u0131m, kullan\u0131m\u0131 kolay hale getirir. \tTek d\u00fc\u011fme i\u015flemiyle kullan\u0131m\u0131 son derece basit hale getirir. \tKontrol paneli a\u00e7\u0131k ve anla\u015f\u0131l\u0131r bir \u015fekilde d\u00fczenlenmi\u015ftir, b\u00f6ylece her kullan\u0131c\u0131 kolayca ustala\u015fabilir. \tEvde taze \u00f6\u011f\u00fct\u00fclm\u00fc\u015f kahve ve baharatlar\u0131n keyfini \u00e7\u0131karmak i\u00e7in bug\u00fcn deneyin. \tKaliteli malzemeleri, g\u00fc\u00e7l\u00fc performans\u0131 ve \u015f\u0131k tasar\u0131m\u0131yla mutfakta vazge\u00e7ilmez bir yard\u0131mc\u0131n\u0131z olacak!<\/p>\n","protected":false},"excerpt":{"rendered":"<p>Kahve ve Baharat \u00d6\u011f\u00fct\u00fcc\u00fc Paslanmaz \u00c7elik Elektrikli \u00d6\u011f\u00fct\u00fcc\u00fc (YEDEK BI\u00c7AK HED\u0130YEL\u0130) G\u00fc\u00e7l\u00fc Motor: 200 watt g\u00fcc\u00fcndeki motoru sayesinde kahve \u00e7ekirdekleri ve baharatlar\u0131 dakikalar i\u00e7inde \u00f6\u011f\u00fctebilir. H\u0131zl\u0131 ve verimli performans\u0131yla zaman\u0131n\u0131z\u0131 tasarruf edin. Paslanmaz \u00c7elik B\u0131\u00e7aklar: \u00dcst\u00fcn kaliteli paslanmaz \u00e7elik b\u0131\u00e7aklar, kahve \u00e7ekirdekleri ve baharatlar\u0131 kolayca \u00f6\u011f\u00fct\u00fcr ve uzun \u00f6m\u00fcrl\u00fcd\u00fcr. Keskin b\u0131\u00e7aklar\u0131yla her seferinde m\u00fckemmel \u00f6\u011f\u00fctme&#8230;<\/p>\n","protected":false},"featured_media":113912,"comment_status":"open","ping_status":"closed","template":"","meta":{"_kad_post_transparent":"","_kad_post_title":"","_kad_post_layout":"","_kad_post_sidebar_id":"","_kad_post_content_style":"","_kad_post_vertical_padding":"","_kad_post_feature":"","_kad_post_feature_position":"","_kad_post_header":false,"_kad_post_footer":false,"_kad_post_classname":""},"product_brand":[],"product_cat":[14909],"product_tag":[],"class_list":{"0":"post-113913","1":"product","2":"type-product","3":"status-publish","4":"has-post-thumbnail","6":"product_cat-termos-termos","8":"first","9":"instock","10":"purchasable","11":"product-type-simple","12":"entry","13":"content-bg","14":"loop-entry"},"_links":{"self":[{"href":"https:\/\/www.hediyepazar.com\/index.php?rest_route=\/wp\/v2\/product\/113913","targetHints":{"allow":["GET"]}}],"collection":[{"href":"https:\/\/www.hediyepazar.com\/index.php?rest_route=\/wp\/v2\/product"}],"about":[{"href":"https:\/\/www.hediyepazar.com\/index.php?rest_route=\/wp\/v2\/types\/product"}],"replies":[{"embeddable":true,"href":"https:\/\/www.hediyepazar.com\/index.php?rest_route=%2Fwp%2Fv2%2Fcomments&post=113913"}],"wp:featuredmedia":[{"embeddable":true,"href":"https:\/\/www.hediyepazar.com\/index.php?rest_route=\/wp\/v2\/media\/113912"}],"wp:attachment":[{"href":"https:\/\/www.hediyepazar.com\/index.php?rest_route=%2Fwp%2Fv2%2Fmedia&parent=113913"}],"wp:term":[{"taxonomy":"product_brand","embeddable":true,"href":"https:\/\/www.hediyepazar.com\/index.php?rest_route=%2Fwp%2Fv2%2Fproduct_brand&post=113913"},{"taxonomy":"product_cat","embeddable":true,"href":"https:\/\/www.hediyepazar.com\/index.php?rest_route=%2Fwp%2Fv2%2Fproduct_cat&post=113913"},{"taxonomy":"product_tag","embeddable":true,"href":"https:\/\/www.hediyepazar.com\/index.php?rest_route=%2Fwp%2Fv2%2Fproduct_tag&post=113913"}],"curies":[{"name":"wp","href":"https:\/\/api.w.org\/{rel}","templated":true}]}}