{"id":113917,"date":"2026-05-05T12:01:49","date_gmt":"2026-05-05T15:01:49","guid":{"rendered":"https:\/\/www.hediyepazar.com\/?product=hello-3-2"},"modified":"2026-05-05T12:01:49","modified_gmt":"2026-05-05T15:01:49","slug":"hello-3-2","status":"publish","type":"product","link":"https:\/\/www.hediyepazar.com\/?product=hello-3-2","title":{"rendered":"HELLO 3"},"content":{"rendered":"<p>\u00d6zellikler: \tUltra AMOLED Ekran: Canl\u0131 ve net g\u00f6r\u00fcnt\u00fc sunan Ultra AMOLED ekran, her a\u00e7\u0131dan m\u00fckemmel bir g\u00f6r\u00fcnt\u00fc deneyimi sa\u011flar. \t3. Nesil Y\u00fckseltme: Yeni nesil teknolojisi ile daha h\u0131zl\u0131 ve daha verimli bir performans sunar. \tSa\u011fl\u0131k Takibi: Kalp at\u0131\u015f h\u0131z\u0131, uyku d\u00fczeni, ad\u0131m sayar ve daha fazlas\u0131n\u0131 izleyerek sa\u011fl\u0131\u011f\u0131n\u0131z\u0131 s\u00fcrekli takip edin. \tBildirimler ve \u00c7a\u011fr\u0131lar: Mesajlar, aramalar ve sosyal medya bildirimleri bile\u011finizde. Telefonunuzu cebinizden \u00e7\u0131karmadan her \u015feyden haberdar olun. \tUzun Pil \u00d6mr\u00fc: G\u00fc\u00e7l\u00fc bataryas\u0131 sayesinde g\u00fcn boyu kullan\u0131m sa\u011flar. \tSuya Dayan\u0131kl\u0131l\u0131k: G\u00fcnl\u00fck ya\u015fam\u0131n getirdi\u011fi su s\u0131\u00e7ramalar\u0131na ve tere kar\u015f\u0131 dayan\u0131kl\u0131d\u0131r. \t\u015e\u0131k Tasar\u0131m: Modern ve zarif tasar\u0131m\u0131yla her ortamda dikkat \u00e7eker. Farkl\u0131 kay\u0131\u015f se\u00e7enekleri ile tarz\u0131n\u0131za uyum sa\u011flar.Kullan\u0131m Alanlar\u0131: \tSpor ve Fitness: Antrenmanlar\u0131n\u0131z\u0131 izleyin, hedeflerinizi belirleyin ve geli\u015fiminizi takip edin. \tG\u00fcnl\u00fck Kullan\u0131m: \u0130\u015fte, evde veya d\u0131\u015far\u0131da; her an yan\u0131n\u0131zda. \tSa\u011fl\u0131k ve \u0130yi Ya\u015fam: Sa\u011fl\u0131k verilerinizi analiz edin ve daha sa\u011fl\u0131kl\u0131 bir ya\u015fam s\u00fcrd\u00fcr\u00fcn.<\/p>\n","protected":false},"excerpt":{"rendered":"<p>\u00d6zellikler: Ultra AMOLED Ekran: Canl\u0131 ve net g\u00f6r\u00fcnt\u00fc sunan Ultra AMOLED ekran, her a\u00e7\u0131dan m\u00fckemmel bir g\u00f6r\u00fcnt\u00fc deneyimi sa\u011flar. 3. Nesil Y\u00fckseltme: Yeni nesil teknolojisi ile daha h\u0131zl\u0131 ve daha verimli bir performans sunar. Sa\u011fl\u0131k Takibi: Kalp at\u0131\u015f h\u0131z\u0131, uyku d\u00fczeni, ad\u0131m sayar ve daha fazlas\u0131n\u0131 izleyerek sa\u011fl\u0131\u011f\u0131n\u0131z\u0131 s\u00fcrekli takip edin. Bildirimler ve \u00c7a\u011fr\u0131lar: Mesajlar,&#8230;<\/p>\n","protected":false},"featured_media":113916,"comment_status":"open","ping_status":"closed","template":"","meta":{"_kad_post_transparent":"","_kad_post_title":"","_kad_post_layout":"","_kad_post_sidebar_id":"","_kad_post_content_style":"","_kad_post_vertical_padding":"","_kad_post_feature":"","_kad_post_feature_position":"","_kad_post_header":false,"_kad_post_footer":false,"_kad_post_classname":""},"product_brand":[],"product_cat":[14935],"product_tag":[],"class_list":{"0":"post-113917","1":"product","2":"type-product","3":"status-publish","4":"has-post-thumbnail","6":"product_cat-akilli-saatler-akilli-saatler","8":"first","9":"instock","10":"purchasable","11":"product-type-simple","12":"entry","13":"content-bg","14":"loop-entry"},"_links":{"self":[{"href":"https:\/\/www.hediyepazar.com\/index.php?rest_route=\/wp\/v2\/product\/113917","targetHints":{"allow":["GET"]}}],"collection":[{"href":"https:\/\/www.hediyepazar.com\/index.php?rest_route=\/wp\/v2\/product"}],"about":[{"href":"https:\/\/www.hediyepazar.com\/index.php?rest_route=\/wp\/v2\/types\/product"}],"replies":[{"embeddable":true,"href":"https:\/\/www.hediyepazar.com\/index.php?rest_route=%2Fwp%2Fv2%2Fcomments&post=113917"}],"wp:featuredmedia":[{"embeddable":true,"href":"https:\/\/www.hediyepazar.com\/index.php?rest_route=\/wp\/v2\/media\/113916"}],"wp:attachment":[{"href":"https:\/\/www.hediyepazar.com\/index.php?rest_route=%2Fwp%2Fv2%2Fmedia&parent=113917"}],"wp:term":[{"taxonomy":"product_brand","embeddable":true,"href":"https:\/\/www.hediyepazar.com\/index.php?rest_route=%2Fwp%2Fv2%2Fproduct_brand&post=113917"},{"taxonomy":"product_cat","embeddable":true,"href":"https:\/\/www.hediyepazar.com\/index.php?rest_route=%2Fwp%2Fv2%2Fproduct_cat&post=113917"},{"taxonomy":"product_tag","embeddable":true,"href":"https:\/\/www.hediyepazar.com\/index.php?rest_route=%2Fwp%2Fv2%2Fproduct_tag&post=113917"}],"curies":[{"name":"wp","href":"https:\/\/api.w.org\/{rel}","templated":true}]}}