{"id":113923,"date":"2026-05-05T12:02:06","date_gmt":"2026-05-05T15:02:06","guid":{"rendered":"https:\/\/www.hediyepazar.com\/?product=kh800-masaj-tabancasi"},"modified":"2026-05-05T12:02:06","modified_gmt":"2026-05-05T15:02:06","slug":"kh800-masaj-tabancasi","status":"publish","type":"product","link":"https:\/\/www.hediyepazar.com\/?product=kh800-masaj-tabancasi","title":{"rendered":"KH800 MASAJ TABANCASI"},"content":{"rendered":"<p>Kompakt ve ta\u015f\u0131nabilir yap\u0131s\u0131yla dikkat \u00e7eken bu masaj tabancas\u0131, profesyonel masaj salonlar\u0131n\u0131n sundu\u011fu rahatlamay\u0131 evinizde veya i\u015f yerinizde deneyimlemenizi sa\u011flar.Teknik \u00d6zellikler \tModel: Ba\u015fl\u0131kl\u0131 Mini Fascial Gun \tMotor G\u00fcc\u00fc: 20W \tH\u0131z Kademe Say\u0131s\u0131: 4 \tDarbe H\u0131z\u0131: 1800-3200 RPM \t\u015earj Edilebilir: Evet \tPil Kapasitesi: 2500mAh \t\u00c7al\u0131\u015fma S\u00fcresi: 6 saate kadar \t\u015earj S\u00fcresi: 3 saat \tA\u011f\u0131rl\u0131k: 800g \tBoyutlar: 180mm x 60mm x 220mm \tMalzeme: ABS Plastik ve Metal \tFonksiyonel Masaj Ba\u015fl\u0131\u011f\u0131: 4 farkl\u0131 masaj ba\u015fl\u0131\u011f\u0131 ile ihtiyac\u0131n\u0131za uygun masaj\u0131 sa\u011flar. \tModaya Uygun Tasar\u0131m: Modern ve \u015f\u0131k tasar\u0131m\u0131 ile her yerde rahatl\u0131kla kullanabilirsiniz. \tEGZERS\u0130ZLER\u0130 ARTIRIN: Egzersiz sonras\u0131 kaslar\u0131n toparlanmas\u0131na yard\u0131mc\u0131 olur. \tTeknik \u00d6zellikler G\u00fc\u00e7 y\u00f6ntemi: \u015earj edilebilir lityum pil \t\u015earj kablosu tipi: Type-C \tAnma gerilimi: 7.4V \tG\u00fc\u00e7 motoru: 24V \tAna malzeme: ABS \tKullan\u0131m ortam\u0131: -5-40\u00b0C \t\u00dcr\u00fcn boyutu: 13,2cm x 13,4cm x 4,6cm&nbsp;<\/p>\n","protected":false},"excerpt":{"rendered":"<p>Kompakt ve ta\u015f\u0131nabilir yap\u0131s\u0131yla dikkat \u00e7eken bu masaj tabancas\u0131, profesyonel masaj salonlar\u0131n\u0131n sundu\u011fu rahatlamay\u0131 evinizde veya i\u015f yerinizde deneyimlemenizi sa\u011flar.Teknik \u00d6zellikler Model: Ba\u015fl\u0131kl\u0131 Mini Fascial Gun Motor G\u00fcc\u00fc: 20W H\u0131z Kademe Say\u0131s\u0131: 4 Darbe H\u0131z\u0131: 1800-3200 RPM \u015earj Edilebilir: Evet Pil Kapasitesi: 2500mAh \u00c7al\u0131\u015fma S\u00fcresi: 6 saate kadar \u015earj S\u00fcresi: 3 saat A\u011f\u0131rl\u0131k: 800g Boyutlar:&#8230;<\/p>\n","protected":false},"featured_media":113922,"comment_status":"open","ping_status":"closed","template":"","meta":{"_kad_post_transparent":"","_kad_post_title":"","_kad_post_layout":"","_kad_post_sidebar_id":"","_kad_post_content_style":"","_kad_post_vertical_padding":"","_kad_post_feature":"","_kad_post_feature_position":"","_kad_post_header":false,"_kad_post_footer":false,"_kad_post_classname":""},"product_brand":[],"product_cat":[14939],"product_tag":[],"class_list":{"0":"post-113923","1":"product","2":"type-product","3":"status-publish","4":"has-post-thumbnail","6":"product_cat-masaj-cihazi-masaj-cihazi","8":"first","9":"instock","10":"purchasable","11":"product-type-simple","12":"entry","13":"content-bg","14":"loop-entry"},"_links":{"self":[{"href":"https:\/\/www.hediyepazar.com\/index.php?rest_route=\/wp\/v2\/product\/113923","targetHints":{"allow":["GET"]}}],"collection":[{"href":"https:\/\/www.hediyepazar.com\/index.php?rest_route=\/wp\/v2\/product"}],"about":[{"href":"https:\/\/www.hediyepazar.com\/index.php?rest_route=\/wp\/v2\/types\/product"}],"replies":[{"embeddable":true,"href":"https:\/\/www.hediyepazar.com\/index.php?rest_route=%2Fwp%2Fv2%2Fcomments&post=113923"}],"wp:featuredmedia":[{"embeddable":true,"href":"https:\/\/www.hediyepazar.com\/index.php?rest_route=\/wp\/v2\/media\/113922"}],"wp:attachment":[{"href":"https:\/\/www.hediyepazar.com\/index.php?rest_route=%2Fwp%2Fv2%2Fmedia&parent=113923"}],"wp:term":[{"taxonomy":"product_brand","embeddable":true,"href":"https:\/\/www.hediyepazar.com\/index.php?rest_route=%2Fwp%2Fv2%2Fproduct_brand&post=113923"},{"taxonomy":"product_cat","embeddable":true,"href":"https:\/\/www.hediyepazar.com\/index.php?rest_route=%2Fwp%2Fv2%2Fproduct_cat&post=113923"},{"taxonomy":"product_tag","embeddable":true,"href":"https:\/\/www.hediyepazar.com\/index.php?rest_route=%2Fwp%2Fv2%2Fproduct_tag&post=113923"}],"curies":[{"name":"wp","href":"https:\/\/api.w.org\/{rel}","templated":true}]}}