{"id":113925,"date":"2026-05-05T12:02:12","date_gmt":"2026-05-05T15:02:12","guid":{"rendered":"https:\/\/www.hediyepazar.com\/?product=ps-4-kol-2"},"modified":"2026-05-05T12:02:12","modified_gmt":"2026-05-05T15:02:12","slug":"ps-4-kol-2","status":"publish","type":"product","link":"https:\/\/www.hediyepazar.com\/?product=ps-4-kol-2","title":{"rendered":"PS 4 KOL"},"content":{"rendered":"<p>V2 T\u0130TRE\u015e\u0130ML\u0130 \tPS4 UYUMLU \tMOB\u0130LE UYUMLU \tTABLET UYUMLU \tNOTEBOOK UYUMLU \tLAPTOP UYUMLU \tMASA \u00dcST\u00dc PC UYUMLU \tSTEAM PLATFORM UYUMLU \tPS4 W\u0130RELES + KABLOLU KULLANIM SA\u011eLAR \tPS4 DI\u015eINDA D\u0130\u011eER C\u0130HAZLARA KABLOSUZ (BLUETOOTH) \u00dcZER\u0130NDEN UYUM SA\u011eLAR \u0130ZLEMEN\u0130Z GEREKEN ADIM \tORTA TU\u015e (PS) SOL \u00dcST TU\u015e (SHARE) HER \u0130K\u0130 TU\u015eA BERABER 3 SAN\u0130YE BASILI TUTARSANIZ C\u0130HAZ BLUETOOTH MODUNA GE\u00c7ECEKT\u0130R.&nbsp;\u00d6ZELL\u0130KLER\u0130: PlayStation 4 ile uyumluSe\u00e7enekler: Kablolu veya Kablosuz Titre\u015fim Analoglar ve d\u00fc\u011fmeler aray\u00fcz\u00fc Ergonomik dizayn Siyah renk.<\/p>\n","protected":false},"excerpt":{"rendered":"<p>V2 T\u0130TRE\u015e\u0130ML\u0130 PS4 UYUMLU MOB\u0130LE UYUMLU TABLET UYUMLU NOTEBOOK UYUMLU LAPTOP UYUMLU MASA \u00dcST\u00dc PC UYUMLU STEAM PLATFORM UYUMLU PS4 W\u0130RELES + KABLOLU KULLANIM SA\u011eLAR PS4 DI\u015eINDA D\u0130\u011eER C\u0130HAZLARA KABLOSUZ (BLUETOOTH) \u00dcZER\u0130NDEN UYUM SA\u011eLAR \u0130ZLEMEN\u0130Z GEREKEN ADIM ORTA TU\u015e (PS) SOL \u00dcST TU\u015e (SHARE) HER \u0130K\u0130 TU\u015eA BERABER 3 SAN\u0130YE BASILI TUTARSANIZ C\u0130HAZ BLUETOOTH MODUNA&#8230;<\/p>\n","protected":false},"featured_media":113924,"comment_status":"open","ping_status":"closed","template":"","meta":{"_kad_post_transparent":"","_kad_post_title":"","_kad_post_layout":"","_kad_post_sidebar_id":"","_kad_post_content_style":"","_kad_post_vertical_padding":"","_kad_post_feature":"","_kad_post_feature_position":"","_kad_post_header":false,"_kad_post_footer":false,"_kad_post_classname":""},"product_brand":[],"product_cat":[14961],"product_tag":[],"class_list":{"0":"post-113925","1":"product","2":"type-product","3":"status-publish","4":"has-post-thumbnail","6":"product_cat-oyun-konsolu-oyun-konsolu","8":"first","9":"instock","10":"purchasable","11":"product-type-simple","12":"entry","13":"content-bg","14":"loop-entry"},"_links":{"self":[{"href":"https:\/\/www.hediyepazar.com\/index.php?rest_route=\/wp\/v2\/product\/113925","targetHints":{"allow":["GET"]}}],"collection":[{"href":"https:\/\/www.hediyepazar.com\/index.php?rest_route=\/wp\/v2\/product"}],"about":[{"href":"https:\/\/www.hediyepazar.com\/index.php?rest_route=\/wp\/v2\/types\/product"}],"replies":[{"embeddable":true,"href":"https:\/\/www.hediyepazar.com\/index.php?rest_route=%2Fwp%2Fv2%2Fcomments&post=113925"}],"wp:featuredmedia":[{"embeddable":true,"href":"https:\/\/www.hediyepazar.com\/index.php?rest_route=\/wp\/v2\/media\/113924"}],"wp:attachment":[{"href":"https:\/\/www.hediyepazar.com\/index.php?rest_route=%2Fwp%2Fv2%2Fmedia&parent=113925"}],"wp:term":[{"taxonomy":"product_brand","embeddable":true,"href":"https:\/\/www.hediyepazar.com\/index.php?rest_route=%2Fwp%2Fv2%2Fproduct_brand&post=113925"},{"taxonomy":"product_cat","embeddable":true,"href":"https:\/\/www.hediyepazar.com\/index.php?rest_route=%2Fwp%2Fv2%2Fproduct_cat&post=113925"},{"taxonomy":"product_tag","embeddable":true,"href":"https:\/\/www.hediyepazar.com\/index.php?rest_route=%2Fwp%2Fv2%2Fproduct_tag&post=113925"}],"curies":[{"name":"wp","href":"https:\/\/api.w.org\/{rel}","templated":true}]}}