{"id":113929,"date":"2026-05-05T12:02:23","date_gmt":"2026-05-05T15:02:23","guid":{"rendered":"https:\/\/www.hediyepazar.com\/?product=f910-bluetooth-kulaklik-makarali-2"},"modified":"2026-05-05T12:02:23","modified_gmt":"2026-05-05T15:02:23","slug":"f910-bluetooth-kulaklik-makarali-2","status":"publish","type":"product","link":"https:\/\/www.hediyepazar.com\/?product=f910-bluetooth-kulaklik-makarali-2","title":{"rendered":"F910 Bluetooth Kulakl\u0131k Makaral\u0131"},"content":{"rendered":"<p>F910 Bluetooth Kulakl\u0131k Makaral\u0131Fineblue F910 Bluetooth Kulakl\u0131k Makaral\u0131, g\u00fcnl\u00fck ya\u015fam\u0131n\u0131z\u0131 kolayla\u015ft\u0131ran bir kablosuz ak\u0131ll\u0131 telefon aparat\u0131d\u0131r. Bluetooth \u00f6zelli\u011fi sayesinde en \u00e7ok tercih edilen \u00fcr\u00fcnler aras\u0131nda yer al\u0131r. \tSeyahat eden ve yo\u011fun telefon g\u00f6r\u00fc\u015fmeleri yapanlar i\u00e7in ideal olan bu kulakl\u0131k, hayat\u0131n\u0131z\u0131 kolayla\u015ft\u0131r\u0131r. Kullan\u0131m\u0131 son derece basit olan Bluetooth kulakl\u0131k, cihaz\u0131n\u0131z\u0131n kulakl\u0131k ve mikrofon seviyesini art\u0131rarak ileti\u015fim kalitenizi y\u00fckseltir. \tTelefonunuza dokunmadan g\u00f6r\u00fc\u015fmeler yapabilece\u011finiz ve m\u00fczik dinleyebilece\u011finiz Bluetooth kulakl\u0131k, pratik hafif tasar\u0131m\u0131 ile evde, ofiste veya ara\u00e7 kullan\u0131rken rahatl\u0131kla kullan\u0131labilir. \tT\u00fcm ak\u0131ll\u0131 telefon modelleri ile uyumlu olan bu kulakl\u0131kta pil \u00f6mr\u00fc ve bekleme s\u00fcresi gibi \u00f6nemli \u00f6zelliklere dikkat edilmelidir. Ayr\u0131ca, 2 telefonla ayn\u0131 anda e\u015fle\u015febilen kulakl\u0131klar da tercih edilebilir. \tFineblue F910 Bluetooth Kulakl\u0131k Makaral\u0131, 2 saatte \u015farj olabilen, 8 saat konu\u015fma s\u00fcresi, 150 saat bekleme s\u00fcresi ve 6 saat m\u00fczik dinleme s\u00fcresi sunar. Ayr\u0131ca, 10 metrelik \u00e7ekim mesafesi, m\u00fczik ve video deste\u011fi ile kullan\u0131c\u0131ya \u00fcst\u00fcn bir deneyim sunar. Evet, \u00fcr\u00fcn 3. parti uygulamalar\u0131 da destekler.<\/p>\n","protected":false},"excerpt":{"rendered":"<p>F910 Bluetooth Kulakl\u0131k Makaral\u0131Fineblue F910 Bluetooth Kulakl\u0131k Makaral\u0131, g\u00fcnl\u00fck ya\u015fam\u0131n\u0131z\u0131 kolayla\u015ft\u0131ran bir kablosuz ak\u0131ll\u0131 telefon aparat\u0131d\u0131r. Bluetooth \u00f6zelli\u011fi sayesinde en \u00e7ok tercih edilen \u00fcr\u00fcnler aras\u0131nda yer al\u0131r. Seyahat eden ve yo\u011fun telefon g\u00f6r\u00fc\u015fmeleri yapanlar i\u00e7in ideal olan bu kulakl\u0131k, hayat\u0131n\u0131z\u0131 kolayla\u015ft\u0131r\u0131r. Kullan\u0131m\u0131 son derece basit olan Bluetooth kulakl\u0131k, cihaz\u0131n\u0131z\u0131n kulakl\u0131k ve mikrofon seviyesini art\u0131rarak ileti\u015fim&#8230;<\/p>\n","protected":false},"featured_media":113928,"comment_status":"open","ping_status":"closed","template":"","meta":{"_kad_post_transparent":"","_kad_post_title":"","_kad_post_layout":"","_kad_post_sidebar_id":"","_kad_post_content_style":"","_kad_post_vertical_padding":"","_kad_post_feature":"","_kad_post_feature_position":"","_kad_post_header":false,"_kad_post_footer":false,"_kad_post_classname":""},"product_brand":[],"product_cat":[14957],"product_tag":[],"class_list":{"0":"post-113929","1":"product","2":"type-product","3":"status-publish","4":"has-post-thumbnail","6":"product_cat-kablosuz-kulaklik-kablosuz-kulaklik","8":"first","9":"instock","10":"purchasable","11":"product-type-simple","12":"entry","13":"content-bg","14":"loop-entry"},"_links":{"self":[{"href":"https:\/\/www.hediyepazar.com\/index.php?rest_route=\/wp\/v2\/product\/113929","targetHints":{"allow":["GET"]}}],"collection":[{"href":"https:\/\/www.hediyepazar.com\/index.php?rest_route=\/wp\/v2\/product"}],"about":[{"href":"https:\/\/www.hediyepazar.com\/index.php?rest_route=\/wp\/v2\/types\/product"}],"replies":[{"embeddable":true,"href":"https:\/\/www.hediyepazar.com\/index.php?rest_route=%2Fwp%2Fv2%2Fcomments&post=113929"}],"wp:featuredmedia":[{"embeddable":true,"href":"https:\/\/www.hediyepazar.com\/index.php?rest_route=\/wp\/v2\/media\/113928"}],"wp:attachment":[{"href":"https:\/\/www.hediyepazar.com\/index.php?rest_route=%2Fwp%2Fv2%2Fmedia&parent=113929"}],"wp:term":[{"taxonomy":"product_brand","embeddable":true,"href":"https:\/\/www.hediyepazar.com\/index.php?rest_route=%2Fwp%2Fv2%2Fproduct_brand&post=113929"},{"taxonomy":"product_cat","embeddable":true,"href":"https:\/\/www.hediyepazar.com\/index.php?rest_route=%2Fwp%2Fv2%2Fproduct_cat&post=113929"},{"taxonomy":"product_tag","embeddable":true,"href":"https:\/\/www.hediyepazar.com\/index.php?rest_route=%2Fwp%2Fv2%2Fproduct_tag&post=113929"}],"curies":[{"name":"wp","href":"https:\/\/api.w.org\/{rel}","templated":true}]}}