{"id":113931,"date":"2026-05-05T12:02:28","date_gmt":"2026-05-05T15:02:28","guid":{"rendered":"https:\/\/www.hediyepazar.com\/?product=watch-8-ultra-7-kordonlu-akilli-saat"},"modified":"2026-05-05T12:02:28","modified_gmt":"2026-05-05T15:02:28","slug":"watch-8-ultra-7-kordonlu-akilli-saat","status":"publish","type":"product","link":"https:\/\/www.hediyepazar.com\/?product=watch-8-ultra-7-kordonlu-akilli-saat","title":{"rendered":"Watch 8 Ultra 7 Kordonlu Ak\u0131ll\u0131 Saat"},"content":{"rendered":"<p>Sesli \u00e7a\u011fr\u0131 yan\u0131tlama\/konu\u015fma \tBildirimleri anl\u0131k takip etme \tKilit ekran\u0131 \t\u00c7ift hoparl\u00f6r \t2,05 Inch IPS \u00e7er\u00e7evesiz tasar\u0131m ekran \tY\u00fcksek \u00e7\u00f6z\u00fcn\u00fcrl\u00fckl\u00fc duvar ka\u011f\u0131tlar\u0131 \t4 Farkl\u0131 UI Men\u00fcs\u00fc \t \t\u00c7ift hoparl\u00f6r ve y\u00fcksek kalite mikrofon \tSesli \u00e7a\u011fr\u0131 \u00f6zelli\u011fi \tSpor modlar\u0131 ve kolay eri\u015fim tu\u015fu \tAyarlanabilir ekran parlakl\u0131\u011f\u0131 \tKronometre \tSes ve titre\u015fim y\u00fcksekli\u011fini ayarlayabilme \tS\u00fcrekli g\u00fcncel hava durumu \tRahats\u0131z etmeyin modu \tSa\u011fl\u0131k Hat\u0131rlat\u0131c\u0131lar\u0131 (Su i\u00e7me hat\u0131rlat\u0131c\u0131s\u0131, hareketsizlik hat\u0131rlat\u0131c\u0131s\u0131, ad\u0131msayar, egzersiz hat\u0131rlat\u0131c\u0131s\u0131, kitap okuma hat\u0131rlat\u0131c\u0131s\u0131, gezi hat\u0131rlat\u0131c\u0131s\u0131) \tEnerji tasarruf modu \tArt\u0131r\u0131lm\u0131\u015f g\u00fcvenlik (Parola belirleyebilme) \tApp in app (K\u0131sa video uzaktan kumanda, v\u00fccut \u0131s\u0131s\u0131 \u00f6l\u00e7me, nefes h\u0131z\u0131 \u00f6l\u00e7me, kan \u015fekeri \u00f6l\u00e7me) \tBarometre \tAd\u0131msayar (Yak\u0131lan kcal, S\u00fcre, Mesafe) \tHesap Makinesi \tKalp ritmi \u00f6l\u00e7me \tOksijen sat\u00fcrasyonu \u00f6l\u00e7me<\/p>\n","protected":false},"excerpt":{"rendered":"<p>Sesli \u00e7a\u011fr\u0131 yan\u0131tlama\/konu\u015fma Bildirimleri anl\u0131k takip etme Kilit ekran\u0131 \u00c7ift hoparl\u00f6r 2,05 Inch IPS \u00e7er\u00e7evesiz tasar\u0131m ekran Y\u00fcksek \u00e7\u00f6z\u00fcn\u00fcrl\u00fckl\u00fc duvar ka\u011f\u0131tlar\u0131 4 Farkl\u0131 UI Men\u00fcs\u00fc \u00c7ift hoparl\u00f6r ve y\u00fcksek kalite mikrofon Sesli \u00e7a\u011fr\u0131 \u00f6zelli\u011fi Spor modlar\u0131 ve kolay eri\u015fim tu\u015fu Ayarlanabilir ekran parlakl\u0131\u011f\u0131 Kronometre Ses ve titre\u015fim y\u00fcksekli\u011fini ayarlayabilme S\u00fcrekli g\u00fcncel hava durumu Rahats\u0131z etmeyin&#8230;<\/p>\n","protected":false},"featured_media":113930,"comment_status":"open","ping_status":"closed","template":"","meta":{"_kad_post_transparent":"","_kad_post_title":"","_kad_post_layout":"","_kad_post_sidebar_id":"","_kad_post_content_style":"","_kad_post_vertical_padding":"","_kad_post_feature":"","_kad_post_feature_position":"","_kad_post_header":false,"_kad_post_footer":false,"_kad_post_classname":""},"product_brand":[],"product_cat":[14935],"product_tag":[],"class_list":{"0":"post-113931","1":"product","2":"type-product","3":"status-publish","4":"has-post-thumbnail","6":"product_cat-akilli-saatler-akilli-saatler","8":"first","9":"instock","10":"purchasable","11":"product-type-simple","12":"entry","13":"content-bg","14":"loop-entry"},"_links":{"self":[{"href":"https:\/\/www.hediyepazar.com\/index.php?rest_route=\/wp\/v2\/product\/113931","targetHints":{"allow":["GET"]}}],"collection":[{"href":"https:\/\/www.hediyepazar.com\/index.php?rest_route=\/wp\/v2\/product"}],"about":[{"href":"https:\/\/www.hediyepazar.com\/index.php?rest_route=\/wp\/v2\/types\/product"}],"replies":[{"embeddable":true,"href":"https:\/\/www.hediyepazar.com\/index.php?rest_route=%2Fwp%2Fv2%2Fcomments&post=113931"}],"wp:featuredmedia":[{"embeddable":true,"href":"https:\/\/www.hediyepazar.com\/index.php?rest_route=\/wp\/v2\/media\/113930"}],"wp:attachment":[{"href":"https:\/\/www.hediyepazar.com\/index.php?rest_route=%2Fwp%2Fv2%2Fmedia&parent=113931"}],"wp:term":[{"taxonomy":"product_brand","embeddable":true,"href":"https:\/\/www.hediyepazar.com\/index.php?rest_route=%2Fwp%2Fv2%2Fproduct_brand&post=113931"},{"taxonomy":"product_cat","embeddable":true,"href":"https:\/\/www.hediyepazar.com\/index.php?rest_route=%2Fwp%2Fv2%2Fproduct_cat&post=113931"},{"taxonomy":"product_tag","embeddable":true,"href":"https:\/\/www.hediyepazar.com\/index.php?rest_route=%2Fwp%2Fv2%2Fproduct_tag&post=113931"}],"curies":[{"name":"wp","href":"https:\/\/api.w.org\/{rel}","templated":true}]}}